{"id":214,"date":"2019-11-15T17:34:54","date_gmt":"2019-11-15T16:34:54","guid":{"rendered":"https:\/\/hr6vj3bsnln.preview.infomaniak.website\/veveyse\/?page_id=214"},"modified":"2025-10-15T10:28:53","modified_gmt":"2025-10-15T08:28:53","slug":"contact","status":"publish","type":"page","link":"https:\/\/accueildejour.ch\/veveyse\/contact\/","title":{"rendered":"Contact"},"content":{"rendered":"<div id='av_section_1'  class='avia-section av-mvxcd-61983ddb7020e3f42d47a1551719a640 main_color avia-section-default avia-no-border-styling  avia-builder-el-0  avia-builder-el-no-sibling  avia-bg-style-scroll container_wrap fullsize'  ><div class='container av-section-cont-open' ><main  class='template-page content  av-content-full alpha units'><div class='post-entry post-entry-type-page post-entry-214'><div class='entry-content-wrapper clearfix'>\n\n<style type=\"text\/css\" data-created_by=\"avia_inline_auto\" id=\"style-css-av-agtr2-4600e078c6721408bd775b821ecf70f6\">\n#top .av-special-heading.av-agtr2-4600e078c6721408bd775b821ecf70f6{\npadding-bottom:10px;\n}\nbody .av-special-heading.av-agtr2-4600e078c6721408bd775b821ecf70f6 .av-special-heading-tag .heading-char{\nfont-size:25px;\n}\n.av-special-heading.av-agtr2-4600e078c6721408bd775b821ecf70f6 .av-subheading{\nfont-size:15px;\n}\n<\/style>\n<div  class='av-special-heading av-agtr2-4600e078c6721408bd775b821ecf70f6 av-special-heading-h1 blockquote modern-quote  avia-builder-el-1  el_before_av_two_third  avia-builder-el-first '><h1 class='av-special-heading-tag'  >Nous contacter<\/h1><div class=\"special-heading-border\"><div class=\"special-heading-inner-border\"><\/div><\/div><\/div>\n\n<style type=\"text\/css\" data-created_by=\"avia_inline_auto\" id=\"style-css-av-7e86l-2fae34a1df6df89a2bea4d1f1b64717b\">\n.flex_column.av-7e86l-2fae34a1df6df89a2bea4d1f1b64717b{\nborder-radius:0px 0px 0px 0px;\n-webkit-border-radius:0px 0px 0px 0px;\n-moz-border-radius:0px 0px 0px 0px;\n}\n<\/style>\n<div class='flex_column av-7e86l-2fae34a1df6df89a2bea4d1f1b64717b av_two_third  avia-builder-el-2  el_after_av_heading  el_before_av_two_third  first flex_column_div av-zero-column-padding '   ><section  class='av_textblock_section av-k2xhrlzc-505a710af023b1b52bec7ee04d68d7a0' ><div class='avia_textblock' ><p>Vous souhaitez proposer vos services en tant qu&rsquo;accueillante ou aimeriez plus d&rsquo;informations ?<\/p>\n<p>N&rsquo;h\u00e9sitez pas \u00e0 nous \u00e9crire !<\/p>\n<\/div><\/section><\/div>\n<style type=\"text\/css\" data-created_by=\"avia_inline_auto\" id=\"style-css-av-ganod-5246665ce531744c28692c47afc4dd13\">\n.flex_column.av-ganod-5246665ce531744c28692c47afc4dd13{\nborder-radius:0px 0px 0px 0px;\n-webkit-border-radius:0px 0px 0px 0px;\n-moz-border-radius:0px 0px 0px 0px;\n}\n<\/style>\n<div class='flex_column av-ganod-5246665ce531744c28692c47afc4dd13 av_two_third  avia-builder-el-4  el_after_av_two_third  el_before_av_one_third  first flex_column_div av-zero-column-padding column-top-margin'   ><form action=\"https:\/\/accueildejour.ch\/veveyse\/contact\/\" method=\"post\"  class=\"avia_ajax_form av-form-labels-visible   avia-builder-el-5  avia-builder-el-no-sibling   \" data-avia-form-id=\"1\" data-avia-redirect='' ><fieldset><p class='  first_form  form_element form_element_half' id='element_avia_1_1'><label for=\"avia_1_1\">Nom <abbr class=\"required\" title=\"requis(e)\">*<\/abbr><\/label> <input name=\"avia_1_1\" class=\"text_input is_empty\" type=\"text\" id=\"avia_1_1\" value=\"\" \/><\/p><p class='  form_element form_element_half' id='element_avia_2_1'><label for=\"avia_2_1\">Pr\u00e9nom <abbr class=\"required\" title=\"requis(e)\">*<\/abbr><\/label> <input name=\"avia_2_1\" class=\"text_input is_empty\" type=\"text\" id=\"avia_2_1\" value=\"\" \/><\/p><p class='  first_form  form_element form_fullwidth' id='element_avia_3_1'><label for=\"avia_3_1\">Adresse <abbr class=\"required\" title=\"requis(e)\">*<\/abbr><\/label> <input name=\"avia_3_1\" class=\"text_input is_empty\" type=\"text\" id=\"avia_3_1\" value=\"\" \/><\/p><p class='  first_form  form_element form_element_third' id='element_avia_4_1'><label for=\"avia_4_1\">NPA <abbr class=\"required\" title=\"requis(e)\">*<\/abbr><\/label> <input name=\"avia_4_1\" class=\"text_input is_empty\" type=\"text\" id=\"avia_4_1\" value=\"\" \/><\/p><p class='  form_element form_element_two_third' id='element_avia_5_1'><label for=\"avia_5_1\">Lieu <abbr class=\"required\" title=\"requis(e)\">*<\/abbr><\/label> <input name=\"avia_5_1\" class=\"text_input is_empty\" type=\"text\" id=\"avia_5_1\" value=\"\" \/><\/p><p class='  first_form  form_element form_element_half' id='element_avia_6_1'><label for=\"avia_6_1\">Adresse mail <abbr class=\"required\" title=\"requis(e)\">*<\/abbr><\/label> <input name=\"avia_6_1\" class=\"text_input is_email\" type=\"text\" id=\"avia_6_1\" value=\"\" \/><\/p><p class='  form_element form_element_half' id='element_avia_7_1'><label for=\"avia_7_1\">T\u00e9l\u00e9phone\/Natel <abbr class=\"required\" title=\"requis(e)\">*<\/abbr><\/label> <input name=\"avia_7_1\" class=\"text_input is_empty\" type=\"text\" id=\"avia_7_1\" value=\"\" \/><\/p><div id='avia_8_1' class='av-form-text'><p>\nObjet de votre demande :<\/p>\n<\/div><p class='  first_form  form_element form_element_half' id='element_avia_9_1'><input  name=\"avia_9_1\" class=\"input_checkbox \" type=\"checkbox\" id=\"avia_9_1\" value=\"true\"\/><label class=\"input_checkbox_label\" for=\"avia_9_1\">Accueillir un (des) enfant(s)<\/label><\/p><p class='  form_element form_element_fourth' id='element_avia_10_1'><label for=\"avia_10_1\">Nbre d\u2019enfants :<\/label> <input name=\"avia_10_1\" class=\"text_input \" type=\"text\" id=\"avia_10_1\" value=\"\" \/><\/p><p class='  first_form  form_element form_element_half' id='element_avia_11_1'><input  name=\"avia_11_1\" class=\"input_checkbox \" type=\"checkbox\" id=\"avia_11_1\" value=\"true\"\/><label class=\"input_checkbox_label\" for=\"avia_11_1\">Placer un (des) enfant(s)<\/label><\/p><p class='  first_form  form_element form_fullwidth' id='element_avia_12_1'><label for=\"avia_12_1\" class=\"textare_label hidden textare_label_avia_12_1\">Message <abbr class=\"required\" title=\"requis(e)\">*<\/abbr><\/label><textarea  name=\"avia_12_1\" class=\"text_area is_empty\" cols=\"40\" rows=\"7\" id=\"avia_12_1\" ><\/textarea><\/p><p class=\"hidden\"><input type=\"text\" name=\"avia_13_1\" class=\"hidden \" id=\"avia_13_1\" value=\"\" \/><\/p><p class='   form_element form_fullwidth' id='element_avia_14_1'><span class='value_verifier_label'>3 + 1 = ?<\/span><input name=\"avia_14_1_verifier\" type=\"hidden\" id=\"avia_14_1_verifier\" value=\"745423473\"\/><label for=\"avia_14_1\">Merci de prouver que vous \u00eates un humain en donnant le r\u00e9sultat de cette op\u00e9ration <abbr class=\"required\" title=\"requis(e)\">*<\/abbr><\/label><input name=\"avia_14_1\" class=\"text_input captcha\" type=\"text\" id=\"avia_14_1\" value=\"\"\/><\/p><p class=\"form_element \"><input type=\"hidden\" value=\"1\" name=\"avia_generated_form1\" \/><input type=\"submit\" value=\"Envoyer\" class=\"button\"  data-sending-label=\"Envoi\"\/><\/p><\/fieldset><\/form><div id=\"ajaxresponse_1\" class=\"ajaxresponse ajaxresponse_1 hidden\"><\/div><\/div>\n<style type=\"text\/css\" data-created_by=\"avia_inline_auto\" id=\"style-css-av-7e86l-2-9b3d925e910270864a3bd4fd5ebaddf0\">\n.flex_column.av-7e86l-2-9b3d925e910270864a3bd4fd5ebaddf0{\nborder-radius:0px 0px 0px 0px;\n-webkit-border-radius:0px 0px 0px 0px;\n-moz-border-radius:0px 0px 0px 0px;\n}\n<\/style>\n<div class='flex_column av-7e86l-2-9b3d925e910270864a3bd4fd5ebaddf0 av_one_third  avia-builder-el-6  el_after_av_two_third  avia-builder-el-last  flex_column_div av-zero-column-padding column-top-margin'   ><section  class='av_textblock_section av-k2xhrlzc-1-f1eccc02f55ff66bfec5882dd681099e' ><div class='avia_textblock' ><p><strong>Association d&rsquo;Accueil <\/strong><br \/>\n<strong>Familial de Jour de la Veveyse<\/strong><\/p>\n<p>Chemin du Clos 3<br \/>\n1616 Attalens<\/p>\n<p>info@afjv.ch<\/p>\n<\/div><\/section><\/div>\n","protected":false},"excerpt":{"rendered":"","protected":false},"author":1,"featured_media":0,"parent":0,"menu_order":0,"comment_status":"closed","ping_status":"closed","template":"","meta":{"wp_mapbox_gl_js_media":[],"footnotes":""},"class_list":["post-214","page","type-page","status-publish","hentry"],"_links":{"self":[{"href":"https:\/\/accueildejour.ch\/veveyse\/wp-json\/wp\/v2\/pages\/214","targetHints":{"allow":["GET"]}}],"collection":[{"href":"https:\/\/accueildejour.ch\/veveyse\/wp-json\/wp\/v2\/pages"}],"about":[{"href":"https:\/\/accueildejour.ch\/veveyse\/wp-json\/wp\/v2\/types\/page"}],"author":[{"embeddable":true,"href":"https:\/\/accueildejour.ch\/veveyse\/wp-json\/wp\/v2\/users\/1"}],"replies":[{"embeddable":true,"href":"https:\/\/accueildejour.ch\/veveyse\/wp-json\/wp\/v2\/comments?post=214"}],"version-history":[{"count":15,"href":"https:\/\/accueildejour.ch\/veveyse\/wp-json\/wp\/v2\/pages\/214\/revisions"}],"predecessor-version":[{"id":3038,"href":"https:\/\/accueildejour.ch\/veveyse\/wp-json\/wp\/v2\/pages\/214\/revisions\/3038"}],"wp:attachment":[{"href":"https:\/\/accueildejour.ch\/veveyse\/wp-json\/wp\/v2\/media?parent=214"}],"curies":[{"name":"wp","href":"https:\/\/api.w.org\/{rel}","templated":true}]}}