{"id":156,"date":"2019-11-15T15:19:53","date_gmt":"2019-11-15T14:19:53","guid":{"rendered":"https:\/\/hr6vj3bsnln.preview.infomaniak.website\/veveyse\/?page_id=156"},"modified":"2026-01-22T14:53:03","modified_gmt":"2026-01-22T13:53:03","slug":"qui-sommes-nous","status":"publish","type":"page","link":"https:\/\/accueildejour.ch\/veveyse\/qui-sommes-nous\/","title":{"rendered":"Qui sommes-nous?"},"content":{"rendered":"<div id='full_slider_1'  class='avia-fullwidth-slider main_color avia-shadow   avia-builder-el-0  el_before_av_section  avia-builder-el-first   container_wrap fullsize'  ><div  class='avia-slideshow av-k34gqcfy-47631cc30dc4cc47836884cc18e9b627 av-control-hidden avia-slideshow-no scaling av_slideshow_full avia-fade-slider av-default-height-applied   avia-slideshow-1'  data-size='no scaling'  data-lightbox_size='large'  data-animation='fade'  data-conditional_play=''  data-ids='526'  data-video_counter='0'  data-autoplay='false'  data-bg_slider='false'  data-slide_height=''  data-handle='av_slideshow_full'  data-interval='5'  data-class=''  data-extra_class=' '  data-el_id=''  data-css_id=''  data-scroll_down=''  data-control_layout='av-control-hidden'  data-custom_markup=''  data-perma_caption=''  data-autoplay_stopper=''  data-image_attachment=''  data-min_height='0px'  data-lazy_loading='disabled'  data-default-height='16'  data-stretch=''  data-src=''  data-position='top left'  data-repeat='no-repeat'  data-attach='scroll'  data-img_scrset=''  data-av-desktop-hide=''  data-av-medium-hide=''  data-av-small-hide=''  data-av-mini-hide=''  data-id=''  data-custom_class=''  data-template_class=''  data-av_uid='av-k34gqcfy'  data-sc_version='1.0'  data-heading_tag=''  data-heading_class=''  ><ul class='avia-slideshow-inner ' style='padding-bottom: 16%;'><li  class='avia-slideshow-slide av-k34gqcfy-47631cc30dc4cc47836884cc18e9b627__0  av-single-slide slide-1 ' ><div data-rel='slideshow-1' class='avia-slide-wrap '   ><img decoding=\"async\" class=\"wp-image-526 avia-img-lazy-loading-not-526\"  src=\"https:\/\/accueildejour.ch\/wp-content\/uploads\/sites\/3\/2019\/11\/head-veveyse-1.jpg\" width=\"1500\" height=\"240\" title='head-veveyse' alt='' srcset=\"https:\/\/accueildejour.ch\/wp-content\/uploads\/sites\/3\/2019\/11\/head-veveyse-1.jpg 1500w, https:\/\/accueildejour.ch\/wp-content\/uploads\/sites\/3\/2019\/11\/head-veveyse-1-300x48.jpg 300w, https:\/\/accueildejour.ch\/wp-content\/uploads\/sites\/3\/2019\/11\/head-veveyse-1-768x123.jpg 768w, https:\/\/accueildejour.ch\/wp-content\/uploads\/sites\/3\/2019\/11\/head-veveyse-1-1030x165.jpg 1030w, https:\/\/accueildejour.ch\/wp-content\/uploads\/sites\/3\/2019\/11\/head-veveyse-1-705x113.jpg 705w\" sizes=\"(max-width: 1500px) 100vw, 1500px\" \/><div class='av-section-color-overlay' style='opacity: 0.4; background-color: #ffffff; '><\/div><\/div><\/li><\/ul><\/div><\/div>\n<div id='av_section_1'  class='avia-section av-mvxcd-61983ddb7020e3f42d47a1551719a640 main_color avia-section-default avia-no-border-styling  avia-builder-el-1  el_after_av_slideshow_full  avia-builder-el-last  avia-bg-style-scroll container_wrap fullsize'  ><div class='container av-section-cont-open' ><div class='template-page content  av-content-full alpha units'><div class='post-entry post-entry-type-page post-entry-156'><div class='entry-content-wrapper clearfix'>\n\n<style type=\"text\/css\" data-created_by=\"avia_inline_auto\" id=\"style-css-av-s7oxo-ce19f4bdb84c27fc2b2a46141d0bf2e2\">\n#top .av-special-heading.av-s7oxo-ce19f4bdb84c27fc2b2a46141d0bf2e2{\npadding-bottom:10px;\n}\nbody .av-special-heading.av-s7oxo-ce19f4bdb84c27fc2b2a46141d0bf2e2 .av-special-heading-tag .heading-char{\nfont-size:25px;\n}\n.av-special-heading.av-s7oxo-ce19f4bdb84c27fc2b2a46141d0bf2e2 .av-subheading{\nfont-size:15px;\n}\n<\/style>\n<div  class='av-special-heading av-s7oxo-ce19f4bdb84c27fc2b2a46141d0bf2e2 av-special-heading-h1 blockquote modern-quote  avia-builder-el-2  el_before_av_one_half  avia-builder-el-first '><h1 class='av-special-heading-tag'  >Qui sommes-nous?<\/h1><div class=\"special-heading-border\"><div class=\"special-heading-inner-border\"><\/div><\/div><\/div>\n\n<style type=\"text\/css\" data-created_by=\"avia_inline_auto\" id=\"style-css-av-ganod-5246665ce531744c28692c47afc4dd13\">\n.flex_column.av-ganod-5246665ce531744c28692c47afc4dd13{\nborder-radius:0px 0px 0px 0px;\n-webkit-border-radius:0px 0px 0px 0px;\n-moz-border-radius:0px 0px 0px 0px;\n}\n<\/style>\n<div class='flex_column av-ganod-5246665ce531744c28692c47afc4dd13 av_one_half  avia-builder-el-3  el_after_av_heading  el_before_av_one_half  first flex_column_div av-zero-column-padding '   ><section  class='av_textblock_section av-k2xhrlzc-505a710af023b1b52bec7ee04d68d7a0' ><div class='avia_textblock' ><section class=\"av_textblock_section \">Fond\u00e9e en 1991, l\u2019Association d\u2019accueil familial de jour du district de la Veveyse a pour but de mettre \u00e0 disposition des parents et des communes une structure d\u2019accueil familial \u00e0 la journ\u00e9e. L\u2019Association est d\u2019utilit\u00e9 publique et \u00e0 but non lucratif.<br \/>\nLe si\u00e8ge est \u00e0 Attalens.<\/section>\n<section><\/section>\n<\/div><\/section><br \/>\n<div  class='avia-button-wrap avia-button-left  avia-builder-el-5  el_after_av_textblock  avia-builder-el-last ' ><a href='https:\/\/accueildejour.ch\/veveyse\/documents-liens\/'  class='avia-button av-ktv9fwk8-f525bfdc453b71a11f6892e5c0be1aa5 avia-icon_select-no avia-size-small avia-position-left avia-color-theme-color' ><span class='avia_iconbox_title' >Statuts<\/span><\/a><\/div><\/p><\/div>\n<style type=\"text\/css\" data-created_by=\"avia_inline_auto\" id=\"style-css-av-ganod-5-456b80b165db9d67d986d64253824903\">\n.flex_column.av-ganod-5-456b80b165db9d67d986d64253824903{\nborder-radius:0px 0px 0px 0px;\n-webkit-border-radius:0px 0px 0px 0px;\n-moz-border-radius:0px 0px 0px 0px;\n}\n<\/style>\n<div class='flex_column av-ganod-5-456b80b165db9d67d986d64253824903 av_one_half  avia-builder-el-6  el_after_av_one_half  el_before_av_one_half  flex_column_div av-zero-column-padding '   ><section  class='av_textblock_section av-k2xhrlzc-4-013d697d5884cd97359950dc4b0880a4' ><div class='avia_textblock' ><section><\/section>\n<section class=\"av_textblock_section \">L\u2019Association informe des modalit\u00e9s, organise et accompagne l\u2019accueil d&rsquo;enfants d\u00e8s 3 mois et jusqu\u2019\u00e0 la fin de l\u2019\u00e9cole primaire (8H) au domicile d\u2019une accueillante.<br \/>\nL\u2019Association est compos\u00e9e d\u2019une assembl\u00e9e g\u00e9n\u00e9rale (membres individuels et collectifs) et d\u2019un comit\u00e9.<\/section>\n<\/div><\/section><\/div>\n<style type=\"text\/css\" data-created_by=\"avia_inline_auto\" id=\"style-css-av-7e86l-2fae34a1df6df89a2bea4d1f1b64717b\">\n.flex_column.av-7e86l-2fae34a1df6df89a2bea4d1f1b64717b{\nborder-radius:0px 0px 0px 0px;\n-webkit-border-radius:0px 0px 0px 0px;\n-moz-border-radius:0px 0px 0px 0px;\n}\n<\/style>\n<div class='flex_column av-7e86l-2fae34a1df6df89a2bea4d1f1b64717b av_one_half  avia-builder-el-8  el_after_av_one_half  el_before_av_one_half  first flex_column_div av-zero-column-padding column-top-margin'   ><p>\n<style type=\"text\/css\" data-created_by=\"avia_inline_auto\" id=\"style-css-av-lfeyc-f2893a06a6931d91ebab56cb3d946a57\">\n#top .av-special-heading.av-lfeyc-f2893a06a6931d91ebab56cb3d946a57{\npadding-bottom:10px;\n}\nbody .av-special-heading.av-lfeyc-f2893a06a6931d91ebab56cb3d946a57 .av-special-heading-tag .heading-char{\nfont-size:25px;\n}\n.av-special-heading.av-lfeyc-f2893a06a6931d91ebab56cb3d946a57 .av-subheading{\nfont-size:15px;\n}\n<\/style>\n<div  class='av-special-heading av-lfeyc-f2893a06a6931d91ebab56cb3d946a57 av-special-heading-h3 blockquote modern-quote  avia-builder-el-9  el_before_av_textblock  avia-builder-el-first  av-linked-heading'><h3 class='av-special-heading-tag'  >Comit\u00e9<\/h3><div class=\"special-heading-border\"><div class=\"special-heading-inner-border\"><\/div><\/div><\/div><br \/>\n<section  class='av_textblock_section av-k2xhrlzc-3-5cfe962aa9f9ac18003f29df06f01f11' ><div class='avia_textblock' ><p><audio class=\"audio-for-speech\"><\/audio><\/p>\n<div class=\"translate-tooltip-mtz hidden\">\n<div class=\"header\">\n<div class=\"header-controls\"><\/div>\n<div class=\"translate-icons\"><img class=\"from\" \/> <img decoding=\"async\" class=\"arrow\" src=\"\/\/gafjimepaiecpbmbmgaefokbekhoecaj\/images\/right-arrow.png\" \/><\/div>\n<\/div>\n<div class=\"translated-text\">\n<div class=\"words\"><\/div>\n<div class=\"sentences\"><\/div>\n<\/div>\n<\/div>\n<p>Annelore KLEIJER | Pr\u00e9sidente<\/p>\n<p>Claudia DOUGOUD | Vice-Pr\u00e9sidente &#8211; Commune Le Flon<\/p>\n<p>Daniel FIGINI | Commune Ch\u00e2tel-St-Denis<\/p>\n<p>Paul KONAN | Commune Remaufens<\/p>\n<p>M\u00e9lanie MORIGGIA | Parent pla\u00e7ant<\/p>\n<p>Jessica SILVA | Membre<\/p>\n<\/div><\/section><\/p><\/div>\n<style type=\"text\/css\" data-created_by=\"avia_inline_auto\" id=\"style-css-av-7e86l-2-9b3d925e910270864a3bd4fd5ebaddf0\">\n.flex_column.av-7e86l-2-9b3d925e910270864a3bd4fd5ebaddf0{\nborder-radius:0px 0px 0px 0px;\n-webkit-border-radius:0px 0px 0px 0px;\n-moz-border-radius:0px 0px 0px 0px;\n}\n<\/style>\n<div class='flex_column av-7e86l-2-9b3d925e910270864a3bd4fd5ebaddf0 av_one_half  avia-builder-el-11  el_after_av_one_half  el_before_av_hr  flex_column_div av-zero-column-padding column-top-margin'   ><p>\n<style type=\"text\/css\" data-created_by=\"avia_inline_auto\" id=\"style-css-av-1ks3o-fadad373ce35c42b97f3b49832e1ec26\">\n#top .av-special-heading.av-1ks3o-fadad373ce35c42b97f3b49832e1ec26{\npadding-bottom:10px;\n}\nbody .av-special-heading.av-1ks3o-fadad373ce35c42b97f3b49832e1ec26 .av-special-heading-tag .heading-char{\nfont-size:25px;\n}\n.av-special-heading.av-1ks3o-fadad373ce35c42b97f3b49832e1ec26 .av-subheading{\nfont-size:15px;\n}\n<\/style>\n<div  class='av-special-heading av-1ks3o-fadad373ce35c42b97f3b49832e1ec26 av-special-heading-h3 blockquote modern-quote  avia-builder-el-12  el_before_av_textblock  avia-builder-el-first '><h3 class='av-special-heading-tag'  >Administration et Coordination<\/h3><div class=\"special-heading-border\"><div class=\"special-heading-inner-border\"><\/div><\/div><\/div><br \/>\n<section  class='av_textblock_section av-k2xhrlzc-1-f1eccc02f55ff66bfec5882dd681099e' ><div class='avia_textblock' ><p><audio class=\"audio-for-speech\"><\/audio><\/p>\n<div class=\"translate-tooltip-mtz hidden\">\n<div class=\"header\">\n<div class=\"header-controls\"><\/div>\n<div class=\"translate-icons\"><img class=\"from\" \/> <img decoding=\"async\" class=\"arrow\" src=\"\/\/gafjimepaiecpbmbmgaefokbekhoecaj\/images\/right-arrow.png\" \/> <img class=\"to\" \/><\/div>\n<\/div>\n<div class=\"translated-text\">\n<div class=\"words\"><\/div>\n<div class=\"sentences\"><\/div>\n<\/div>\n<\/div>\n<p>Laeticia GLIOTTONE | Directrice<\/p>\n<p>Am\u00e9lie CAVIN | Coordinatrice<\/p>\n<p>Mireille JORDAN | Coordinatrice<\/p>\n<p>B\u00e9atrice STUBY | Secr\u00e9taire<\/p>\n<\/div><\/section><br \/>\n<div  class='avia-button-wrap avia-button-left  avia-builder-el-14  el_after_av_textblock  avia-builder-el-last ' ><a href='https:\/\/accueildejour.ch\/veveyse\/acces-horaires\/'  class='avia-button av-k44a1p7h-51810677977aad0a443bba4641d6169e avia-icon_select-no avia-size-medium avia-position-left avia-color-theme-color' ><span class='avia_iconbox_title' >Nous contacter<\/span><\/a><\/div><\/p><\/div><div  class='hr av-vaf1o-f8749e14584946f69aeae10c64f6e619 hr-default  avia-builder-el-15  el_after_av_one_half  avia-builder-el-last '><span class='hr-inner '><span class=\"hr-inner-style\"><\/span><\/span><\/div>\n\n","protected":false},"excerpt":{"rendered":"","protected":false},"author":1,"featured_media":0,"parent":0,"menu_order":0,"comment_status":"closed","ping_status":"closed","template":"","meta":{"wp_mapbox_gl_js_media":[],"footnotes":""},"class_list":["post-156","page","type-page","status-publish","hentry"],"_links":{"self":[{"href":"https:\/\/accueildejour.ch\/veveyse\/wp-json\/wp\/v2\/pages\/156","targetHints":{"allow":["GET"]}}],"collection":[{"href":"https:\/\/accueildejour.ch\/veveyse\/wp-json\/wp\/v2\/pages"}],"about":[{"href":"https:\/\/accueildejour.ch\/veveyse\/wp-json\/wp\/v2\/types\/page"}],"author":[{"embeddable":true,"href":"https:\/\/accueildejour.ch\/veveyse\/wp-json\/wp\/v2\/users\/1"}],"replies":[{"embeddable":true,"href":"https:\/\/accueildejour.ch\/veveyse\/wp-json\/wp\/v2\/comments?post=156"}],"version-history":[{"count":61,"href":"https:\/\/accueildejour.ch\/veveyse\/wp-json\/wp\/v2\/pages\/156\/revisions"}],"predecessor-version":[{"id":2974,"href":"https:\/\/accueildejour.ch\/veveyse\/wp-json\/wp\/v2\/pages\/156\/revisions\/2974"}],"wp:attachment":[{"href":"https:\/\/accueildejour.ch\/veveyse\/wp-json\/wp\/v2\/media?parent=156"}],"curies":[{"name":"wp","href":"https:\/\/api.w.org\/{rel}","templated":true}]}}