{"id":148,"date":"2019-11-15T11:12:17","date_gmt":"2019-11-15T10:12:17","guid":{"rendered":"https:\/\/hr6vj3bsnln.preview.infomaniak.website\/veveyse\/?page_id=148"},"modified":"2026-01-22T15:27:45","modified_gmt":"2026-01-22T14:27:45","slug":"la-formation","status":"publish","type":"page","link":"https:\/\/accueildejour.ch\/veveyse\/accueillir-un-enfant\/la-formation\/","title":{"rendered":"La formation"},"content":{"rendered":"<div id='av_section_1'  class='avia-section av-mvxcd-61983ddb7020e3f42d47a1551719a640 main_color avia-section-default avia-no-border-styling  avia-builder-el-0  avia-builder-el-no-sibling  avia-bg-style-scroll container_wrap fullsize'  ><div class='container av-section-cont-open' ><main  class='template-page content  av-content-full alpha units'><div class='post-entry post-entry-type-page post-entry-148'><div class='entry-content-wrapper clearfix'>\n\n<style type=\"text\/css\" data-created_by=\"avia_inline_auto\" id=\"style-css-av-k4407vd0-cf4eae23f22a994f539df978681627a0\">\n#top .av-special-heading.av-k4407vd0-cf4eae23f22a994f539df978681627a0{\npadding-bottom:10px;\n}\nbody .av-special-heading.av-k4407vd0-cf4eae23f22a994f539df978681627a0 .av-special-heading-tag .heading-char{\nfont-size:25px;\n}\n.av-special-heading.av-k4407vd0-cf4eae23f22a994f539df978681627a0 .av-subheading{\nfont-size:15px;\n}\n<\/style>\n<div  class='av-special-heading av-k4407vd0-cf4eae23f22a994f539df978681627a0 av-special-heading-h1 blockquote modern-quote  avia-builder-el-1  el_before_av_one_half  avia-builder-el-first '><h1 class='av-special-heading-tag'  >La formation des accueillantes<\/h1><div class=\"special-heading-border\"><div class=\"special-heading-inner-border\"><\/div><\/div><\/div>\n\n<style type=\"text\/css\" data-created_by=\"avia_inline_auto\" id=\"style-css-av-ganod-5246665ce531744c28692c47afc4dd13\">\n.flex_column.av-ganod-5246665ce531744c28692c47afc4dd13{\nborder-radius:0px 0px 0px 0px;\n-webkit-border-radius:0px 0px 0px 0px;\n-moz-border-radius:0px 0px 0px 0px;\n}\n<\/style>\n<div class='flex_column av-ganod-5246665ce531744c28692c47afc4dd13 av_one_half  avia-builder-el-2  el_after_av_heading  el_before_av_one_half  first flex_column_div av-zero-column-padding '   ><section  class='av_textblock_section av-k2xhrlzc-505a710af023b1b52bec7ee04d68d7a0' ><div class='avia_textblock' ><h3>Un cursus de base obligatoire<\/h3>\n<p>Les accueillantes affili\u00e9es \u00e0 notre association ont l\u2019obligation de suivre une formation de base, en cours d\u2019emploi. Celle-ci est compos\u00e9e de 40 heures de cours. Lorsque la formation est termin\u00e9e, les accueillantes re\u00e7oivent une attestation de formation de la F\u00e9d\u00e9ration Fribourgeoise d\u2019Accueil Familial de Jour.<\/p>\n<h3>Des cours de formation continue<\/h3>\n<p>Chaque ann\u00e9e est organis\u00e9e une journ\u00e9e de formation continue \u00e0 l\u2019intention des accueillantes. Elles sont tenues d\u2019y assister.<\/p>\n<\/div><\/section><\/div>\n<style type=\"text\/css\" data-created_by=\"avia_inline_auto\" id=\"style-css-av-7e86l-4004ae192b5f407f00a3e851d293a8e4\">\n.flex_column.av-7e86l-4004ae192b5f407f00a3e851d293a8e4{\nborder-radius:0px 0px 0px 0px;\n-webkit-border-radius:0px 0px 0px 0px;\n-moz-border-radius:0px 0px 0px 0px;\n}\n<\/style>\n<div class='flex_column av-7e86l-4004ae192b5f407f00a3e851d293a8e4 av_one_half  avia-builder-el-4  el_after_av_one_half  avia-builder-el-last  flex_column_div av-zero-column-padding '   ><section  class='av_textblock_section av-k2xhrlzc-1-f1eccc02f55ff66bfec5882dd681099e' ><div class='avia_textblock' ><h3>Objectifs de la formation<\/h3>\n<p>Gr\u00e2ce \u00e0 la formation de base et \u00e0 la formation continue, l&rsquo;association r\u00e9pond aux exigences du Service de l&rsquo;Enfance et de la Jeunesse et poursuit les objectifs suivants :<\/p>\n<ul>\n<li>Permettre la valorisation du travail de l\u2019accueillante<\/li>\n<li>Acqu\u00e9rir ou approfondir des connaissances relatives aux besoins de l\u2019enfant: besoins vitaux, affectifs et cognitifs, et les appliquer dans les situations concr\u00e8tes<\/li>\n<li>Echanger des id\u00e9es, des exp\u00e9riences, entre accueillantes et professionnels de la petite enfance<\/li>\n<li>Encourager les relations amicales et les liens de solidarit\u00e9 entre accueillantes, mais \u00e9galement avec les membres de l&rsquo;association<\/li>\n<li>Clarifier les motivations et s\u2019adapter \u00e0 cette nouvelle situation d\u2019accueillante<\/li>\n<li>Conna\u00eetre les droits et les devoirs li\u00e9s \u00e0 l\u2019accueil familial de jour<\/li>\n<li>Permettre de comprendre les cons\u00e9quences de la s\u00e9paration et d\u2019en tenir compte dans la prise en charge de l\u2019enfant<\/li>\n<\/ul>\n<\/div><\/section><\/div>\n","protected":false},"excerpt":{"rendered":"","protected":false},"author":1,"featured_media":0,"parent":132,"menu_order":0,"comment_status":"closed","ping_status":"closed","template":"","meta":{"wp_mapbox_gl_js_media":[],"footnotes":""},"class_list":["post-148","page","type-page","status-publish","hentry"],"_links":{"self":[{"href":"https:\/\/accueildejour.ch\/veveyse\/wp-json\/wp\/v2\/pages\/148","targetHints":{"allow":["GET"]}}],"collection":[{"href":"https:\/\/accueildejour.ch\/veveyse\/wp-json\/wp\/v2\/pages"}],"about":[{"href":"https:\/\/accueildejour.ch\/veveyse\/wp-json\/wp\/v2\/types\/page"}],"author":[{"embeddable":true,"href":"https:\/\/accueildejour.ch\/veveyse\/wp-json\/wp\/v2\/users\/1"}],"replies":[{"embeddable":true,"href":"https:\/\/accueildejour.ch\/veveyse\/wp-json\/wp\/v2\/comments?post=148"}],"version-history":[{"count":9,"href":"https:\/\/accueildejour.ch\/veveyse\/wp-json\/wp\/v2\/pages\/148\/revisions"}],"predecessor-version":[{"id":3005,"href":"https:\/\/accueildejour.ch\/veveyse\/wp-json\/wp\/v2\/pages\/148\/revisions\/3005"}],"up":[{"embeddable":true,"href":"https:\/\/accueildejour.ch\/veveyse\/wp-json\/wp\/v2\/pages\/132"}],"wp:attachment":[{"href":"https:\/\/accueildejour.ch\/veveyse\/wp-json\/wp\/v2\/media?parent=148"}],"curies":[{"name":"wp","href":"https:\/\/api.w.org\/{rel}","templated":true}]}}