{"id":101,"date":"2019-11-13T17:19:44","date_gmt":"2019-11-13T16:19:44","guid":{"rendered":"https:\/\/hr6vj3bsnln.preview.infomaniak.website\/veveyse\/?page_id=101"},"modified":"2026-01-22T15:17:37","modified_gmt":"2026-01-22T14:17:37","slug":"placer-son-enfant","status":"publish","type":"page","link":"https:\/\/accueildejour.ch\/veveyse\/placer-son-enfant\/","title":{"rendered":"Placer son enfant"},"content":{"rendered":"<div id='full_slider_1'  class='avia-fullwidth-slider main_color avia-shadow   avia-builder-el-0  el_before_av_section  avia-builder-el-first   container_wrap fullsize'  ><div  class='avia-slideshow av-k3r27w4a-1bca89cdbf6325cfc655e1aaf5efef38 av-control-hidden avia-slideshow-no scaling av_slideshow_full avia-fade-slider av-default-height-applied   avia-slideshow-1'  data-size='no scaling'  data-lightbox_size='large'  data-animation='fade'  data-conditional_play=''  data-ids='288'  data-video_counter='0'  data-autoplay='false'  data-bg_slider='false'  data-slide_height=''  data-handle='av_slideshow_full'  data-interval='5'  data-class=''  data-extra_class=' '  data-el_id=''  data-css_id=''  data-scroll_down=''  data-control_layout='av-control-hidden'  data-custom_markup=''  data-perma_caption=''  data-autoplay_stopper=''  data-image_attachment=''  data-min_height='0px'  data-lazy_loading='disabled'  data-default-height='16'  data-stretch=''  data-src=''  data-position='top left'  data-repeat='no-repeat'  data-attach='scroll'  data-img_scrset=''  data-av-desktop-hide=''  data-av-medium-hide=''  data-av-small-hide=''  data-av-mini-hide=''  data-id=''  data-custom_class=''  data-template_class=''  data-av_uid='av-k3r27w4a'  data-sc_version='1.0'  data-heading_tag=''  data-heading_class=''  ><ul class='avia-slideshow-inner ' style='padding-bottom: 16%;'><li  class='avia-slideshow-slide av-k3r27w4a-1bca89cdbf6325cfc655e1aaf5efef38__0  av-single-slide slide-1 ' ><div data-rel='slideshow-1' class='avia-slide-wrap '   ><img decoding=\"async\" class=\"wp-image-288 avia-img-lazy-loading-not-288\"  src=\"https:\/\/accueildejour.ch\/wp-content\/uploads\/sites\/3\/2019\/11\/head00.jpg\" width=\"1500\" height=\"240\" title='head00' alt='' srcset=\"https:\/\/accueildejour.ch\/wp-content\/uploads\/sites\/3\/2019\/11\/head00.jpg 1500w, https:\/\/accueildejour.ch\/wp-content\/uploads\/sites\/3\/2019\/11\/head00-300x48.jpg 300w, https:\/\/accueildejour.ch\/wp-content\/uploads\/sites\/3\/2019\/11\/head00-768x123.jpg 768w, https:\/\/accueildejour.ch\/wp-content\/uploads\/sites\/3\/2019\/11\/head00-1030x165.jpg 1030w, https:\/\/accueildejour.ch\/wp-content\/uploads\/sites\/3\/2019\/11\/head00-705x113.jpg 705w\" sizes=\"(max-width: 1500px) 100vw, 1500px\" \/><\/div><\/li><\/ul><\/div><\/div>\n<div id='av_section_1'  class='avia-section av-mvxcd-61983ddb7020e3f42d47a1551719a640 main_color avia-section-default avia-no-border-styling  avia-builder-el-1  el_after_av_slideshow_full  avia-builder-el-last  avia-bg-style-scroll container_wrap fullsize'  ><div class='container av-section-cont-open' ><div class='template-page content  av-content-full alpha units'><div class='post-entry post-entry-type-page post-entry-101'><div class='entry-content-wrapper clearfix'>\n\n<style type=\"text\/css\" data-created_by=\"avia_inline_auto\" id=\"style-css-av-17b45x-b467e36eeb0edd4794a04499633b754a\">\n#top .av-special-heading.av-17b45x-b467e36eeb0edd4794a04499633b754a{\npadding-bottom:40px;\n}\nbody .av-special-heading.av-17b45x-b467e36eeb0edd4794a04499633b754a .av-special-heading-tag .heading-char{\nfont-size:25px;\n}\n.av-special-heading.av-17b45x-b467e36eeb0edd4794a04499633b754a .av-subheading{\nfont-size:15px;\n}\n<\/style>\n<div  class='av-special-heading av-17b45x-b467e36eeb0edd4794a04499633b754a av-special-heading-h1 blockquote modern-quote  avia-builder-el-2  el_before_av_one_half  avia-builder-el-first '><h1 class='av-special-heading-tag'  >Les parents pla\u00e7ants<\/h1><div class=\"special-heading-border\"><div class=\"special-heading-inner-border\"><\/div><\/div><\/div>\n<div class='flex_column_table av-ganod-c118772360d31de39e43d6aaf12d2451 sc-av_one_half av-equal-height-column-flextable'>\n<style type=\"text\/css\" data-created_by=\"avia_inline_auto\" id=\"style-css-av-ganod-c118772360d31de39e43d6aaf12d2451\">\n.flex_column.av-ganod-c118772360d31de39e43d6aaf12d2451{\nborder-radius:0px 0px 0px 0px;\n-webkit-border-radius:0px 0px 0px 0px;\n-moz-border-radius:0px 0px 0px 0px;\n}\n<\/style>\n<div class='flex_column av-ganod-c118772360d31de39e43d6aaf12d2451 av_one_half  avia-builder-el-3  el_after_av_heading  el_before_av_one_half  first flex_column_table_cell av-equal-height-column av-align-top av-zero-column-padding '   ><p>\n<style type=\"text\/css\" data-created_by=\"avia_inline_auto\" id=\"style-css-av-12zgrp-a9ca7212607e3680264eb096dd1e33d0\">\n#top .av-special-heading.av-12zgrp-a9ca7212607e3680264eb096dd1e33d0{\npadding-bottom:10px;\n}\nbody .av-special-heading.av-12zgrp-a9ca7212607e3680264eb096dd1e33d0 .av-special-heading-tag .heading-char{\nfont-size:25px;\n}\n.av-special-heading.av-12zgrp-a9ca7212607e3680264eb096dd1e33d0 .av-subheading{\nfont-size:15px;\n}\n<\/style>\n<div  class='av-special-heading av-12zgrp-a9ca7212607e3680264eb096dd1e33d0 av-special-heading-h3 blockquote modern-quote  avia-builder-el-4  el_before_av_textblock  avia-builder-el-first '><h3 class='av-special-heading-tag'  >Confier son enfant \u00e0 une accueillante<\/h3><div class=\"special-heading-border\"><div class=\"special-heading-inner-border\"><\/div><\/div><\/div><br \/>\n<section  class='av_textblock_section av-k2xhrlzc-505a710af023b1b52bec7ee04d68d7a0' ><div class='avia_textblock' ><p>Choisir de confier son enfant \u00e0 une accueillante, c&rsquo;est :<\/p>\n<ul>\n<li>opter pour un accueil familial de jour en choisissant la maman qui veillera sur l&rsquo;enfant<\/li>\n<li>avoir une s\u00e9curit\u00e9 quant \u00e0 la qualit\u00e9 de l&rsquo;accueil<\/li>\n<li>b\u00e9n\u00e9ficier d&rsquo;une garde factur\u00e9e \u00e0 l&rsquo;heure, avec une grande souplesse horaire, et d&rsquo;un tarif adapt\u00e9 au revenu<\/li>\n<li>profiter des services d&rsquo;une association reconnue par l&rsquo;Etat au titre de structure d&rsquo;accueil de la petite enfance<\/li>\n<li>\u00eatre membre de cette association avec un repr\u00e9sentant des parents au sein du comit\u00e9<\/li>\n<\/ul>\n<\/div><\/section><\/p><\/div><div class='av-flex-placeholder'><\/div>\n<style type=\"text\/css\" data-created_by=\"avia_inline_auto\" id=\"style-css-av-ganod-7-9c63e1e57ae700c0917ebc3469b9825d\">\n.flex_column.av-ganod-7-9c63e1e57ae700c0917ebc3469b9825d{\nborder-radius:0px 0px 0px 0px;\n-webkit-border-radius:0px 0px 0px 0px;\n-moz-border-radius:0px 0px 0px 0px;\n}\n<\/style>\n<div class='flex_column av-ganod-7-9c63e1e57ae700c0917ebc3469b9825d av_one_half  avia-builder-el-6  el_after_av_one_half  el_before_av_hr  flex_column_table_cell av-equal-height-column av-align-top av-zero-column-padding '   ><p>\n<style type=\"text\/css\" data-created_by=\"avia_inline_auto\" id=\"style-css-av-zf3ml-97812fcbf54f1cb2778f68dd600f360f\">\n#top .av-special-heading.av-zf3ml-97812fcbf54f1cb2778f68dd600f360f{\npadding-bottom:10px;\n}\nbody .av-special-heading.av-zf3ml-97812fcbf54f1cb2778f68dd600f360f .av-special-heading-tag .heading-char{\nfont-size:25px;\n}\n.av-special-heading.av-zf3ml-97812fcbf54f1cb2778f68dd600f360f .av-subheading{\nfont-size:15px;\n}\n<\/style>\n<div  class='av-special-heading av-zf3ml-97812fcbf54f1cb2778f68dd600f360f av-special-heading-h3 blockquote modern-quote  avia-builder-el-7  el_before_av_textblock  avia-builder-el-first '><h3 class='av-special-heading-tag'  >Un accueil favorable aux enfants<\/h3><div class=\"special-heading-border\"><div class=\"special-heading-inner-border\"><\/div><\/div><\/div><br \/>\n<section  class='av_textblock_section av-k2xhrlzc-6-b92ae40e2742e252bfec9389c43eb992' ><div class='avia_textblock' ><p>L&rsquo;enfant est accueilli chez une accueillante pour une journ\u00e9e, une demi-journ\u00e9e ou quelques heures par jour. Pour s&rsquo;\u00e9panouir et se sentir en confiance, il a besoin :<\/p>\n<ul>\n<li>d&rsquo;\u00e9tablir des relations stables avec sa seconde famille<\/li>\n<li>d&rsquo;une p\u00e9riode d&rsquo;adaptation, pour lui permettre de faire connaissance et de se familiariser avec son cadre d&rsquo;accueil<\/li>\n<li>de sentir que la relation entre le milieu d&rsquo;accueil et ses parents est saine, particuli\u00e8rement sur le plan \u00e9ducatif<\/li>\n<li>d&rsquo;\u00eatre pr\u00e9par\u00e9 par ses parents aux s\u00e9parations et aux changements<\/li>\n<\/ul>\n<\/div><\/section><\/p><\/div><\/div><!--close column table wrapper. Autoclose: 1 -->\n<style type=\"text\/css\" data-created_by=\"avia_inline_auto\" id=\"style-css-av-k35m1nkn-d0736502297b2ca04a2fe08dcfe351a6\">\n#top .hr.hr-invisible.av-k35m1nkn-d0736502297b2ca04a2fe08dcfe351a6{\nheight:50px;\n}\n<\/style>\n<div  class='hr av-k35m1nkn-d0736502297b2ca04a2fe08dcfe351a6 hr-invisible  avia-builder-el-9  el_after_av_one_half  el_before_av_one_half '><span class='hr-inner '><span class=\"hr-inner-style\"><\/span><\/span><\/div>\n<div class='flex_column_table av-ganod-5-9fe24459023251e50edca738b49500cb sc-av_one_half av-equal-height-column-flextable'>\n<style type=\"text\/css\" data-created_by=\"avia_inline_auto\" id=\"style-css-av-ganod-5-9fe24459023251e50edca738b49500cb\">\n.flex_column.av-ganod-5-9fe24459023251e50edca738b49500cb{\nborder-radius:0px 0px 0px 0px;\n-webkit-border-radius:0px 0px 0px 0px;\n-moz-border-radius:0px 0px 0px 0px;\n}\n<\/style>\n<div class='flex_column av-ganod-5-9fe24459023251e50edca738b49500cb av_one_half  avia-builder-el-10  el_after_av_hr  el_before_av_one_half  first flex_column_table_cell av-equal-height-column av-align-top av-zero-column-padding '   ><p>\n<style type=\"text\/css\" data-created_by=\"avia_inline_auto\" id=\"style-css-av-sj1ud-4a851b1b41a4a4005e992a372f22710e\">\n#top .av-special-heading.av-sj1ud-4a851b1b41a4a4005e992a372f22710e{\npadding-bottom:10px;\n}\nbody .av-special-heading.av-sj1ud-4a851b1b41a4a4005e992a372f22710e .av-special-heading-tag .heading-char{\nfont-size:25px;\n}\n.av-special-heading.av-sj1ud-4a851b1b41a4a4005e992a372f22710e .av-subheading{\nfont-size:15px;\n}\n<\/style>\n<div  class='av-special-heading av-sj1ud-4a851b1b41a4a4005e992a372f22710e av-special-heading-h3 blockquote modern-quote  avia-builder-el-11  el_before_av_textblock  avia-builder-el-first '><h3 class='av-special-heading-tag'  >Un engagement des parents<\/h3><div class=\"special-heading-border\"><div class=\"special-heading-inner-border\"><\/div><\/div><\/div><br \/>\n<section  class='av_textblock_section av-k2xhrlzc-4-48ca9f6484824b604f968434f3122a20' ><div class='avia_textblock' ><p>Les parents s&rsquo;engagent \u00e0 :<\/p>\n<ul>\n<li>observer les horaires convenus par contrat<\/li>\n<li>consacrer r\u00e9guli\u00e8rement un peu de temps \u00e0 l&rsquo;accueillante pour un \u00e9change concernant l&rsquo;enfant<\/li>\n<li>rester responsable de leur propre enfant et du choix de leur placement<\/li>\n<li>respecter leurs obligations financi\u00e8res en s&rsquo;acquittant des factures de garde de l&rsquo;enfant plac\u00e9 dans le d\u00e9lai imparti<\/li>\n<\/ul>\n<\/div><\/section><\/p><\/div><div class='av-flex-placeholder'><\/div>\n<style type=\"text\/css\" data-created_by=\"avia_inline_auto\" id=\"style-css-av-ganod-3-6b43a71ceb3eee244c9b9218aa010e16\">\n.flex_column.av-ganod-3-6b43a71ceb3eee244c9b9218aa010e16{\nborder-radius:0px 0px 0px 0px;\n-webkit-border-radius:0px 0px 0px 0px;\n-moz-border-radius:0px 0px 0px 0px;\n}\n<\/style>\n<div class='flex_column av-ganod-3-6b43a71ceb3eee244c9b9218aa010e16 av_one_half  avia-builder-el-13  el_after_av_one_half  avia-builder-el-last  flex_column_table_cell av-equal-height-column av-align-top av-zero-column-padding '   ><p>\n<style type=\"text\/css\" data-created_by=\"avia_inline_auto\" id=\"style-css-av-len4t-0e885ef2cb081162a59c88b21ba81def\">\n#top .av-special-heading.av-len4t-0e885ef2cb081162a59c88b21ba81def{\npadding-bottom:10px;\n}\nbody .av-special-heading.av-len4t-0e885ef2cb081162a59c88b21ba81def .av-special-heading-tag .heading-char{\nfont-size:25px;\n}\n.av-special-heading.av-len4t-0e885ef2cb081162a59c88b21ba81def .av-subheading{\nfont-size:15px;\n}\n<\/style>\n<div  class='av-special-heading av-len4t-0e885ef2cb081162a59c88b21ba81def av-special-heading-h3 blockquote modern-quote  avia-builder-el-14  el_before_av_textblock  avia-builder-el-first '><h3 class='av-special-heading-tag'  >Des tarifs abordables<\/h3><div class=\"special-heading-border\"><div class=\"special-heading-inner-border\"><\/div><\/div><\/div><br \/>\n<section  class='av_textblock_section av-k2xhrlzc-2-db465106ca491b007cf8226f07fcb269' ><div class='avia_textblock' ><p>Les tarifs pour la garde d&rsquo;enfants aupr\u00e8s d&rsquo;une accueillante de notre association sont d\u00e9termin\u00e9s en fonction du revenu imposable. Pour les conna\u00eetre, veuillez consulter <a href=\"https:\/\/accueildejour.ch\/veveyse\/tarifs\/\">notre page Tarifs<\/a>.<\/p>\n<\/div><\/section><br \/>\n<div  class='avia-buttonrow-wrap av-k6q3sm8k-1afb85e3c61be0803e1769f6fdcd2211 avia-buttonrow-center  avia-builder-el-16  el_after_av_textblock  el_before_av_textblock '>\n\n<style type=\"text\/css\" data-created_by=\"avia_inline_auto\" id=\"style-css-av-doisd-3455275f70c607577633e7d4010c6edd\">\n#top #wrap_all .avia-button.av-doisd-3455275f70c607577633e7d4010c6edd{\nmargin-bottom:10px;\nmargin-right:5px;\nmargin-left:5px;\n}\n<\/style>\n<a href='https:\/\/accueildejour.ch\/veveyse\/demande-de-placement\/'  class='avia-button av-doisd-3455275f70c607577633e7d4010c6edd avia-icon_select-no avia-size-medium avia-color-theme-color'  ><span class='avia_iconbox_title' >Inscrire mon enfant<\/span><\/a>\n\n<style type=\"text\/css\" data-created_by=\"avia_inline_auto\" id=\"style-css-av-8t6ad-8807f1f871b0d0642c5f9e0a4395d98f\">\n#top #wrap_all .avia-button.av-8t6ad-8807f1f871b0d0642c5f9e0a4395d98f{\nmargin-bottom:10px;\nmargin-right:5px;\nmargin-left:5px;\n}\n<\/style>\n<a href='https:\/\/accueildejour.ch\/veveyse\/documents-liens\/'  class='avia-button av-8t6ad-8807f1f871b0d0642c5f9e0a4395d98f avia-icon_select-no avia-size-medium avia-color-theme-color'  ><span class='avia_iconbox_title' >Documents + Liens<\/span><\/a>\n<\/div><br \/>\n<section  class='av_textblock_section av-k2xhrlzc-1-7190ac9e5b2c5ad6e810e49cc32d9b8b' ><div class='avia_textblock' ><\/div><\/section><\/p><\/div><\/div><!--close column table wrapper. Autoclose: 1 -->\n","protected":false},"excerpt":{"rendered":"","protected":false},"author":1,"featured_media":0,"parent":0,"menu_order":0,"comment_status":"closed","ping_status":"closed","template":"","meta":{"wp_mapbox_gl_js_media":[],"footnotes":""},"class_list":["post-101","page","type-page","status-publish","hentry"],"_links":{"self":[{"href":"https:\/\/accueildejour.ch\/veveyse\/wp-json\/wp\/v2\/pages\/101","targetHints":{"allow":["GET"]}}],"collection":[{"href":"https:\/\/accueildejour.ch\/veveyse\/wp-json\/wp\/v2\/pages"}],"about":[{"href":"https:\/\/accueildejour.ch\/veveyse\/wp-json\/wp\/v2\/types\/page"}],"author":[{"embeddable":true,"href":"https:\/\/accueildejour.ch\/veveyse\/wp-json\/wp\/v2\/users\/1"}],"replies":[{"embeddable":true,"href":"https:\/\/accueildejour.ch\/veveyse\/wp-json\/wp\/v2\/comments?post=101"}],"version-history":[{"count":32,"href":"https:\/\/accueildejour.ch\/veveyse\/wp-json\/wp\/v2\/pages\/101\/revisions"}],"predecessor-version":[{"id":3085,"href":"https:\/\/accueildejour.ch\/veveyse\/wp-json\/wp\/v2\/pages\/101\/revisions\/3085"}],"wp:attachment":[{"href":"https:\/\/accueildejour.ch\/veveyse\/wp-json\/wp\/v2\/media?parent=101"}],"curies":[{"name":"wp","href":"https:\/\/api.w.org\/{rel}","templated":true}]}}