{"id":156,"date":"2019-11-15T15:19:53","date_gmt":"2019-11-15T14:19:53","guid":{"rendered":"https:\/\/hr6vj3bsnln.preview.infomaniak.website\/lac\/?page_id=156"},"modified":"2025-12-22T17:38:28","modified_gmt":"2025-12-22T16:38:28","slug":"qui-sommes-nous","status":"publish","type":"page","link":"https:\/\/accueildejour.ch\/lac\/qui-sommes-nous\/","title":{"rendered":"Qui sommes-nous?"},"content":{"rendered":"<div id='full_slider_1'  class='avia-fullwidth-slider main_color avia-shadow   avia-builder-el-0  el_before_av_section  avia-builder-el-first   container_wrap fullsize'  ><div  class='avia-slideshow av-k34gqcfy-47631cc30dc4cc47836884cc18e9b627 av-control-hidden avia-slideshow-no scaling av_slideshow_full avia-fade-slider av-default-height-applied   avia-slideshow-1'  data-size='no scaling'  data-lightbox_size='large'  data-animation='fade'  data-conditional_play=''  data-ids='562'  data-video_counter='0'  data-autoplay='false'  data-bg_slider='false'  data-slide_height=''  data-handle='av_slideshow_full'  data-interval='5'  data-class=''  data-extra_class=' '  data-el_id=''  data-css_id=''  data-scroll_down=''  data-control_layout='av-control-hidden'  data-custom_markup=''  data-perma_caption=''  data-autoplay_stopper=''  data-image_attachment=''  data-min_height='0px'  data-lazy_loading='disabled'  data-default-height='16'  data-stretch=''  data-src=''  data-position='top left'  data-repeat='no-repeat'  data-attach='scroll'  data-img_scrset=''  data-av-desktop-hide=''  data-av-medium-hide=''  data-av-small-hide=''  data-av-mini-hide=''  data-id=''  data-custom_class=''  data-template_class=''  data-av_uid='av-k34gqcfy'  data-sc_version='1.0'  data-heading_tag=''  data-heading_class=''  ><ul class='avia-slideshow-inner ' style='padding-bottom: 16%;'><li  class='avia-slideshow-slide av-k34gqcfy-47631cc30dc4cc47836884cc18e9b627__0  av-single-slide slide-1 ' ><div data-rel='slideshow-1' class='avia-slide-wrap '   ><img decoding=\"async\" class=\"wp-image-562 avia-img-lazy-loading-not-562\"  src=\"https:\/\/accueildejour.ch\/wp-content\/uploads\/sites\/6\/2019\/12\/header-murten.jpg\" width=\"1500\" height=\"240\" title='header-murten' alt='' srcset=\"https:\/\/accueildejour.ch\/wp-content\/uploads\/sites\/6\/2019\/12\/header-murten.jpg 1500w, https:\/\/accueildejour.ch\/wp-content\/uploads\/sites\/6\/2019\/12\/header-murten-300x48.jpg 300w, https:\/\/accueildejour.ch\/wp-content\/uploads\/sites\/6\/2019\/12\/header-murten-768x123.jpg 768w, https:\/\/accueildejour.ch\/wp-content\/uploads\/sites\/6\/2019\/12\/header-murten-1030x165.jpg 1030w, https:\/\/accueildejour.ch\/wp-content\/uploads\/sites\/6\/2019\/12\/header-murten-705x113.jpg 705w\" sizes=\"(max-width: 1500px) 100vw, 1500px\" \/><div class='av-section-color-overlay' style='opacity: 0.2; background-color: #ffffff; '><\/div><\/div><\/li><\/ul><\/div><\/div>\n<div id='av_section_1'  class='avia-section av-mvxcd-61983ddb7020e3f42d47a1551719a640 main_color avia-section-default avia-no-border-styling  avia-builder-el-1  el_after_av_slideshow_full  avia-builder-el-last  avia-bg-style-scroll container_wrap fullsize'  ><div class='container av-section-cont-open' ><div class='template-page content  av-content-full alpha units'><div class='post-entry post-entry-type-page post-entry-156'><div class='entry-content-wrapper clearfix'>\n\n<style type=\"text\/css\" data-created_by=\"avia_inline_auto\" id=\"style-css-av-p883w-9fd3271743af7a27749563138a78d989\">\n#top .av-special-heading.av-p883w-9fd3271743af7a27749563138a78d989{\npadding-bottom:10px;\n}\nbody .av-special-heading.av-p883w-9fd3271743af7a27749563138a78d989 .av-special-heading-tag .heading-char{\nfont-size:25px;\n}\n.av-special-heading.av-p883w-9fd3271743af7a27749563138a78d989 .av-subheading{\nfont-size:15px;\n}\n<\/style>\n<div  class='av-special-heading av-p883w-9fd3271743af7a27749563138a78d989 av-special-heading-h1 blockquote modern-quote  avia-builder-el-2  el_before_av_one_half  avia-builder-el-first '><h1 class='av-special-heading-tag'  >Qui sommes-nous?<\/h1><div class=\"special-heading-border\"><div class=\"special-heading-inner-border\"><\/div><\/div><\/div>\n\n<style type=\"text\/css\" data-created_by=\"avia_inline_auto\" id=\"style-css-av-ganod-5246665ce531744c28692c47afc4dd13\">\n.flex_column.av-ganod-5246665ce531744c28692c47afc4dd13{\nborder-radius:0px 0px 0px 0px;\n-webkit-border-radius:0px 0px 0px 0px;\n-moz-border-radius:0px 0px 0px 0px;\n}\n<\/style>\n<div class='flex_column av-ganod-5246665ce531744c28692c47afc4dd13 av_one_half  avia-builder-el-3  el_after_av_heading  el_before_av_one_half  first flex_column_div av-zero-column-padding '   ><section  class='av_textblock_section av-k2xhrlzc-3ac8d66a7a076812773959909b7e285f' ><div class='avia_textblock' ><p>Fond\u00e9e le 31 octobre 1996, l&rsquo;Association d&rsquo;Accueil Familial de Jour du district du Lac a pour but de mettre \u00e0 disposition des parents et des communes une structure d&rsquo;accueil familial \u00e0 la journ\u00e9e.<br \/>\nL&rsquo;association est d&rsquo;utilit\u00e9 publique et \u00e0 but non lucratif. Le si\u00e8ge est \u00e0 Morat.<\/p>\n<p>L&rsquo;Association informe des modalit\u00e9s, organise et accompagne l&rsquo;accueil des enfants \u00e0 la journ\u00e9e ou la demi-journ\u00e9e.<\/p>\n<\/div><\/section><\/div>\n<style type=\"text\/css\" data-created_by=\"avia_inline_auto\" id=\"style-css-av-ganod-10-dbc1171ae30fb534661e6b7d8d4f255d\">\n.flex_column.av-ganod-10-dbc1171ae30fb534661e6b7d8d4f255d{\nborder-radius:0px 0px 0px 0px;\n-webkit-border-radius:0px 0px 0px 0px;\n-moz-border-radius:0px 0px 0px 0px;\n}\n<\/style>\n<div class='flex_column av-ganod-10-dbc1171ae30fb534661e6b7d8d4f255d av_one_half  avia-builder-el-5  el_after_av_one_half  el_before_av_hr  flex_column_div av-zero-column-padding '   ><section  class='av_textblock_section av-k2xhrlzc-9-6247aec5419050058f7ae408cfd5ed99' ><div class='avia_textblock' ><p>L&rsquo;Association a sign\u00e9, le 6 novembre 1997, une convention avec le D\u00e9partement de la Sant\u00e9 publique et des affaires sociales concernant la d\u00e9l\u00e9gation de surveillance des milieux d&rsquo;accueil \u00e0 la journ\u00e9e.<\/p>\n<p>L&rsquo;Association est compos\u00e9e d&rsquo;une assembl\u00e9e g\u00e9n\u00e9rale (membres individuels et collectifs) et d&rsquo;un comit\u00e9<\/p>\n<p>Nous g\u00e9rons aussi l&rsquo;accueil d&rsquo;enfants scolaris\u00e9s jusqu&rsquo;\u00e0 12 ans pour les repas et hors horaire scolaire.<\/p>\n<\/div><\/section><\/div><div  class='hr av-vaf1o-f8749e14584946f69aeae10c64f6e619 hr-default  avia-builder-el-7  el_after_av_one_half  el_before_av_one_half '><span class='hr-inner '><span class=\"hr-inner-style\"><\/span><\/span><\/div>\n\n<style type=\"text\/css\" data-created_by=\"avia_inline_auto\" id=\"style-css-av-7e86l-2fae34a1df6df89a2bea4d1f1b64717b\">\n.flex_column.av-7e86l-2fae34a1df6df89a2bea4d1f1b64717b{\nborder-radius:0px 0px 0px 0px;\n-webkit-border-radius:0px 0px 0px 0px;\n-moz-border-radius:0px 0px 0px 0px;\n}\n<\/style>\n<div class='flex_column av-7e86l-2fae34a1df6df89a2bea4d1f1b64717b av_one_half  avia-builder-el-8  el_after_av_hr  el_before_av_one_half  first flex_column_div av-zero-column-padding '   ><p>\n<style type=\"text\/css\" data-created_by=\"avia_inline_auto\" id=\"style-css-av-23wdg-19961ad128a03dbac2bd3e0a8b1f6a23\">\n#top .av-special-heading.av-23wdg-19961ad128a03dbac2bd3e0a8b1f6a23{\npadding-bottom:10px;\n}\nbody .av-special-heading.av-23wdg-19961ad128a03dbac2bd3e0a8b1f6a23 .av-special-heading-tag .heading-char{\nfont-size:25px;\n}\n.av-special-heading.av-23wdg-19961ad128a03dbac2bd3e0a8b1f6a23 .av-subheading{\nfont-size:15px;\n}\n<\/style>\n<div  class='av-special-heading av-23wdg-19961ad128a03dbac2bd3e0a8b1f6a23 av-special-heading-h3 blockquote modern-quote  avia-builder-el-9  el_before_av_textblock  avia-builder-el-first '><h3 class='av-special-heading-tag'  >La direction<\/h3><div class=\"special-heading-border\"><div class=\"special-heading-inner-border\"><\/div><\/div><\/div><br \/>\n<section  class='av_textblock_section av-k2xhrlzc-8-6572291f516ea78c1025958cc39e3fd2' ><div class='avia_textblock' ><p><strong>Nathalie Simonet<\/strong><\/p>\n<p>atteignable durant\u00a0les heures de bureau<br \/>\nlundi, mercredi + jeudi toute la journ\u00e9e<\/p>\n<p>T +41 79 354 62 99<\/p>\n<p><a href=\"mailto:nathalie.simonet@kibelac.org\">nathalie.simonet@accueildejour.ch<\/a><\/p>\n<\/div><\/section><\/p><\/div>\n<style type=\"text\/css\" data-created_by=\"avia_inline_auto\" id=\"style-css-av-7e86l-6-333b51fc398aa26e5e270badf8bccff1\">\n.flex_column.av-7e86l-6-333b51fc398aa26e5e270badf8bccff1{\nborder-radius:0px 0px 0px 0px;\n-webkit-border-radius:0px 0px 0px 0px;\n-moz-border-radius:0px 0px 0px 0px;\n}\n<\/style>\n<div class='flex_column av-7e86l-6-333b51fc398aa26e5e270badf8bccff1 av_one_half  avia-builder-el-11  el_after_av_one_half  el_before_av_heading  flex_column_div av-zero-column-padding '   ><p>\n<style type=\"text\/css\" data-created_by=\"avia_inline_auto\" id=\"style-css-av-hh9o4-025a2ea5f84984ef1e42c3cd3f1cca84\">\n#top .av-special-heading.av-hh9o4-025a2ea5f84984ef1e42c3cd3f1cca84{\npadding-bottom:10px;\n}\nbody .av-special-heading.av-hh9o4-025a2ea5f84984ef1e42c3cd3f1cca84 .av-special-heading-tag .heading-char{\nfont-size:25px;\n}\n.av-special-heading.av-hh9o4-025a2ea5f84984ef1e42c3cd3f1cca84 .av-subheading{\nfont-size:15px;\n}\n<\/style>\n<div  class='av-special-heading av-hh9o4-025a2ea5f84984ef1e42c3cd3f1cca84 av-special-heading-h3 blockquote modern-quote  avia-builder-el-12  el_before_av_textblock  avia-builder-el-first '><h3 class='av-special-heading-tag'  >Le comit\u00e9<\/h3><div class=\"special-heading-border\"><div class=\"special-heading-inner-border\"><\/div><\/div><\/div><br \/>\n<section  class='av_textblock_section av-k2xhrlzc-5-acd88f47034fa016de649b32634c4190' ><div class='avia_textblock' ><p><strong>Pr\u00e9sident<\/strong><\/p>\n<p><strong>Nico Sedonati | <\/strong>Finance \/ Service de l&rsquo;enfance et de la jeunesse<br \/>\nT +41 79 205 13 37<br \/>\n<a href=\"mailto:nico.sedonati@kibelac.org\">nico.sedonati@kibelac.org<\/a><\/p>\n<p><strong>Membres<\/strong><\/p>\n<p><strong>Sofia Suter | <\/strong>Vice-Pr\u00e9sidente \/ Repr\u00e9sentante des parents<br \/>\nT +41 76 427 63 36<br \/>\n<a href=\"mailto:sofia.suter@kibelac.org\">sofia.suter@kibelac.org<\/a><\/p>\n<p><strong>Diane Andorlini |\u00a0<\/strong> Repr\u00e9sentante conseil communal Mont-Vully<br \/>\nT +41 78 749 90 67<br \/>\n<a href=\"mailto:d.andorlini@mont-vully-ch\">d.andorlini@mont-vully.ch<\/a><\/p>\n<p><strong>Jessica De Bernardini\u00a0|\u00a0<\/strong> Repr\u00e9sentante de la commune de Morat<br \/>\nT +41 79 894 32 35<br \/>\n<a href=\"mailto:jessica.debernardini@murten-morat.ch\">jessica.debernardini@murten-morat.ch<\/a><\/p>\n<p><strong>M\u00e9lanie Gubler |\u00a0<\/strong> Repr\u00e9sentante conseil communal de Cressier et parents<br \/>\nT +41 76 503 76 97<br \/>\n<a href=\"mailto:melanie.gubler_cressier@ik.me\">melanie.gubler_cressier@ik.me<\/a><\/p>\n<\/div><\/section><\/p><\/div>\n<style type=\"text\/css\" data-created_by=\"avia_inline_auto\" id=\"style-css-av-88a0k-0903afc4c1dca2d4245db2f12334af7f\">\n#top .av-special-heading.av-88a0k-0903afc4c1dca2d4245db2f12334af7f{\npadding-bottom:10px;\n}\nbody .av-special-heading.av-88a0k-0903afc4c1dca2d4245db2f12334af7f .av-special-heading-tag .heading-char{\nfont-size:25px;\n}\n.av-special-heading.av-88a0k-0903afc4c1dca2d4245db2f12334af7f .av-subheading{\nfont-size:15px;\n}\n<\/style>\n<div  class='av-special-heading av-88a0k-0903afc4c1dca2d4245db2f12334af7f av-special-heading-h3 blockquote modern-quote  avia-builder-el-14  el_after_av_one_half  el_before_av_one_half '><h3 class='av-special-heading-tag'  >Coordination<\/h3><div class=\"special-heading-border\"><div class=\"special-heading-inner-border\"><\/div><\/div><\/div>\n\n<style type=\"text\/css\" data-created_by=\"avia_inline_auto\" id=\"style-css-av-7e86l-4-a5f1b6e4aadf6a02e29c62da65baaaec\">\n.flex_column.av-7e86l-4-a5f1b6e4aadf6a02e29c62da65baaaec{\nborder-radius:0px 0px 0px 0px;\n-webkit-border-radius:0px 0px 0px 0px;\n-moz-border-radius:0px 0px 0px 0px;\n}\n<\/style>\n<div class='flex_column av-7e86l-4-a5f1b6e4aadf6a02e29c62da65baaaec av_one_half  avia-builder-el-15  el_after_av_heading  el_before_av_one_half  first flex_column_div av-zero-column-padding '   ><section  class='av_textblock_section av-k2xhrlzc-3-2192ddee6e21005ec7416c833beb89e8' ><div class='avia_textblock' ><p>Deux coordinatrices sont \u00e0 votre disposition pour coordonner l&rsquo;accueil de votre enfant.<br \/>\nElles ont pour mission de:<\/p>\n<ul>\n<li>proposer aux repr\u00e9sentants l\u00e9gaux une accueillante proche;<\/li>\n<li>de leur domicile, de leur lieu de travail ou de l&rsquo;\u00e9cole de l&rsquo;enfant;<\/li>\n<li>mettre en relation les repr\u00e9sentants l\u00e9gaux avec l&rsquo;accueillante;<\/li>\n<li>informer la famille sur les modalit\u00e9s de placement;<\/li>\n<li>organiser puis accompagner l&rsquo;accueil de l&rsquo;enfant;<\/li>\n<li>assurer un suivi tout au long du placement de l&rsquo;enfant.<\/li>\n<\/ul>\n<p>Elles ont chacune leur secteur d&rsquo;activit\u00e9 et leurs horaires de permanence.<\/p>\n<\/div><\/section><\/div>\n<style type=\"text\/css\" data-created_by=\"avia_inline_auto\" id=\"style-css-av-7e86l-2-9b3d925e910270864a3bd4fd5ebaddf0\">\n.flex_column.av-7e86l-2-9b3d925e910270864a3bd4fd5ebaddf0{\nborder-radius:0px 0px 0px 0px;\n-webkit-border-radius:0px 0px 0px 0px;\n-moz-border-radius:0px 0px 0px 0px;\n}\n<\/style>\n<div class='flex_column av-7e86l-2-9b3d925e910270864a3bd4fd5ebaddf0 av_one_half  avia-builder-el-17  el_after_av_one_half  el_before_av_hr  flex_column_div av-zero-column-padding '   ><section  class='av_textblock_section av-k2xhrlzc-1-f1eccc02f55ff66bfec5882dd681099e' ><div class='avia_textblock' ><p>Coordinatrice pour les familles d&rsquo;accueil (allemand)<\/p>\n<p><strong>Karin Rothen<\/strong><\/p>\n<p>T +41 79 245 93 34<br \/>\n<a href=\"mailto:karin.rothen@kibelac.org\">karin.rothen@accueildejour.ch<\/a><\/p>\n<p>Coordinatrice\u00a0pour les familles d&rsquo;accueil (fran\u00e7ais)<\/p>\n<p><strong>Emmanuelle Burri<br \/>\n<\/strong><\/p>\n<p>T +41 79 897 66 15<br \/>\n<a href=\"mailto:emmanuelle.burri@kibelac.org\">emmanuelle.burri@accueildejour.ch<\/a><\/p>\n<\/div><\/section><\/div><div  class='hr av-vaf1o-7-6cc810bebaa04c35c0c4f0bb4322dbcc hr-default  avia-builder-el-19  el_after_av_one_half  avia-builder-el-last '><span class='hr-inner '><span class=\"hr-inner-style\"><\/span><\/span><\/div>\n\n","protected":false},"excerpt":{"rendered":"","protected":false},"author":1,"featured_media":0,"parent":0,"menu_order":0,"comment_status":"closed","ping_status":"closed","template":"","meta":{"wp_mapbox_gl_js_media":[],"footnotes":""},"class_list":["post-156","page","type-page","status-publish","hentry"],"_links":{"self":[{"href":"https:\/\/accueildejour.ch\/lac\/wp-json\/wp\/v2\/pages\/156","targetHints":{"allow":["GET"]}}],"collection":[{"href":"https:\/\/accueildejour.ch\/lac\/wp-json\/wp\/v2\/pages"}],"about":[{"href":"https:\/\/accueildejour.ch\/lac\/wp-json\/wp\/v2\/types\/page"}],"author":[{"embeddable":true,"href":"https:\/\/accueildejour.ch\/lac\/wp-json\/wp\/v2\/users\/1"}],"replies":[{"embeddable":true,"href":"https:\/\/accueildejour.ch\/lac\/wp-json\/wp\/v2\/comments?post=156"}],"version-history":[{"count":37,"href":"https:\/\/accueildejour.ch\/lac\/wp-json\/wp\/v2\/pages\/156\/revisions"}],"predecessor-version":[{"id":2219,"href":"https:\/\/accueildejour.ch\/lac\/wp-json\/wp\/v2\/pages\/156\/revisions\/2219"}],"wp:attachment":[{"href":"https:\/\/accueildejour.ch\/lac\/wp-json\/wp\/v2\/media?parent=156"}],"curies":[{"name":"wp","href":"https:\/\/api.w.org\/{rel}","templated":true}]}}