{"id":148,"date":"2019-11-15T11:12:17","date_gmt":"2019-11-15T10:12:17","guid":{"rendered":"https:\/\/hr6vj3bsnln.preview.infomaniak.website\/lac\/?page_id=148"},"modified":"2024-07-08T09:04:29","modified_gmt":"2024-07-08T07:04:29","slug":"la-formation","status":"publish","type":"page","link":"https:\/\/accueildejour.ch\/lac\/accueillir-un-enfant\/la-formation\/","title":{"rendered":"La formation"},"content":{"rendered":"<div id='full_slider_1'  class='avia-fullwidth-slider main_color avia-shadow   avia-builder-el-0  el_before_av_section  avia-builder-el-first   container_wrap fullsize'  ><div  class='avia-slideshow av-k34gqcfy-47631cc30dc4cc47836884cc18e9b627 av-control-hidden avia-slideshow-no scaling av_slideshow_full avia-fade-slider av-default-height-applied   avia-slideshow-1'  data-size='no scaling'  data-lightbox_size='large'  data-animation='fade'  data-conditional_play=''  data-ids='291'  data-video_counter='0'  data-autoplay='false'  data-bg_slider='false'  data-slide_height=''  data-handle='av_slideshow_full'  data-interval='5'  data-class=''  data-extra_class=' '  data-el_id=''  data-css_id=''  data-scroll_down=''  data-control_layout='av-control-hidden'  data-custom_markup=''  data-perma_caption=''  data-autoplay_stopper=''  data-image_attachment=''  data-min_height='0px'  data-lazy_loading='disabled'  data-default-height='16'  data-stretch=''  data-src=''  data-position='top left'  data-repeat='no-repeat'  data-attach='scroll'  data-img_scrset=''  data-av-desktop-hide=''  data-av-medium-hide=''  data-av-small-hide=''  data-av-mini-hide=''  data-id=''  data-custom_class=''  data-template_class=''  data-av_uid='av-k34gqcfy'  data-sc_version='1.0'  data-heading_tag=''  data-heading_class=''  ><ul class='avia-slideshow-inner ' style='padding-bottom: 16%;'><li  class='avia-slideshow-slide av-k34gqcfy-47631cc30dc4cc47836884cc18e9b627__0  av-single-slide slide-1 ' ><div data-rel='slideshow-1' class='avia-slide-wrap '   ><img decoding=\"async\" class=\"wp-image-291 avia-img-lazy-loading-not-291\"  src=\"https:\/\/accueildejour.ch\/wp-content\/uploads\/sites\/6\/2019\/11\/head03.jpg\" width=\"1500\" height=\"240\" title='head03' alt='' srcset=\"https:\/\/accueildejour.ch\/wp-content\/uploads\/sites\/6\/2019\/11\/head03.jpg 1500w, https:\/\/accueildejour.ch\/wp-content\/uploads\/sites\/6\/2019\/11\/head03-300x48.jpg 300w, https:\/\/accueildejour.ch\/wp-content\/uploads\/sites\/6\/2019\/11\/head03-768x123.jpg 768w, https:\/\/accueildejour.ch\/wp-content\/uploads\/sites\/6\/2019\/11\/head03-1030x165.jpg 1030w, https:\/\/accueildejour.ch\/wp-content\/uploads\/sites\/6\/2019\/11\/head03-705x113.jpg 705w\" sizes=\"(max-width: 1500px) 100vw, 1500px\" \/><div class='av-section-color-overlay' style='opacity: 0.5; background-color: #ffffff; '><\/div><\/div><\/li><\/ul><\/div><\/div>\n<div id='av_section_1'  class='avia-section av-mvxcd-61983ddb7020e3f42d47a1551719a640 main_color avia-section-default avia-no-border-styling  avia-builder-el-1  el_after_av_slideshow_full  avia-builder-el-last  avia-bg-style-scroll container_wrap fullsize'  ><div class='container av-section-cont-open' ><div class='template-page content  av-content-full alpha units'><div class='post-entry post-entry-type-page post-entry-148'><div class='entry-content-wrapper clearfix'>\n\n<style type=\"text\/css\" data-created_by=\"avia_inline_auto\" id=\"style-css-av-14vwjg-16b2cd63554c68b0ef9616c7d2ce202e\">\n#top .av-special-heading.av-14vwjg-16b2cd63554c68b0ef9616c7d2ce202e{\npadding-bottom:10px;\n}\nbody .av-special-heading.av-14vwjg-16b2cd63554c68b0ef9616c7d2ce202e .av-special-heading-tag .heading-char{\nfont-size:25px;\n}\n.av-special-heading.av-14vwjg-16b2cd63554c68b0ef9616c7d2ce202e .av-subheading{\nfont-size:15px;\n}\n<\/style>\n<div  class='av-special-heading av-14vwjg-16b2cd63554c68b0ef9616c7d2ce202e av-special-heading-h1 blockquote modern-quote  avia-builder-el-2  el_before_av_textblock  avia-builder-el-first '><h1 class='av-special-heading-tag'  >La formation des Assistantes Parentales<\/h1><div class=\"special-heading-border\"><div class=\"special-heading-inner-border\"><\/div><\/div><\/div>\n<section  class='av_textblock_section av-k2xhrlzc-505a710af023b1b52bec7ee04d68d7a0' ><div class='avia_textblock' ><p>Pour devenir assistante parentale, reconnue par notre association, les mamans de jour doivent suivre un cours de base.<\/p>\n<p>Par la suite, une formation continue leur permet d&rsquo;\u00e9voluer dans leur activit\u00e9.<\/p>\n<\/div><\/section>\n\n<style type=\"text\/css\" data-created_by=\"avia_inline_auto\" id=\"style-css-av-ganod-5246665ce531744c28692c47afc4dd13\">\n.flex_column.av-ganod-5246665ce531744c28692c47afc4dd13{\nborder-radius:0px 0px 0px 0px;\n-webkit-border-radius:0px 0px 0px 0px;\n-moz-border-radius:0px 0px 0px 0px;\n}\n<\/style>\n<div class='flex_column av-ganod-5246665ce531744c28692c47afc4dd13 av_one_half  avia-builder-el-4  el_after_av_textblock  el_before_av_one_half  first flex_column_div av-zero-column-padding column-top-margin'   ><p>\n<style type=\"text\/css\" data-created_by=\"avia_inline_auto\" id=\"style-css-av-xayx8-4badc2c4c3501da1fd39188e3ebbfb1c\">\n#top .av-special-heading.av-xayx8-4badc2c4c3501da1fd39188e3ebbfb1c{\npadding-bottom:10px;\n}\nbody .av-special-heading.av-xayx8-4badc2c4c3501da1fd39188e3ebbfb1c .av-special-heading-tag .heading-char{\nfont-size:25px;\n}\n.av-special-heading.av-xayx8-4badc2c4c3501da1fd39188e3ebbfb1c .av-subheading{\nfont-size:15px;\n}\n<\/style>\n<div  class='av-special-heading av-xayx8-4badc2c4c3501da1fd39188e3ebbfb1c av-special-heading-h3 blockquote modern-quote  avia-builder-el-5  el_before_av_textblock  avia-builder-el-first '><h3 class='av-special-heading-tag'  >Un cursus de base obligatoire<\/h3><div class=\"special-heading-border\"><div class=\"special-heading-inner-border\"><\/div><\/div><\/div><br \/>\n<section  class='av_textblock_section av-k2xhrlzc-8-eec6206a548390e0e46a11cb5998a22e' ><div class='avia_textblock' ><p>Les accueillantes affili\u00e9es \u00e0 notre association ont l\u2019obligation de suivre une formation de base, en cours d\u2019emploi. Celle-ci est compos\u00e9e de 40 heures de cours. Lorsque la formation est termin\u00e9e, les accueillantes re\u00e7oivent une attestation de formation de la F\u00e9d\u00e9ration Fribourgeoise d\u2019Accueil Familial de Jour.<\/p>\n<\/div><\/section><br \/>\n\n<style type=\"text\/css\" data-created_by=\"avia_inline_auto\" id=\"style-css-av-qawuk-5c72c371365399856d7e8ada8943e19b\">\n#top .av-special-heading.av-qawuk-5c72c371365399856d7e8ada8943e19b{\npadding-bottom:10px;\n}\nbody .av-special-heading.av-qawuk-5c72c371365399856d7e8ada8943e19b .av-special-heading-tag .heading-char{\nfont-size:25px;\n}\n.av-special-heading.av-qawuk-5c72c371365399856d7e8ada8943e19b .av-subheading{\nfont-size:15px;\n}\n<\/style>\n<div  class='av-special-heading av-qawuk-5c72c371365399856d7e8ada8943e19b av-special-heading-h3 blockquote modern-quote  avia-builder-el-7  el_after_av_textblock  el_before_av_textblock '><h3 class='av-special-heading-tag'  >Des cours de formation continue<\/h3><div class=\"special-heading-border\"><div class=\"special-heading-inner-border\"><\/div><\/div><\/div><br \/>\n<section  class='av_textblock_section av-k2xhrlzc-7-ef74610a20522e3b05fb6501dcc58f3a' ><div class='avia_textblock' ><p>Chaque ann\u00e9e est organis\u00e9e une journ\u00e9e de formation continue \u00e0 l\u2019intention des accueillantes. Elles sont tenues d\u2019y assister.<\/p>\n<\/div><\/section><\/p><\/div>\n<style type=\"text\/css\" data-created_by=\"avia_inline_auto\" id=\"style-css-av-7e86l-4004ae192b5f407f00a3e851d293a8e4\">\n.flex_column.av-7e86l-4004ae192b5f407f00a3e851d293a8e4{\nborder-radius:0px 0px 0px 0px;\n-webkit-border-radius:0px 0px 0px 0px;\n-moz-border-radius:0px 0px 0px 0px;\n}\n<\/style>\n<div class='flex_column av-7e86l-4004ae192b5f407f00a3e851d293a8e4 av_one_half  avia-builder-el-9  el_after_av_one_half  el_before_av_one_half  flex_column_div av-zero-column-padding column-top-margin'   ><p>\n<style type=\"text\/css\" data-created_by=\"avia_inline_auto\" id=\"style-css-av-lpqv0-828336d20edef2f27448f29ffefe46da\">\n#top .av-special-heading.av-lpqv0-828336d20edef2f27448f29ffefe46da{\npadding-bottom:10px;\n}\nbody .av-special-heading.av-lpqv0-828336d20edef2f27448f29ffefe46da .av-special-heading-tag .heading-char{\nfont-size:25px;\n}\n.av-special-heading.av-lpqv0-828336d20edef2f27448f29ffefe46da .av-subheading{\nfont-size:15px;\n}\n<\/style>\n<div  class='av-special-heading av-lpqv0-828336d20edef2f27448f29ffefe46da av-special-heading-h3 blockquote modern-quote  avia-builder-el-10  el_before_av_textblock  avia-builder-el-first '><h3 class='av-special-heading-tag'  >Programme de la Formation de Base<\/h3><div class=\"special-heading-border\"><div class=\"special-heading-inner-border\"><\/div><\/div><\/div><br \/>\n<section  class='av_textblock_section av-k2xhrlzc-6-30ab2fca92a8514152e21d6e097aee4a' ><div class='avia_textblock' ><p>Les dates du prochain cours de base seront publi\u00e9s d\u00e8s qu&rsquo;elles auront \u00e9t\u00e9 fix\u00e9es.<\/p>\n<p><strong>Contact<\/strong><\/p>\n<p><a href=\"mailto:info@kibelac.org\">lac@accueildejour.ch<\/a><\/p>\n<p>T +41 79 912 84 93<\/p>\n<\/div><\/section><\/p><\/div>\n<style type=\"text\/css\" data-created_by=\"avia_inline_auto\" id=\"style-css-av-7e86l-5-4987234dc1d7af67df25811786966fb0\">\n.flex_column.av-7e86l-5-4987234dc1d7af67df25811786966fb0{\nborder-radius:0px 0px 0px 0px;\n-webkit-border-radius:0px 0px 0px 0px;\n-moz-border-radius:0px 0px 0px 0px;\n}\n<\/style>\n<div class='flex_column av-7e86l-5-4987234dc1d7af67df25811786966fb0 av_one_half  avia-builder-el-12  el_after_av_one_half  el_before_av_one_half  first flex_column_div av-zero-column-padding column-top-margin'   ><p>\n<style type=\"text\/css\" data-created_by=\"avia_inline_auto\" id=\"style-css-av-e5a7w-b450d796de29c78c365f53568d29b153\">\n#top .av-special-heading.av-e5a7w-b450d796de29c78c365f53568d29b153{\npadding-bottom:10px;\n}\nbody .av-special-heading.av-e5a7w-b450d796de29c78c365f53568d29b153 .av-special-heading-tag .heading-char{\nfont-size:25px;\n}\n.av-special-heading.av-e5a7w-b450d796de29c78c365f53568d29b153 .av-subheading{\nfont-size:15px;\n}\n<\/style>\n<div  class='av-special-heading av-e5a7w-b450d796de29c78c365f53568d29b153 av-special-heading-h3 blockquote modern-quote  avia-builder-el-13  el_before_av_textblock  avia-builder-el-first '><h3 class='av-special-heading-tag'  >Objectifs de la formation<\/h3><div class=\"special-heading-border\"><div class=\"special-heading-inner-border\"><\/div><\/div><\/div><br \/>\n<section  class='av_textblock_section av-k2xhrlzc-4-48ca9f6484824b604f968434f3122a20' ><div class='avia_textblock' ><ul>\n<li>Permettre la valorisation du travail de l&rsquo;assistante parentale.<\/li>\n<li>Acqu\u00e9rir ou approfondir des connaissances relatives aux besoins de l&rsquo;enfant: besoins vitaux, affectifs et cognitifs, et les appliquer dans les situations concr\u00e8tes.<\/li>\n<li>Echanger des id\u00e9es, des exp\u00e9riences, nouer des relations amicales et des liens de solidarit\u00e9 entre assistantes parentales mais aussi avec les membres de l&rsquo;association.<\/li>\n<li>Clarifier les motivations et s&rsquo;adapter \u00e0 cette nouvelle situation d&rsquo;assistante parentale.<\/li>\n<li>Conna\u00eetre les droits et les devoirs li\u00e9s \u00e0 l&rsquo;accueil familial de jour.<\/li>\n<li>Permettre de comprendre les cons\u00e9quences de la s\u00e9paration et d&rsquo;en tenir compte dans la prise en charge de l&rsquo;enfant.<\/li>\n<\/ul>\n<\/div><\/section><\/p><\/div>\n<style type=\"text\/css\" data-created_by=\"avia_inline_auto\" id=\"style-css-av-7e86l-3-543640c502600a91f5cc7c102122439d\">\n.flex_column.av-7e86l-3-543640c502600a91f5cc7c102122439d{\nborder-radius:0px 0px 0px 0px;\n-webkit-border-radius:0px 0px 0px 0px;\n-moz-border-radius:0px 0px 0px 0px;\n}\n<\/style>\n<div class='flex_column av-7e86l-3-543640c502600a91f5cc7c102122439d av_one_half  avia-builder-el-15  el_after_av_one_half  avia-builder-el-last  flex_column_div av-zero-column-padding column-top-margin'   ><p>\n<style type=\"text\/css\" data-created_by=\"avia_inline_auto\" id=\"style-css-av-77vto-c09bcff9f6ad062480815e9be057f1d9\">\n#top .av-special-heading.av-77vto-c09bcff9f6ad062480815e9be057f1d9{\npadding-bottom:10px;\n}\nbody .av-special-heading.av-77vto-c09bcff9f6ad062480815e9be057f1d9 .av-special-heading-tag .heading-char{\nfont-size:25px;\n}\n.av-special-heading.av-77vto-c09bcff9f6ad062480815e9be057f1d9 .av-subheading{\nfont-size:15px;\n}\n<\/style>\n<div  class='av-special-heading av-77vto-c09bcff9f6ad062480815e9be057f1d9 av-special-heading-h3 blockquote modern-quote  avia-builder-el-16  el_before_av_textblock  avia-builder-el-first '><h3 class='av-special-heading-tag'  >Programme de la Formation Continue<\/h3><div class=\"special-heading-border\"><div class=\"special-heading-inner-border\"><\/div><\/div><\/div><br \/>\n<section  class='av_textblock_section av-k2xhrlzc-2-db465106ca491b007cf8226f07fcb269' ><div class='avia_textblock' ><p>Les dates pour les cours de formation continue:<\/p>\n<p><strong>Ateliers <\/strong><\/p>\n<p><strong>Soir\u00e9es de rencontre <\/strong><\/p>\n<p><strong>Convention <\/strong><\/p>\n<\/div><\/section><br \/>\n<section  class='av_textblock_section av-k2xhrlzc-1-f1eccc02f55ff66bfec5882dd681099e' ><div class='avia_textblock' ><p><strong>Contact \u00a0<\/strong><a href=\"mailto:info@kibelac.org\">lac@accueildejour.org<\/a><\/p>\n<p>T +41 79 912 84 93<\/p>\n<\/div><\/section><\/p><\/div>\n","protected":false},"excerpt":{"rendered":"","protected":false},"author":1,"featured_media":0,"parent":132,"menu_order":0,"comment_status":"closed","ping_status":"closed","template":"","meta":{"wp_mapbox_gl_js_media":[],"footnotes":""},"class_list":["post-148","page","type-page","status-publish","hentry"],"_links":{"self":[{"href":"https:\/\/accueildejour.ch\/lac\/wp-json\/wp\/v2\/pages\/148","targetHints":{"allow":["GET"]}}],"collection":[{"href":"https:\/\/accueildejour.ch\/lac\/wp-json\/wp\/v2\/pages"}],"about":[{"href":"https:\/\/accueildejour.ch\/lac\/wp-json\/wp\/v2\/types\/page"}],"author":[{"embeddable":true,"href":"https:\/\/accueildejour.ch\/lac\/wp-json\/wp\/v2\/users\/1"}],"replies":[{"embeddable":true,"href":"https:\/\/accueildejour.ch\/lac\/wp-json\/wp\/v2\/comments?post=148"}],"version-history":[{"count":12,"href":"https:\/\/accueildejour.ch\/lac\/wp-json\/wp\/v2\/pages\/148\/revisions"}],"predecessor-version":[{"id":1906,"href":"https:\/\/accueildejour.ch\/lac\/wp-json\/wp\/v2\/pages\/148\/revisions\/1906"}],"up":[{"embeddable":true,"href":"https:\/\/accueildejour.ch\/lac\/wp-json\/wp\/v2\/pages\/132"}],"wp:attachment":[{"href":"https:\/\/accueildejour.ch\/lac\/wp-json\/wp\/v2\/media?parent=148"}],"curies":[{"name":"wp","href":"https:\/\/api.w.org\/{rel}","templated":true}]}}