{"id":132,"date":"2019-11-15T10:57:48","date_gmt":"2019-11-15T09:57:48","guid":{"rendered":"https:\/\/hr6vj3bsnln.preview.infomaniak.website\/lac\/?page_id=132"},"modified":"2024-06-28T17:05:00","modified_gmt":"2024-06-28T15:05:00","slug":"accueillir-un-enfant","status":"publish","type":"page","link":"https:\/\/accueildejour.ch\/lac\/accueillir-un-enfant\/","title":{"rendered":"Devenir accueillante"},"content":{"rendered":"<div id='full_slider_1'  class='avia-fullwidth-slider main_color avia-shadow   avia-builder-el-0  el_before_av_section  avia-builder-el-first   container_wrap fullsize'  ><div  class='avia-slideshow av-k34gqcfy-47631cc30dc4cc47836884cc18e9b627 av-control-hidden avia-slideshow-no scaling av_slideshow_full avia-fade-slider av-default-height-applied   avia-slideshow-1'  data-size='no scaling'  data-lightbox_size='large'  data-animation='fade'  data-conditional_play=''  data-ids='291'  data-video_counter='0'  data-autoplay='false'  data-bg_slider='false'  data-slide_height=''  data-handle='av_slideshow_full'  data-interval='5'  data-class=''  data-extra_class=' '  data-el_id=''  data-css_id=''  data-scroll_down=''  data-control_layout='av-control-hidden'  data-custom_markup=''  data-perma_caption=''  data-autoplay_stopper=''  data-image_attachment=''  data-min_height='0px'  data-lazy_loading='disabled'  data-default-height='16'  data-stretch=''  data-src=''  data-position='top left'  data-repeat='no-repeat'  data-attach='scroll'  data-img_scrset=''  data-av-desktop-hide=''  data-av-medium-hide=''  data-av-small-hide=''  data-av-mini-hide=''  data-id=''  data-custom_class=''  data-template_class=''  data-av_uid='av-k34gqcfy'  data-sc_version='1.0'  data-heading_tag=''  data-heading_class=''  ><ul class='avia-slideshow-inner ' style='padding-bottom: 16%;'><li  class='avia-slideshow-slide av-k34gqcfy-47631cc30dc4cc47836884cc18e9b627__0  av-single-slide slide-1 ' ><div data-rel='slideshow-1' class='avia-slide-wrap '   ><img decoding=\"async\" class=\"wp-image-291 avia-img-lazy-loading-not-291\"  src=\"https:\/\/accueildejour.ch\/wp-content\/uploads\/sites\/6\/2019\/11\/head03.jpg\" width=\"1500\" height=\"240\" title='head03' alt='' srcset=\"https:\/\/accueildejour.ch\/wp-content\/uploads\/sites\/6\/2019\/11\/head03.jpg 1500w, https:\/\/accueildejour.ch\/wp-content\/uploads\/sites\/6\/2019\/11\/head03-300x48.jpg 300w, https:\/\/accueildejour.ch\/wp-content\/uploads\/sites\/6\/2019\/11\/head03-768x123.jpg 768w, https:\/\/accueildejour.ch\/wp-content\/uploads\/sites\/6\/2019\/11\/head03-1030x165.jpg 1030w, https:\/\/accueildejour.ch\/wp-content\/uploads\/sites\/6\/2019\/11\/head03-705x113.jpg 705w\" sizes=\"(max-width: 1500px) 100vw, 1500px\" \/><div class='av-section-color-overlay' style='opacity: 0.5; background-color: #ffffff; '><\/div><\/div><\/li><\/ul><\/div><\/div>\n<div id='av_section_1'  class='avia-section av-mvxcd-61983ddb7020e3f42d47a1551719a640 main_color avia-section-default avia-no-border-styling  avia-builder-el-1  el_after_av_slideshow_full  avia-builder-el-last  avia-bg-style-scroll container_wrap fullsize'  ><div class='container av-section-cont-open' ><div class='template-page content  av-content-full alpha units'><div class='post-entry post-entry-type-page post-entry-132'><div class='entry-content-wrapper clearfix'>\n\n<style type=\"text\/css\" data-created_by=\"avia_inline_auto\" id=\"style-css-av-2h3nw-828534b748fec07c286598f1eb9194bb\">\n#top .av-special-heading.av-2h3nw-828534b748fec07c286598f1eb9194bb{\npadding-bottom:10px;\n}\nbody .av-special-heading.av-2h3nw-828534b748fec07c286598f1eb9194bb .av-special-heading-tag .heading-char{\nfont-size:25px;\n}\n.av-special-heading.av-2h3nw-828534b748fec07c286598f1eb9194bb .av-subheading{\nfont-size:15px;\n}\n<\/style>\n<div  class='av-special-heading av-2h3nw-828534b748fec07c286598f1eb9194bb av-special-heading-h1 blockquote modern-quote  avia-builder-el-2  el_before_av_textblock  avia-builder-el-first  av-linked-heading'><h1 class='av-special-heading-tag'  >Devenir accueillante<\/h1><div class=\"special-heading-border\"><div class=\"special-heading-inner-border\"><\/div><\/div><\/div>\n<section  class='av_textblock_section av-k2xhrlzc-505a710af023b1b52bec7ee04d68d7a0' ><div class='avia_textblock' ><p>Les mamans de jour agr\u00e9\u00e9es par notre association ont le titre d&rsquo;accueillante en milieu familial.<br \/>\nElles sont au b\u00e9n\u00e9fice d&rsquo;une formation reconnue et financ\u00e9e en partie par l&rsquo;Etat de Fribourg. Ce statut est une garantie d&rsquo;un accueil de qualit\u00e9.<\/p>\n<\/div><\/section>\n\n<style type=\"text\/css\" data-created_by=\"avia_inline_auto\" id=\"style-css-av-ganod-5246665ce531744c28692c47afc4dd13\">\n.flex_column.av-ganod-5246665ce531744c28692c47afc4dd13{\nborder-radius:0px 0px 0px 0px;\n-webkit-border-radius:0px 0px 0px 0px;\n-moz-border-radius:0px 0px 0px 0px;\n}\n<\/style>\n<div class='flex_column av-ganod-5246665ce531744c28692c47afc4dd13 av_one_half  avia-builder-el-4  el_after_av_textblock  el_before_av_one_half  first flex_column_div av-zero-column-padding column-top-margin'   ><p>\n<style type=\"text\/css\" data-created_by=\"avia_inline_auto\" id=\"style-css-av-kq2wc-32c583e4dc49fbd4ca4d24eb73db737a\">\n#top .av-special-heading.av-kq2wc-32c583e4dc49fbd4ca4d24eb73db737a{\npadding-bottom:10px;\n}\nbody .av-special-heading.av-kq2wc-32c583e4dc49fbd4ca4d24eb73db737a .av-special-heading-tag .heading-char{\nfont-size:25px;\n}\n.av-special-heading.av-kq2wc-32c583e4dc49fbd4ca4d24eb73db737a .av-subheading{\nfont-size:15px;\n}\n<\/style>\n<div  class='av-special-heading av-kq2wc-32c583e4dc49fbd4ca4d24eb73db737a av-special-heading-h3 blockquote modern-quote  avia-builder-el-5  el_before_av_textblock  avia-builder-el-first '><h3 class='av-special-heading-tag'  >Le r\u00f4le d\u2019une accueillante en milieu familial<\/h3><div class=\"special-heading-border\"><div class=\"special-heading-inner-border\"><\/div><\/div><\/div><br \/>\n<section  class='av_textblock_section av-k2xhrlzc-6-b92ae40e2742e252bfec9389c43eb992' ><div class='avia_textblock' ><p>L&rsquo;accueillante en milieu familial :<\/p>\n<ul>\n<li>accueille \u00e0 son domicile, un maximum de quatre petits enfants (y compris les siens non-scolaris\u00e9s);<\/li>\n<li>assume la responsabilit\u00e9 des enfants durant le temps de garde et leur consacre du temps;<\/li>\n<li>met \u00e0 disposition des enfants un espace convivial \u00e0 son domicile en leur offrant un environnement s\u00e9curisant;<\/li>\n<li>met \u00e0 contribution son cercle familial pour offrir aux enfants gard\u00e9s un milieu d&rsquo;accueil favorable \u00e0 son \u00e9panouissement.<\/li>\n<\/ul>\n<\/div><\/section><\/p><\/div>\n<style type=\"text\/css\" data-created_by=\"avia_inline_auto\" id=\"style-css-av-7e86l-4004ae192b5f407f00a3e851d293a8e4\">\n.flex_column.av-7e86l-4004ae192b5f407f00a3e851d293a8e4{\nborder-radius:0px 0px 0px 0px;\n-webkit-border-radius:0px 0px 0px 0px;\n-moz-border-radius:0px 0px 0px 0px;\n}\n<\/style>\n<div class='flex_column av-7e86l-4004ae192b5f407f00a3e851d293a8e4 av_one_half  avia-builder-el-7  el_after_av_one_half  el_before_av_one_half  flex_column_div av-zero-column-padding column-top-margin'   ><p>\n<style type=\"text\/css\" data-created_by=\"avia_inline_auto\" id=\"style-css-av-htpyc-9bbf94e0fa4090528af79968fa3d0fe4\">\n#top .av-special-heading.av-htpyc-9bbf94e0fa4090528af79968fa3d0fe4{\npadding-bottom:10px;\n}\nbody .av-special-heading.av-htpyc-9bbf94e0fa4090528af79968fa3d0fe4 .av-special-heading-tag .heading-char{\nfont-size:25px;\n}\n.av-special-heading.av-htpyc-9bbf94e0fa4090528af79968fa3d0fe4 .av-subheading{\nfont-size:15px;\n}\n<\/style>\n<div  class='av-special-heading av-htpyc-9bbf94e0fa4090528af79968fa3d0fe4 av-special-heading-h3 blockquote modern-quote  avia-builder-el-8  el_before_av_textblock  avia-builder-el-first '><h3 class='av-special-heading-tag'  >Les qualit\u00e9s d\u2019une accueillante en milieu familial<\/h3><div class=\"special-heading-border\"><div class=\"special-heading-inner-border\"><\/div><\/div><\/div><br \/>\n<section  class='av_textblock_section av-k2xhrlzc-5-192e55104da88f2e60a9cba6452c544d' ><div class='avia_textblock' ><p>L&rsquo;accueillante en milieu familial\u00a0doit:<\/p>\n<ul>\n<li>\u00eatre chaleureuse et motiv\u00e9e;<\/li>\n<li>avoir du plaisir et du temps \u00e0 partager avec les enfants qu&rsquo;elle accueille;<\/li>\n<li>faire preuve de respect, de compr\u00e9hension, de tol\u00e9rance, de patience ainsi que d&rsquo;ouverture au dialogue, envers les enfants qui lui sont confi\u00e9s et vis-\u00e0-vis des parents;<\/li>\n<li>avoir un sens de l&rsquo;organisation et de la coordination et faire preuve de souplesse;<\/li>\n<li>avoir la volont\u00e9 d&rsquo;apprendre et de se former en permanence.<\/li>\n<\/ul>\n<\/div><\/section><\/p><\/div>\n<style type=\"text\/css\" data-created_by=\"avia_inline_auto\" id=\"style-css-av-7e86l-4-a5f1b6e4aadf6a02e29c62da65baaaec\">\n.flex_column.av-7e86l-4-a5f1b6e4aadf6a02e29c62da65baaaec{\nborder-radius:0px 0px 0px 0px;\n-webkit-border-radius:0px 0px 0px 0px;\n-moz-border-radius:0px 0px 0px 0px;\n}\n<\/style>\n<div class='flex_column av-7e86l-4-a5f1b6e4aadf6a02e29c62da65baaaec av_one_half  avia-builder-el-10  el_after_av_one_half  el_before_av_one_half  first flex_column_div av-zero-column-padding column-top-margin'   ><p>\n<style type=\"text\/css\" data-created_by=\"avia_inline_auto\" id=\"style-css-av-ka6uqsi5-39e7ddce591e08e030b3c36ad67f2c06\">\n#top .av-special-heading.av-ka6uqsi5-39e7ddce591e08e030b3c36ad67f2c06{\npadding-bottom:10px;\n}\nbody .av-special-heading.av-ka6uqsi5-39e7ddce591e08e030b3c36ad67f2c06 .av-special-heading-tag .heading-char{\nfont-size:25px;\n}\n.av-special-heading.av-ka6uqsi5-39e7ddce591e08e030b3c36ad67f2c06 .av-subheading{\nfont-size:15px;\n}\n<\/style>\n<div  class='av-special-heading av-ka6uqsi5-39e7ddce591e08e030b3c36ad67f2c06 av-special-heading-h3 blockquote modern-quote  avia-builder-el-11  el_before_av_textblock  avia-builder-el-first '><h3 class='av-special-heading-tag'  >Notre association au service de l\u2019accueillante en milieu familial<\/h3><div class=\"special-heading-border\"><div class=\"special-heading-inner-border\"><\/div><\/div><\/div><br \/>\n<section  class='av_textblock_section av-k2xhrlzc-3-2192ddee6e21005ec7416c833beb89e8' ><div class='avia_textblock' ><p>C&rsquo;est par l&rsquo;interm\u00e9diaire de l&rsquo;association \u00e0 laquelle elle est affili\u00e9e que l&rsquo;accueillante en milieu familial\u00a0re\u00e7oit des mandats de garde pour les enfants.<br \/>\nPar ce biais, elle b\u00e9n\u00e9ficie:<\/p>\n<ul>\n<li>de conseils et d&rsquo;un accompagnement par une coordinatrice dipl\u00f4m\u00e9e;<\/li>\n<li>d&rsquo;une r\u00e9mun\u00e9ration garantie en fonction des heures de travail;<\/li>\n<li>d&rsquo;une couverture sociale l\u00e9gale (AVS\/AI, ass. ch\u00f4mage, ass. accident, RC);<\/li>\n<li>d&rsquo;une formation de base et d&rsquo;une formation continue de conseils et de soutien en mati\u00e8re d&rsquo;\u00e9ducation.<\/li>\n<\/ul>\n<\/div><\/section><\/p><\/div>\n<style type=\"text\/css\" data-created_by=\"avia_inline_auto\" id=\"style-css-av-7e86l-2-9b3d925e910270864a3bd4fd5ebaddf0\">\n.flex_column.av-7e86l-2-9b3d925e910270864a3bd4fd5ebaddf0{\nborder-radius:0px 0px 0px 0px;\n-webkit-border-radius:0px 0px 0px 0px;\n-moz-border-radius:0px 0px 0px 0px;\n}\n<\/style>\n<div class='flex_column av-7e86l-2-9b3d925e910270864a3bd4fd5ebaddf0 av_one_half  avia-builder-el-13  el_after_av_one_half  avia-builder-el-last  flex_column_div av-zero-column-padding column-top-margin'   ><p>\n<style type=\"text\/css\" data-created_by=\"avia_inline_auto\" id=\"style-css-av-16i70-e06880b7f693f6fae0f4e057e4b181a8\">\n#top .av-special-heading.av-16i70-e06880b7f693f6fae0f4e057e4b181a8{\npadding-bottom:10px;\n}\nbody .av-special-heading.av-16i70-e06880b7f693f6fae0f4e057e4b181a8 .av-special-heading-tag .heading-char{\nfont-size:25px;\n}\n.av-special-heading.av-16i70-e06880b7f693f6fae0f4e057e4b181a8 .av-subheading{\nfont-size:15px;\n}\n<\/style>\n<div  class='av-special-heading av-16i70-e06880b7f693f6fae0f4e057e4b181a8 av-special-heading-h3 blockquote modern-quote  avia-builder-el-14  el_before_av_textblock  avia-builder-el-first '><h3 class='av-special-heading-tag'  >Devenir accueillante en milieu familial<\/h3><div class=\"special-heading-border\"><div class=\"special-heading-inner-border\"><\/div><\/div><\/div><br \/>\n<section  class='av_textblock_section av-k2xhrlzc-1-f1eccc02f55ff66bfec5882dd681099e' ><div class='avia_textblock' ><p>L&rsquo;accueil d&rsquo;enfants \u00e0 votre domicile vous int\u00e9resse?<br \/>\nVous d\u00e9sirez entrer en contact avec notre association?<\/p>\n<p>Contactez nous par t\u00e9l\u00e9phone ou transmettez-nous vos coordonn\u00e9es \u00e0 l&rsquo;aide du formulaire de contact.<\/p>\n<p>La coordinatrice responsable de votre secteur vous contactera dans les meilleurs d\u00e9lais.<\/p>\n<\/div><\/section><\/p><\/div>\n","protected":false},"excerpt":{"rendered":"","protected":false},"author":1,"featured_media":0,"parent":0,"menu_order":0,"comment_status":"closed","ping_status":"closed","template":"","meta":{"wp_mapbox_gl_js_media":[],"footnotes":""},"class_list":["post-132","page","type-page","status-publish","hentry"],"_links":{"self":[{"href":"https:\/\/accueildejour.ch\/lac\/wp-json\/wp\/v2\/pages\/132","targetHints":{"allow":["GET"]}}],"collection":[{"href":"https:\/\/accueildejour.ch\/lac\/wp-json\/wp\/v2\/pages"}],"about":[{"href":"https:\/\/accueildejour.ch\/lac\/wp-json\/wp\/v2\/types\/page"}],"author":[{"embeddable":true,"href":"https:\/\/accueildejour.ch\/lac\/wp-json\/wp\/v2\/users\/1"}],"replies":[{"embeddable":true,"href":"https:\/\/accueildejour.ch\/lac\/wp-json\/wp\/v2\/comments?post=132"}],"version-history":[{"count":12,"href":"https:\/\/accueildejour.ch\/lac\/wp-json\/wp\/v2\/pages\/132\/revisions"}],"predecessor-version":[{"id":1765,"href":"https:\/\/accueildejour.ch\/lac\/wp-json\/wp\/v2\/pages\/132\/revisions\/1765"}],"wp:attachment":[{"href":"https:\/\/accueildejour.ch\/lac\/wp-json\/wp\/v2\/media?parent=132"}],"curies":[{"name":"wp","href":"https:\/\/api.w.org\/{rel}","templated":true}]}}