{"id":465,"date":"2019-11-13T17:19:44","date_gmt":"2019-11-13T16:19:44","guid":{"rendered":"https:\/\/hr6vj3bsnln.preview.infomaniak.website\/lac\/placer-son-enfant\/"},"modified":"2022-05-16T14:52:31","modified_gmt":"2022-05-16T12:52:31","slug":"sein-kind-anvertrauen","status":"publish","type":"page","link":"https:\/\/accueildejour.ch\/lac\/de\/sein-kind-anvertrauen\/","title":{"rendered":"Sein Kind anvertrauen"},"content":{"rendered":"<div id='full_slider_1'  class='avia-fullwidth-slider main_color avia-shadow   avia-builder-el-0  el_before_av_section  avia-builder-el-first   container_wrap fullsize'  ><div  class='avia-slideshow av-k3r287k5-86449f17917b94d2ccf3f7f240b29771 av-control-hidden avia-slideshow-no scaling av_slideshow_full avia-fade-slider av-default-height-applied   avia-slideshow-1'  data-size='no scaling'  data-lightbox_size='large'  data-animation='fade'  data-conditional_play=''  data-ids='288'  data-video_counter='0'  data-autoplay='false'  data-bg_slider='false'  data-slide_height=''  data-handle='av_slideshow_full'  data-interval='5'  data-class=''  data-extra_class=' '  data-el_id=''  data-css_id=''  data-scroll_down=''  data-control_layout='av-control-hidden'  data-custom_markup=''  data-perma_caption=''  data-autoplay_stopper=''  data-image_attachment=''  data-min_height='0px'  data-lazy_loading='disabled'  data-default-height='16'  data-stretch=''  data-src=''  data-position='top left'  data-repeat='no-repeat'  data-attach='scroll'  data-img_scrset=''  data-av-desktop-hide=''  data-av-medium-hide=''  data-av-small-hide=''  data-av-mini-hide=''  data-id=''  data-custom_class=''  data-template_class=''  data-av_uid='av-k3r287k5'  data-sc_version='1.0'  data-heading_tag=''  data-heading_class=''  ><ul class='avia-slideshow-inner ' style='padding-bottom: 16%;'><li  class='avia-slideshow-slide av-k3r287k5-86449f17917b94d2ccf3f7f240b29771__0  av-single-slide slide-1 ' ><div data-rel='slideshow-1' class='avia-slide-wrap '   ><img decoding=\"async\" class=\"wp-image-390 avia-img-lazy-loading-not-390\"  src=\"https:\/\/accueildejour.ch\/wp-content\/uploads\/sites\/6\/2019\/11\/head00.jpg\" width=\"1500\" height=\"240\" title='head00' alt='' srcset=\"https:\/\/accueildejour.ch\/wp-content\/uploads\/sites\/6\/2019\/11\/head00.jpg 1500w, https:\/\/accueildejour.ch\/wp-content\/uploads\/sites\/6\/2019\/11\/head00-300x48.jpg 300w, https:\/\/accueildejour.ch\/wp-content\/uploads\/sites\/6\/2019\/11\/head00-768x123.jpg 768w, https:\/\/accueildejour.ch\/wp-content\/uploads\/sites\/6\/2019\/11\/head00-1030x165.jpg 1030w, https:\/\/accueildejour.ch\/wp-content\/uploads\/sites\/6\/2019\/11\/head00-705x113.jpg 705w\" sizes=\"(max-width: 1500px) 100vw, 1500px\" \/><\/div><\/li><\/ul><\/div><\/div>\n<div id='av_section_1'  class='avia-section av-mvxcd-61983ddb7020e3f42d47a1551719a640 main_color avia-section-default avia-no-border-styling  avia-builder-el-1  el_after_av_slideshow_full  avia-builder-el-last  avia-bg-style-scroll container_wrap fullsize'  ><div class='container av-section-cont-open' ><div class='template-page content  av-content-full alpha units'><div class='post-entry post-entry-type-page post-entry-465'><div class='entry-content-wrapper clearfix'>\n\n<style type=\"text\/css\" data-created_by=\"avia_inline_auto\" id=\"style-css-av-k4ea5k1i-20656da3e921119896444df2c14e0c7d\">\n#top .av-special-heading.av-k4ea5k1i-20656da3e921119896444df2c14e0c7d{\npadding-bottom:10px;\n}\nbody .av-special-heading.av-k4ea5k1i-20656da3e921119896444df2c14e0c7d .av-special-heading-tag .heading-char{\nfont-size:25px;\n}\n.av-special-heading.av-k4ea5k1i-20656da3e921119896444df2c14e0c7d .av-subheading{\nfont-size:15px;\n}\n<\/style>\n<div  class='av-special-heading av-k4ea5k1i-20656da3e921119896444df2c14e0c7d av-special-heading-h1 blockquote modern-quote  avia-builder-el-2  el_before_av_one_half  avia-builder-el-first '><h1 class='av-special-heading-tag'  >Sein Kind anvertrauen<\/h1><div class=\"special-heading-border\"><div class=\"special-heading-inner-border\"><\/div><\/div><\/div>\n\n<style type=\"text\/css\" data-created_by=\"avia_inline_auto\" id=\"style-css-av-ganod-5246665ce531744c28692c47afc4dd13\">\n.flex_column.av-ganod-5246665ce531744c28692c47afc4dd13{\nborder-radius:0px 0px 0px 0px;\n-webkit-border-radius:0px 0px 0px 0px;\n-moz-border-radius:0px 0px 0px 0px;\n}\n<\/style>\n<div class='flex_column av-ganod-5246665ce531744c28692c47afc4dd13 av_one_half  avia-builder-el-3  el_after_av_heading  el_before_av_one_half  first flex_column_div av-zero-column-padding '   ><p>\n<style type=\"text\/css\" data-created_by=\"avia_inline_auto\" id=\"style-css-av-k4ea64ue-21108a27f46f7117afcd2be2361b8f13\">\n#top .av-special-heading.av-k4ea64ue-21108a27f46f7117afcd2be2361b8f13{\npadding-bottom:10px;\n}\nbody .av-special-heading.av-k4ea64ue-21108a27f46f7117afcd2be2361b8f13 .av-special-heading-tag .heading-char{\nfont-size:25px;\n}\n.av-special-heading.av-k4ea64ue-21108a27f46f7117afcd2be2361b8f13 .av-subheading{\nfont-size:15px;\n}\n<\/style>\n<div  class='av-special-heading av-k4ea64ue-21108a27f46f7117afcd2be2361b8f13 av-special-heading-h3 blockquote modern-quote  avia-builder-el-4  el_before_av_textblock  avia-builder-el-first '><h3 class='av-special-heading-tag'  >Vertrauen Sie Ihr Kind einer Tagesmutter an<\/h3><div class=\"special-heading-border\"><div class=\"special-heading-inner-border\"><\/div><\/div><\/div><br \/>\n<section  class='av_textblock_section av-k2xhrlzc-505a710af023b1b52bec7ee04d68d7a0' ><div class='avia_textblock' ><p>Die Entscheidung, sein Kind einer Tagesmutter anzuvertrauen, bedeutet:<\/p>\n<ul>\n<li>sich f\u00fcr eine Tagesbetreuung in famili\u00e4rer Umgebung zu entscheiden, bei der Sie die Tagesmutter ausw\u00e4hlen, welche sich um Ihr Kind k\u00fcmmern wird;<\/li>\n<li>die Sicherheit einer Betreuung von hoher Qualit\u00e4t zu haben;<\/li>\n<li>von einer nach Stunden abgerechneten Betreuung mit grosser zeitlicher Flexibilit\u00e4t (auch \u00dcbernachtungen m\u00f6glich) und einem an Ihr Einkommen angepassten Tarif zu profitieren;<\/li>\n<li>die Dienstleistungen eines Vereins nutzen zu k\u00f6nnen, welcher\u00a0 vom Kanton als Betreuungsst\u00e4tte f\u00fcr Kinder beauftragt;<\/li>\n<\/ul>\n<\/div><\/section><\/p><\/div>\n<style type=\"text\/css\" data-created_by=\"avia_inline_auto\" id=\"style-css-av-7e86l-4004ae192b5f407f00a3e851d293a8e4\">\n.flex_column.av-7e86l-4004ae192b5f407f00a3e851d293a8e4{\nborder-radius:0px 0px 0px 0px;\n-webkit-border-radius:0px 0px 0px 0px;\n-moz-border-radius:0px 0px 0px 0px;\n}\n<\/style>\n<div class='flex_column av-7e86l-4004ae192b5f407f00a3e851d293a8e4 av_one_half  avia-builder-el-6  el_after_av_one_half  el_before_av_one_half  flex_column_div av-zero-column-padding '   ><p>\n<style type=\"text\/css\" data-created_by=\"avia_inline_auto\" id=\"style-css-av-k4ea6v5w-d1320d15a1947eb939972ed6ec575d87\">\n#top .av-special-heading.av-k4ea6v5w-d1320d15a1947eb939972ed6ec575d87{\npadding-bottom:10px;\n}\nbody .av-special-heading.av-k4ea6v5w-d1320d15a1947eb939972ed6ec575d87 .av-special-heading-tag .heading-char{\nfont-size:25px;\n}\n.av-special-heading.av-k4ea6v5w-d1320d15a1947eb939972ed6ec575d87 .av-subheading{\nfont-size:15px;\n}\n<\/style>\n<div  class='av-special-heading av-k4ea6v5w-d1320d15a1947eb939972ed6ec575d87 av-special-heading-h3 blockquote modern-quote  avia-builder-el-7  el_before_av_textblock  avia-builder-el-first '><h3 class='av-special-heading-tag'  >Eine Betreuung, die Kinder f\u00f6rdert<\/h3><div class=\"special-heading-border\"><div class=\"special-heading-inner-border\"><\/div><\/div><\/div><br \/>\n<section  class='av_textblock_section av-k2xhrlzc-3ac8d66a7a076812773959909b7e285f' ><div class='avia_textblock' ><p>Das Kind wird ganz- oder halbtags von einer Tagesmutter betreut. Um sich entfalten und Vertrauen haben zu k\u00f6nnen, braucht das Kind:<\/p>\n<ul>\n<li>die M\u00f6glichkeit, mit seiner Zweitfamilie stabile Beziehungen aufbauen zu k\u00f6nnen;<\/li>\n<li>eine Eingew\u00f6hnungszeit, damit es seine Tagesfamilie und deren Umgebung kennen lernen und sich damit vertraut machen kann,<\/li>\n<li>das Gef\u00fchl, dass zwischen seinen Eltern und der Tagesfamilie eine gesunde Beziehung herrscht, insbesondere in Fragen der Erziehung;<\/li>\n<li>eine Vorbereitung durch seine Eltern auf die Trennungen und Ver\u00e4nderungen<\/li>\n<\/ul>\n<\/div><\/section><\/p><\/div>\n<style type=\"text\/css\" data-created_by=\"avia_inline_auto\" id=\"style-css-av-7e86l-2fae34a1df6df89a2bea4d1f1b64717b\">\n.flex_column.av-7e86l-2fae34a1df6df89a2bea4d1f1b64717b{\nborder-radius:0px 0px 0px 0px;\n-webkit-border-radius:0px 0px 0px 0px;\n-moz-border-radius:0px 0px 0px 0px;\n}\n<\/style>\n<div class='flex_column av-7e86l-2fae34a1df6df89a2bea4d1f1b64717b av_one_half  avia-builder-el-9  el_after_av_one_half  el_before_av_one_half  first flex_column_div av-zero-column-padding column-top-margin'   ><p>\n<style type=\"text\/css\" data-created_by=\"avia_inline_auto\" id=\"style-css-av-k4ea7ftr-0b4eaadede5be55bd0f288dbd337648d\">\n#top .av-special-heading.av-k4ea7ftr-0b4eaadede5be55bd0f288dbd337648d{\npadding-bottom:10px;\n}\nbody .av-special-heading.av-k4ea7ftr-0b4eaadede5be55bd0f288dbd337648d .av-special-heading-tag .heading-char{\nfont-size:25px;\n}\n.av-special-heading.av-k4ea7ftr-0b4eaadede5be55bd0f288dbd337648d .av-subheading{\nfont-size:15px;\n}\n<\/style>\n<div  class='av-special-heading av-k4ea7ftr-0b4eaadede5be55bd0f288dbd337648d av-special-heading-h3 blockquote modern-quote  avia-builder-el-10  el_before_av_textblock  avia-builder-el-first '><h3 class='av-special-heading-tag'  >Ein Engagement der Eltern<\/h3><div class=\"special-heading-border\"><div class=\"special-heading-inner-border\"><\/div><\/div><\/div><br \/>\n<section  class='av_textblock_section av-k2xhrlzc-505a710af023b1b52bec7ee04d68d7a0' ><div class='avia_textblock' ><p>Die Eltern verpflichten sich:<\/p>\n<ul>\n<li>den vertraglich vereinbarten Zeitplan einzuhalten;<\/li>\n<li>sich regelm\u00e4ssig Zeit zu nehmen um sich mit der Tagesmutter \u00fcber das Kind auszutauschen;<\/li>\n<li>f\u00fcr ihre eigenen Kinder selber verantwortlich zu bleiben und somit auch f\u00fcr die Wahl ihrer Betreuungsfamilie;<\/li>\n<\/ul>\n<\/div><\/section><\/p><\/div>\n<style type=\"text\/css\" data-created_by=\"avia_inline_auto\" id=\"style-css-av-7e86l-4004ae192b5f407f00a3e851d293a8e4\">\n.flex_column.av-7e86l-4004ae192b5f407f00a3e851d293a8e4{\nborder-radius:0px 0px 0px 0px;\n-webkit-border-radius:0px 0px 0px 0px;\n-moz-border-radius:0px 0px 0px 0px;\n}\n<\/style>\n<div class='flex_column av-7e86l-4004ae192b5f407f00a3e851d293a8e4 av_one_half  avia-builder-el-12  el_after_av_one_half  avia-builder-el-last  flex_column_div av-zero-column-padding column-top-margin'   ><p>\n<style type=\"text\/css\" data-created_by=\"avia_inline_auto\" id=\"style-css-av-k4ea83cb-10c023b9d0ebf66e8e58a51ab04799ae\">\n#top .av-special-heading.av-k4ea83cb-10c023b9d0ebf66e8e58a51ab04799ae{\npadding-bottom:10px;\n}\nbody .av-special-heading.av-k4ea83cb-10c023b9d0ebf66e8e58a51ab04799ae .av-special-heading-tag .heading-char{\nfont-size:25px;\n}\n.av-special-heading.av-k4ea83cb-10c023b9d0ebf66e8e58a51ab04799ae .av-subheading{\nfont-size:15px;\n}\n<\/style>\n<div  class='av-special-heading av-k4ea83cb-10c023b9d0ebf66e8e58a51ab04799ae av-special-heading-h3 blockquote modern-quote  avia-builder-el-13  el_before_av_textblock  avia-builder-el-first '><h3 class='av-special-heading-tag'  >Erschwingliche Tarife<\/h3><div class=\"special-heading-border\"><div class=\"special-heading-inner-border\"><\/div><\/div><\/div><br \/>\n<section  class='av_textblock_section av-k2xhrlzc-505a710af023b1b52bec7ee04d68d7a0' ><div class='avia_textblock' ><p>Die Tarife f\u00fcr die Kindesbetreuung durch eine Tagesmutter unseres Vereins werden aufgrund der finanziellen Verh\u00e4ltnisse der Eltern bestimmt. F\u00fcr detaillierte Informationen konsultieren Sie bitte ihre Gemeinde.<\/p>\n<\/div><\/section><\/p><\/div>\n","protected":false},"excerpt":{"rendered":"","protected":false},"author":1,"featured_media":0,"parent":0,"menu_order":0,"comment_status":"closed","ping_status":"closed","template":"","meta":{"wp_mapbox_gl_js_media":[],"footnotes":""},"class_list":["post-465","page","type-page","status-publish","hentry"],"_links":{"self":[{"href":"https:\/\/accueildejour.ch\/lac\/de\/wp-json\/wp\/v2\/pages\/465","targetHints":{"allow":["GET"]}}],"collection":[{"href":"https:\/\/accueildejour.ch\/lac\/de\/wp-json\/wp\/v2\/pages"}],"about":[{"href":"https:\/\/accueildejour.ch\/lac\/de\/wp-json\/wp\/v2\/types\/page"}],"author":[{"embeddable":true,"href":"https:\/\/accueildejour.ch\/lac\/de\/wp-json\/wp\/v2\/users\/1"}],"replies":[{"embeddable":true,"href":"https:\/\/accueildejour.ch\/lac\/de\/wp-json\/wp\/v2\/comments?post=465"}],"version-history":[{"count":6,"href":"https:\/\/accueildejour.ch\/lac\/de\/wp-json\/wp\/v2\/pages\/465\/revisions"}],"predecessor-version":[{"id":1889,"href":"https:\/\/accueildejour.ch\/lac\/de\/wp-json\/wp\/v2\/pages\/465\/revisions\/1889"}],"wp:attachment":[{"href":"https:\/\/accueildejour.ch\/lac\/de\/wp-json\/wp\/v2\/media?parent=465"}],"curies":[{"name":"wp","href":"https:\/\/api.w.org\/{rel}","templated":true}]}}