{"id":453,"date":"2019-11-15T16:39:24","date_gmt":"2019-11-15T15:39:24","guid":{"rendered":"https:\/\/hr6vj3bsnln.preview.infomaniak.website\/lac\/conditions-daccueil\/"},"modified":"2019-11-21T13:59:48","modified_gmt":"2019-11-21T12:59:48","slug":"aufnahmebedingungen","status":"publish","type":"page","link":"https:\/\/accueildejour.ch\/lac\/de\/aufnahmebedingungen\/","title":{"rendered":"Aufnahmebedingungen"},"content":{"rendered":"<div id='av_section_1'  class='avia-section av-mvxcd-61983ddb7020e3f42d47a1551719a640 main_color avia-section-default avia-no-border-styling  avia-builder-el-0  avia-builder-el-no-sibling  avia-bg-style-scroll container_wrap fullsize'  ><div class='container av-section-cont-open' ><main  class='template-page content  av-content-full alpha units'><div class='post-entry post-entry-type-page post-entry-453'><div class='entry-content-wrapper clearfix'>\n\n<style type=\"text\/css\" data-created_by=\"avia_inline_auto\" id=\"style-css-av-av_heading-ceee6b281a9a99f74c0910001e9a37aa\">\n#top .av-special-heading.av-av_heading-ceee6b281a9a99f74c0910001e9a37aa{\npadding-bottom:10px;\n}\nbody .av-special-heading.av-av_heading-ceee6b281a9a99f74c0910001e9a37aa .av-special-heading-tag .heading-char{\nfont-size:25px;\n}\n.av-special-heading.av-av_heading-ceee6b281a9a99f74c0910001e9a37aa .av-subheading{\nfont-size:15px;\n}\n<\/style>\n<div  class='av-special-heading av-av_heading-ceee6b281a9a99f74c0910001e9a37aa av-special-heading-h1 blockquote modern-quote  avia-builder-el-1  el_before_av_textblock  avia-builder-el-first '><h1 class='av-special-heading-tag'  >Conditions d\u2019Accueil pour parents pla\u00e7ants<\/h1><div class=\"special-heading-border\"><div class=\"special-heading-inner-border\"><\/div><\/div><\/div>\n<section  class='av_textblock_section av-k2xhrlzc-505a710af023b1b52bec7ee04d68d7a0' ><div class='avia_textblock' ><p><b>Tout changement d\u2019adresse doit nous \u00eatre communiqu\u00e9 sans d\u00e9lai.<\/b><\/p>\n<\/div><\/section>\n\n<style type=\"text\/css\" data-created_by=\"avia_inline_auto\" id=\"style-css-av-ganod-5246665ce531744c28692c47afc4dd13\">\n.flex_column.av-ganod-5246665ce531744c28692c47afc4dd13{\nborder-radius:0px 0px 0px 0px;\n-webkit-border-radius:0px 0px 0px 0px;\n-moz-border-radius:0px 0px 0px 0px;\n}\n<\/style>\n<div class='flex_column av-ganod-5246665ce531744c28692c47afc4dd13 av_one_half  avia-builder-el-3  el_after_av_textblock  el_before_av_one_half  first flex_column_div av-zero-column-padding column-top-margin'   ><section  class='av_textblock_section av-k2xhrlzc-505a710af023b1b52bec7ee04d68d7a0' ><div class='avia_textblock' ><h3>01. FRAIS D\u2019INSCRIPTION<\/h3>\n<p>Les frais d\u2019inscription relatifs \u00e0 l\u2019ouverture du dossier s\u2019\u00e9l\u00e8vent \u00e0 Fr. 75.00<\/p>\n<p>Aucune recherche ne sera effectu\u00e9e avant le versement de ce montant.<\/p>\n<h3>02. TARIFS DE PENSION<\/h3>\n<p>Les tarifs sont applicables pour les heures de placement pendant la journ\u00e9e.<\/p>\n<p>Si l\u2019enfant reste exceptionnellement pour la nuit, un prix forfaitaire de Fr. 30.00 pour les heures de sommeil de l\u2019enfant est factur\u00e9.<\/p>\n<ul>\n<li>La contribution des parents est calcul\u00e9e sur la base du revenu fiscal imposable (code 4.91 du dernier avis de taxation) et de tout autre document utile permettant de d\u00e9terminer la capacit\u00e9 \u00e9conomique r\u00e9elle. (voir grille tarifaire d\u00e8s le 01.01.2017)<\/li>\n<li>Si les parents ne sont pas mari\u00e9s, c\u2019est l\u2019addition du revenu imposable de chacun qui est d\u00e9terminant. Lorsque le concubin n\u2019est pas le parent de l\u2019enfant gard\u00e9, son revenu imposable est \u00e9galement pris en compte.<\/li>\n<li>Les parents pla\u00e7ants sont tenus de fournir, au d\u00e9but du placement et ensuite chaque ann\u00e9e \u00e0 r\u00e9ception de la nouvelle taxation, des renseignements complets au secr\u00e9tariat pour la demande de subvention (dernier avis de taxation ou \u00e0 d\u00e9faut, copie de la d\u00e9claration d\u2019imp\u00f4t, ainsi que trois d\u00e9comptes de salaire r\u00e9cents). A d\u00e9faut, le plein tarif sera appliqu\u00e9 jusqu\u2019\u00e0 ce que des documents r\u00e9cents nous soient remis.<\/li>\n<li>En cas de changement de la capacit\u00e9 \u00e9conomique ou familial durant l\u2019ann\u00e9e, il est important de nous le faire savoir.<\/li>\n<li>Ces donn\u00e9es sont trait\u00e9es de mani\u00e8re confidentielle.<\/li>\n<li>Si les parents ne souhaitent pas pr\u00e9senter de justificatif de leur revenu, le prix maximum (plein tarif en vigueur) est alors automatiquement factur\u00e9.<\/li>\n<li>Il n\u2019y a pas de d\u00e9compte r\u00e9troactif de subventions si les parents pla\u00e7ants fournissent tardivement les documents demand\u00e9s.<\/li>\n<\/ul>\n<h3>03. TARIFS DES REPAS<\/h3>\n<p>Les repas sont int\u00e9gralement \u00e0 charge des parents. Ils sont indiqu\u00e9s s\u00e9par\u00e9ment et factur\u00e9s en m\u00eame temps que la garde de l\u2019enfant. Ils sont calcul\u00e9s en fonction de l\u2019\u00e2ge de l\u2019enfant selon le bar\u00e8me en vigueur.<\/p>\n<h3>04. HORAIRES<\/h3>\n<ul>\n<li>Les parents s\u2019engagent \u00e0 observer l\u2019horaire convenu. Si les heures pr\u00e9vues ne sont pas respect\u00e9es, l\u2019Association se r\u00e9serve le droit de les facturer.<\/li>\n<li>En cas de ch\u00f4mage, maladie, accident, cong\u00e9 maternit\u00e9 ou paternit\u00e9 de l\u2019un des parents pla\u00e7ants, l\u2019enfant doit \u00eatre plac\u00e9 au minimum \u00e0 60% de l\u2019horaire convenu lors de la signature du contrat.<\/li>\n<li>Les absences non excus\u00e9es au minimum 48 h. \u00e0 l\u2019avance seront enti\u00e8rement factur\u00e9es aux parents pla\u00e7ants au plein tarif en vigueur, sauf en cas de maladie de l\u2019enfant. L\u2019assistante parentale doit \u00eatre inform\u00e9e au plus vite de l\u2019absence de l\u2019enfant, la notification doit se faire par oral (SMS interdit).<\/li>\n<li>Le temps de garde factur\u00e9 d\u00e9bute \u00e0 l\u2019arriv\u00e9e de l\u2019enfant jusqu\u2019\u00e0 son d\u00e9part, arrondi au \u00bc d\u2019heure.<\/li>\n<\/ul>\n<h3>05. MODALITES DE PAIEMENT &amp; RAPPELS<\/h3>\n<p>Les parents s\u2019engagent \u00e0 respecter leurs obligations financi\u00e8res.<\/p>\n<p>Les factures sont toujours \u00e9dit\u00e9es vers le 15 du mois et concernent le mois pr\u00e9c\u00e9dent. Elles sont payables \u00e0 10 jours, soit imp\u00e9rativement avant la fin du mois courant. Si en raison de difficult\u00e9s particuli\u00e8res, les parents ne peuvent pas s\u2019en acquitter \u00e0 temps, ils doivent en aviser imm\u00e9diatement l\u2019Association afin de trouver une solution.<\/p>\n<p>Notre Association est \u00e0 but non lucratif et chaque facture impay\u00e9e fragilise nos finances !<\/p>\n<ul>\n<li>Un 1er rappel est envoy\u00e9 15 jours apr\u00e8s l\u2019\u00e9ch\u00e9ance, major\u00e9 de Fr. 10.00 de frais<\/li>\n<li>Un 2\u00e8me rappel est envoy\u00e9 15 jours apr\u00e8s le 1er, major\u00e9 de Fr. 50.00 de frais, avec pr\u00e9avis de mise en poursuite.<\/li>\n<li>A ce stade, l\u2019assistante parentale est avis\u00e9e que le placement peut prendre fin dans un d\u00e9lai tr\u00e8s court.<\/li>\n<li>Il n\u2019y a plus de 3\u00e8me rappel. Le placement est interrompu et les poursuites sont entam\u00e9es.<\/li>\n<\/ul>\n<\/div><\/section><\/div>\n<style type=\"text\/css\" data-created_by=\"avia_inline_auto\" id=\"style-css-av-ganod-5bc69c8b64d36870e286b2f2ec4911b0\">\n.flex_column.av-ganod-5bc69c8b64d36870e286b2f2ec4911b0{\nborder-radius:0px 0px 0px 0px;\n-webkit-border-radius:0px 0px 0px 0px;\n-moz-border-radius:0px 0px 0px 0px;\n}\n<\/style>\n<div class='flex_column av-ganod-5bc69c8b64d36870e286b2f2ec4911b0 av_one_half  avia-builder-el-5  el_after_av_one_half  avia-builder-el-last  flex_column_div av-zero-column-padding column-top-margin'   ><section  class='av_textblock_section av-k2xhrlzc-505a710af023b1b52bec7ee04d68d7a0' ><div class='avia_textblock' ><h3>06. COTISATION<\/h3>\n<p>Les parents pla\u00e7ants sont membres de notre Association et doivent, \u00e0 ce titre, s\u2019acquitter d\u2019une cotisation annuelle de Fr. 30.00.<\/p>\n<p>La cotisation est factur\u00e9e au d\u00e9but du placement, puis une fois par ann\u00e9e.<\/p>\n<h3>07. ASSURANCE RC<\/h3>\n<p>L\u2019Association est couverte par une RC d\u2019entreprise.<\/p>\n<p>Sont couverts par cette RC :<\/p>\n<ul>\n<li>la responsabilit\u00e9 civile de l\u2019assistante parentale envers l\u2019enfant gard\u00e9,<\/li>\n<li>la responsabilit\u00e9 personnelle des enfants gard\u00e9s par l\u2019assistante parentale, tant que ceux-ci sont sous sa garde.<\/li>\n<\/ul>\n<p>Ne sont pas couverts :<\/p>\n<ul>\n<li>les dommages aux jouets, aux objets de valeur et aux lunettes appartenant \u00e0 l\u2019assistante parentale ou \u00e0 l\u2019enfant gard\u00e9 par cette derni\u00e8re.<\/li>\n<\/ul>\n<h3>08. DISPOSITIONS SPECIALES<\/h3>\n<ul>\n<li>Les assistantes parentales sont autoris\u00e9es \u00e0 se d\u00e9placer en voiture, pour autant qu\u2019elles disposent d\u2019un si\u00e8ge adapt\u00e9 \u00e0 l\u2019\u00e2ge de l\u2019enfant.<\/li>\n<li>Les parents pla\u00e7ants sont tenus de communiquer \u00e0 leur assistante parentale les noms et adresse, num\u00e9ro de t\u00e9l\u00e9phone du m\u00e9decin traitant \/ p\u00e9diatre de leur(s) enfant(s).<\/li>\n<li>En cas d\u2019urgence, les assistantes parentales sont autoris\u00e9es \u00e0 appeler le m\u00e9decin de l\u2019enfant, \u00e0 le conduire \u00e0 l\u2019h\u00f4pital ou \u00e0 appeler une ambulance.<\/li>\n<li>En cas de maladie contagieuse de(s) l\u2019enfant(s) plac\u00e9(s), la situation sera \u00e9valu\u00e9e par les deux parties et\/ou la coordinatrice.<\/li>\n<li>Les parents pla\u00e7ants doivent informer l\u2019assistante parentale lorsqu\u2019une tierce personne vient chercher leur(s) enfant(s) \u00e0 leur place. Si tel n\u2019est pas le cas, l\u2019assistante parentale se verrait dans l\u2019obligation de garder l\u2019enfant chez elle jusqu\u2019\u00e0 ce qu\u2019elle ait re\u00e7u l\u2019accord des parents.<\/li>\n<li>En cas d\u2019absence subite de l\u2019assistante parentale, les enfants peuvent \u00eatre confi\u00e9s \u00e0 une autre assistante parentale du r\u00e9seau.<\/li>\n<\/ul>\n<h3>09. VACANCES<\/h3>\n<ul>\n<li>Les parents sont tenus d\u2019annoncer leurs vacances au minimum un mois \u00e0 l\u2019avance \u00e0 l\u2019assistante parentale.<\/li>\n<li>Lors des vacances de leur assistante parentale, les parents doivent pr\u00e9venir la coordinatrice au moins un mois \u00e0 l\u2019avance s\u2019ils d\u00e9sirent une assistante parentale rempla\u00e7ante.<\/li>\n<\/ul>\n<h3>10. CONTRAT DE PRISE EN CHARGE<\/h3>\n<ul>\n<li>Les parents pla\u00e7ants compl\u00e8tent et signent un contrat de prise en charge afin de permettre \u00e0 l\u2019Association d\u2019ouvrir un dossier et rechercher une solution d\u2019accueil.<\/li>\n<li>Ce contrat entre en vigueur d\u00e8s le 1er jour d\u2019accueil de(s) l\u2019enfant(s).<\/li>\n<li>Le premier mois de placement est consid\u00e9r\u00e9 comme temps d\u2019essai. Durant ce d\u00e9lai, le contrat est r\u00e9siliable en tout temps par les deux parties.<\/li>\n<li>Apr\u00e8s le temps d\u2019essai, chacune des parties peut r\u00e9silier le contrat par \u00e9crit et \u00e0 tout moment, moyennant un pr\u00e9avis d\u2019un mois pour la fin d\u2019un mois. Au cas o\u00f9 ce d\u00e9lai n\u2019\u00e9tait pas respect\u00e9, l\u2019Association se r\u00e9serve le droit de facturer 75% des heures, calcul\u00e9es sur une moyenne des six derniers mois, au tarif des parents.<\/li>\n<\/ul>\n<h3>11. DIVERS<\/h3>\n<p>Lorsque l\u2019assistante parentale cesse son activit\u00e9, les parents pla\u00e7ants doivent contacter l\u2019Association s\u2019ils d\u00e9sirent continuer leur collaboration avec une nouvelle assistante parentale.<br \/>\nEn cas de difficult\u00e9s, les parents ont le devoir d\u2019informer imm\u00e9diatement la coordinatrice de l\u2019Association, afin d\u2019essayer de tout mettre en \u0153uvre pour \u00e9viter un brusque arr\u00eat de placement qui pourrait \u00eatre pr\u00e9judiciable \u00e0 l\u2019enfant.<\/p>\n<p>Conditions d&#8217;accueil version 01.2017<\/p>\n<\/div><\/section><\/div>\n","protected":false},"excerpt":{"rendered":"","protected":false},"author":1,"featured_media":0,"parent":0,"menu_order":0,"comment_status":"closed","ping_status":"closed","template":"","meta":{"wp_mapbox_gl_js_media":[],"footnotes":""},"class_list":["post-453","page","type-page","status-publish","hentry"],"_links":{"self":[{"href":"https:\/\/accueildejour.ch\/lac\/de\/wp-json\/wp\/v2\/pages\/453","targetHints":{"allow":["GET"]}}],"collection":[{"href":"https:\/\/accueildejour.ch\/lac\/de\/wp-json\/wp\/v2\/pages"}],"about":[{"href":"https:\/\/accueildejour.ch\/lac\/de\/wp-json\/wp\/v2\/types\/page"}],"author":[{"embeddable":true,"href":"https:\/\/accueildejour.ch\/lac\/de\/wp-json\/wp\/v2\/users\/1"}],"replies":[{"embeddable":true,"href":"https:\/\/accueildejour.ch\/lac\/de\/wp-json\/wp\/v2\/comments?post=453"}],"version-history":[{"count":2,"href":"https:\/\/accueildejour.ch\/lac\/de\/wp-json\/wp\/v2\/pages\/453\/revisions"}],"predecessor-version":[{"id":1876,"href":"https:\/\/accueildejour.ch\/lac\/de\/wp-json\/wp\/v2\/pages\/453\/revisions\/1876"}],"wp:attachment":[{"href":"https:\/\/accueildejour.ch\/lac\/de\/wp-json\/wp\/v2\/media?parent=453"}],"curies":[{"name":"wp","href":"https:\/\/api.w.org\/{rel}","templated":true}]}}