{"id":447,"date":"2019-11-15T15:19:53","date_gmt":"2019-11-15T14:19:53","guid":{"rendered":"https:\/\/hr6vj3bsnln.preview.infomaniak.website\/lac\/qui-sommes-nous\/"},"modified":"2025-12-22T17:38:57","modified_gmt":"2025-12-22T16:38:57","slug":"wer-sind-wir","status":"publish","type":"page","link":"https:\/\/accueildejour.ch\/lac\/de\/wer-sind-wir\/","title":{"rendered":"Wer sind wir?"},"content":{"rendered":"<div id='full_slider_1'  class='avia-fullwidth-slider main_color avia-shadow   avia-builder-el-0  el_before_av_section  avia-builder-el-first   container_wrap fullsize'  ><div  class='avia-slideshow av-k34gqcfy-47631cc30dc4cc47836884cc18e9b627 av-control-hidden avia-slideshow-no scaling av_slideshow_full avia-fade-slider av-default-height-applied   avia-slideshow-1'  data-size='no scaling'  data-lightbox_size='large'  data-animation='fade'  data-conditional_play=''  data-ids='562'  data-video_counter='0'  data-autoplay='false'  data-bg_slider='false'  data-slide_height=''  data-handle='av_slideshow_full'  data-interval='5'  data-class=''  data-extra_class=' '  data-el_id=''  data-css_id=''  data-scroll_down=''  data-control_layout='av-control-hidden'  data-custom_markup=''  data-perma_caption=''  data-autoplay_stopper=''  data-image_attachment=''  data-min_height='0px'  data-lazy_loading='disabled'  data-default-height='16'  data-stretch=''  data-src=''  data-position='top left'  data-repeat='no-repeat'  data-attach='scroll'  data-img_scrset=''  data-av-desktop-hide=''  data-av-medium-hide=''  data-av-small-hide=''  data-av-mini-hide=''  data-id=''  data-custom_class=''  data-template_class=''  data-av_uid='av-k34gqcfy'  data-sc_version='1.0'  data-heading_tag=''  data-heading_class=''  ><ul class='avia-slideshow-inner ' style='padding-bottom: 16%;'><li  class='avia-slideshow-slide av-k34gqcfy-47631cc30dc4cc47836884cc18e9b627__0  av-single-slide slide-1 ' ><div data-rel='slideshow-1' class='avia-slide-wrap '   ><img decoding=\"async\" class=\"wp-image-563 avia-img-lazy-loading-not-563\"  src=\"https:\/\/accueildejour.ch\/wp-content\/uploads\/sites\/6\/2019\/12\/header-murten.jpg\" width=\"1500\" height=\"240\" title='header-murten' alt='' srcset=\"https:\/\/accueildejour.ch\/wp-content\/uploads\/sites\/6\/2019\/12\/header-murten.jpg 1500w, https:\/\/accueildejour.ch\/wp-content\/uploads\/sites\/6\/2019\/12\/header-murten-300x48.jpg 300w, https:\/\/accueildejour.ch\/wp-content\/uploads\/sites\/6\/2019\/12\/header-murten-768x123.jpg 768w, https:\/\/accueildejour.ch\/wp-content\/uploads\/sites\/6\/2019\/12\/header-murten-1030x165.jpg 1030w, https:\/\/accueildejour.ch\/wp-content\/uploads\/sites\/6\/2019\/12\/header-murten-705x113.jpg 705w\" sizes=\"(max-width: 1500px) 100vw, 1500px\" \/><div class='av-section-color-overlay' style='opacity: 0.2; background-color: #ffffff; '><\/div><\/div><\/li><\/ul><\/div><\/div>\n<div id='av_section_1'  class='avia-section av-mvxcd-61983ddb7020e3f42d47a1551719a640 main_color avia-section-default avia-no-border-styling  avia-builder-el-1  el_after_av_slideshow_full  avia-builder-el-last  avia-bg-style-scroll container_wrap fullsize'  ><div class='container av-section-cont-open' ><div class='template-page content  av-content-full alpha units'><div class='post-entry post-entry-type-page post-entry-447'><div class='entry-content-wrapper clearfix'>\n\n<style type=\"text\/css\" data-created_by=\"avia_inline_auto\" id=\"style-css-av-qdlj3-5a329e1afe1ba0e54e7d375a608a9f0e\">\n#top .av-special-heading.av-qdlj3-5a329e1afe1ba0e54e7d375a608a9f0e{\npadding-bottom:10px;\n}\nbody .av-special-heading.av-qdlj3-5a329e1afe1ba0e54e7d375a608a9f0e .av-special-heading-tag .heading-char{\nfont-size:25px;\n}\n.av-special-heading.av-qdlj3-5a329e1afe1ba0e54e7d375a608a9f0e .av-subheading{\nfont-size:15px;\n}\n<\/style>\n<div  class='av-special-heading av-qdlj3-5a329e1afe1ba0e54e7d375a608a9f0e av-special-heading-h1 blockquote modern-quote  avia-builder-el-2  el_before_av_one_half  avia-builder-el-first '><h1 class='av-special-heading-tag'  >Wer sind wir?<\/h1><div class=\"special-heading-border\"><div class=\"special-heading-inner-border\"><\/div><\/div><\/div>\n\n<style type=\"text\/css\" data-created_by=\"avia_inline_auto\" id=\"style-css-av-ganod-5246665ce531744c28692c47afc4dd13\">\n.flex_column.av-ganod-5246665ce531744c28692c47afc4dd13{\nborder-radius:0px 0px 0px 0px;\n-webkit-border-radius:0px 0px 0px 0px;\n-moz-border-radius:0px 0px 0px 0px;\n}\n<\/style>\n<div class='flex_column av-ganod-5246665ce531744c28692c47afc4dd13 av_one_half  avia-builder-el-3  el_after_av_heading  el_before_av_one_half  first flex_column_div av-zero-column-padding '   ><section  class='av_textblock_section av-k2xhrlzc-3ac8d66a7a076812773959909b7e285f' ><div class='avia_textblock' ><p>Die Betreuung in Tagesfamilien des Seebezirks ist eine private und gemeinn\u00fctzige Organisation, die 1996 gegr\u00fcndet wurde.<\/p>\n<p>Ihr Ziel ist es, in den Gemeinden des Seebezirks ausserfamili\u00e4re Kinderbetreuung anzubieten und die entsprechenden Tagesfamilien als auch die Tagesstrukturen zu beaufsichtigen.<\/p>\n<\/div><\/section><\/div>\n<style type=\"text\/css\" data-created_by=\"avia_inline_auto\" id=\"style-css-av-ganod-10-dbc1171ae30fb534661e6b7d8d4f255d\">\n.flex_column.av-ganod-10-dbc1171ae30fb534661e6b7d8d4f255d{\nborder-radius:0px 0px 0px 0px;\n-webkit-border-radius:0px 0px 0px 0px;\n-moz-border-radius:0px 0px 0px 0px;\n}\n<\/style>\n<div class='flex_column av-ganod-10-dbc1171ae30fb534661e6b7d8d4f255d av_one_half  avia-builder-el-5  el_after_av_one_half  el_before_av_hr  flex_column_div av-zero-column-padding '   ><section  class='av_textblock_section av-k2xhrlzc-9-e4592be38e6694984d27740465212d42' ><div class='avia_textblock' ><p>Die Betreuung in Tagesfamilien des Seebezirks setzt das Wohl des Kindes ins Zentrum. Die durch uns betreuten Kinder sollen ein m\u00f6glichst stabiles Umfeld ausserhalb der Familie haben und ein Vertrauensverh\u00e4ltnis zu den Betreuungspersonen aufbauen k\u00f6nnen. Die Vermittlerinnen platzieren die Kinder je nach Bedarf in einer der beiden Betreuungsform.<\/p>\n<\/div><\/section><\/div><div  class='hr av-vaf1o-f8749e14584946f69aeae10c64f6e619 hr-default  avia-builder-el-7  el_after_av_one_half  el_before_av_one_half '><span class='hr-inner '><span class=\"hr-inner-style\"><\/span><\/span><\/div>\n\n<style type=\"text\/css\" data-created_by=\"avia_inline_auto\" id=\"style-css-av-7e86l-2fae34a1df6df89a2bea4d1f1b64717b\">\n.flex_column.av-7e86l-2fae34a1df6df89a2bea4d1f1b64717b{\nborder-radius:0px 0px 0px 0px;\n-webkit-border-radius:0px 0px 0px 0px;\n-moz-border-radius:0px 0px 0px 0px;\n}\n<\/style>\n<div class='flex_column av-7e86l-2fae34a1df6df89a2bea4d1f1b64717b av_one_half  avia-builder-el-8  el_after_av_hr  el_before_av_one_half  first flex_column_div av-zero-column-padding '   ><p>\n<style type=\"text\/css\" data-created_by=\"avia_inline_auto\" id=\"style-css-av-ighn3-1c1dac35ae20f06398ee4ea51cd9312a\">\n#top .av-special-heading.av-ighn3-1c1dac35ae20f06398ee4ea51cd9312a{\npadding-bottom:10px;\n}\nbody .av-special-heading.av-ighn3-1c1dac35ae20f06398ee4ea51cd9312a .av-special-heading-tag .heading-char{\nfont-size:25px;\n}\n.av-special-heading.av-ighn3-1c1dac35ae20f06398ee4ea51cd9312a .av-subheading{\nfont-size:15px;\n}\n<\/style>\n<div  class='av-special-heading av-ighn3-1c1dac35ae20f06398ee4ea51cd9312a av-special-heading-h3 blockquote modern-quote  avia-builder-el-9  el_before_av_textblock  avia-builder-el-first '><h3 class='av-special-heading-tag'  >Gesch\u00e4ftsf\u00fchrerin<\/h3><div class=\"special-heading-border\"><div class=\"special-heading-inner-border\"><\/div><\/div><\/div><br \/>\n<section  class='av_textblock_section av-k2xhrlzc-8-6572291f516ea78c1025958cc39e3fd2' ><div class='avia_textblock' ><p><strong>Nathalie Simonet<\/strong><\/p>\n<p>W\u00e4hrend den Arbeitszeiten im B\u00fcro erreichbar<br \/>\nMontag, Mittwoch und Donnerstag<\/p>\n<p>T +41 79 354 62 99<\/p>\n<p><a href=\"mailto:nathalie.simonet@kibelac.org\">nathalie.simonet@accueildejour.ch<\/a><\/p>\n<\/div><\/section><\/p><\/div>\n<style type=\"text\/css\" data-created_by=\"avia_inline_auto\" id=\"style-css-av-7e86l-6-333b51fc398aa26e5e270badf8bccff1\">\n.flex_column.av-7e86l-6-333b51fc398aa26e5e270badf8bccff1{\nborder-radius:0px 0px 0px 0px;\n-webkit-border-radius:0px 0px 0px 0px;\n-moz-border-radius:0px 0px 0px 0px;\n}\n<\/style>\n<div class='flex_column av-7e86l-6-333b51fc398aa26e5e270badf8bccff1 av_one_half  avia-builder-el-11  el_after_av_one_half  el_before_av_heading  flex_column_div av-zero-column-padding '   ><p>\n<style type=\"text\/css\" data-created_by=\"avia_inline_auto\" id=\"style-css-av-g85nz-5a9cbe1b0cbd1a9e07aca24d5b5af9ee\">\n#top .av-special-heading.av-g85nz-5a9cbe1b0cbd1a9e07aca24d5b5af9ee{\npadding-bottom:10px;\n}\nbody .av-special-heading.av-g85nz-5a9cbe1b0cbd1a9e07aca24d5b5af9ee .av-special-heading-tag .heading-char{\nfont-size:25px;\n}\n.av-special-heading.av-g85nz-5a9cbe1b0cbd1a9e07aca24d5b5af9ee .av-subheading{\nfont-size:15px;\n}\n<\/style>\n<div  class='av-special-heading av-g85nz-5a9cbe1b0cbd1a9e07aca24d5b5af9ee av-special-heading-h3 blockquote modern-quote  avia-builder-el-12  el_before_av_textblock  avia-builder-el-first '><h3 class='av-special-heading-tag'  >Der Vorstand<\/h3><div class=\"special-heading-border\"><div class=\"special-heading-inner-border\"><\/div><\/div><\/div><br \/>\n<section  class='av_textblock_section av-k2xhrlzc-5-acd88f47034fa016de649b32634c4190' ><div class='avia_textblock' ><p><strong>Pr\u00e4sident<\/strong><\/p>\n<p><strong>Nico Sedonati | <\/strong>Finanzen \/ Jugendamt<br \/>\nT +41 79 205 13 37<br \/>\n<a href=\"mailto:nico.sedonati@kibelac.org\">nico.sedonati@kibelac.org<\/a><\/p>\n<p><strong>Mitglieder<\/strong><\/p>\n<p><strong>Sofia Suter | <\/strong>Vize-Pr\u00e4sidium \/ Vertretung abgebende Eltern<br \/>\nT +41 76 427 63 36<br \/>\n<a href=\"mailto:sofia.suter@kibelac.org\">sofia.suter@kibelac.org<\/a><\/p>\n<p><strong>Diane Andorlini |\u00a0<\/strong> Vertretung Gemeinderat Mont-Vully<br \/>\nT +41 78 749 90 67<br \/>\n<a href=\"mailto:d.andorlini@mont-vully-ch\">d.andorlini@mont-vully.ch<\/a><\/p>\n<p><strong>Jessica De Bernardini |\u00a0<\/strong> Vertretung Gemeinde Murten<br \/>\nT +41 79 894 32 35<br \/>\n<a href=\"mailto:jessica.debernardini@murten-morat.ch\">jessica.debernardini@murten-morat.ch<\/a><\/p>\n<p><strong>M\u00e9lanie Gubler |\u00a0<\/strong> Vertretung Gemeinderat Cressier und Eltern<br \/>\nT +41 76 503 76 97<br \/>\n<a href=\"mailto:melanie.gubler_cressier@ik.me\">melanie.gubler_cressier@ik.me<\/a><\/p>\n<\/div><\/section><\/p><\/div>\n<style type=\"text\/css\" data-created_by=\"avia_inline_auto\" id=\"style-css-av-8p9cn-a84cc446d3ce3dcce973fe3616d75131\">\n#top .av-special-heading.av-8p9cn-a84cc446d3ce3dcce973fe3616d75131{\npadding-bottom:10px;\n}\nbody .av-special-heading.av-8p9cn-a84cc446d3ce3dcce973fe3616d75131 .av-special-heading-tag .heading-char{\nfont-size:25px;\n}\n.av-special-heading.av-8p9cn-a84cc446d3ce3dcce973fe3616d75131 .av-subheading{\nfont-size:15px;\n}\n<\/style>\n<div  class='av-special-heading av-8p9cn-a84cc446d3ce3dcce973fe3616d75131 av-special-heading-h3 blockquote modern-quote  avia-builder-el-14  el_after_av_one_half  el_before_av_one_half '><h3 class='av-special-heading-tag'  >Die Vermitlerinnen<\/h3><div class=\"special-heading-border\"><div class=\"special-heading-inner-border\"><\/div><\/div><\/div>\n\n<style type=\"text\/css\" data-created_by=\"avia_inline_auto\" id=\"style-css-av-7e86l-4-a5f1b6e4aadf6a02e29c62da65baaaec\">\n.flex_column.av-7e86l-4-a5f1b6e4aadf6a02e29c62da65baaaec{\nborder-radius:0px 0px 0px 0px;\n-webkit-border-radius:0px 0px 0px 0px;\n-moz-border-radius:0px 0px 0px 0px;\n}\n<\/style>\n<div class='flex_column av-7e86l-4-a5f1b6e4aadf6a02e29c62da65baaaec av_one_half  avia-builder-el-15  el_after_av_heading  el_before_av_one_half  first flex_column_div av-zero-column-padding '   ><section  class='av_textblock_section av-k2xhrlzc-3-2192ddee6e21005ec7416c833beb89e8' ><div class='avia_textblock' ><p>Zwei Vermittlerinnen stehen Ihnen f\u00fcr die Koordination der Aufnahme Ihres Kindes zur Verf\u00fcgung.<\/p>\n<p>Aufgaben der Vermittlerinnen:<\/p>\n<ul>\n<li>Sie finden eine Tagemutter in der N\u00e4he des Wohnorts der Eltern, des Arbeitsplatzes der Eltern oder der Schule der Kinder<\/li>\n<li>Sie stellen den Kontakt zwischen der Tagesmutter und den Eltern her<\/li>\n<li>Sie informieren \u00fcber die Bedingungen der Aufnahme des Kindes<\/li>\n<li>Sie organisieren und begleiten die Aufnahme des Kindes<\/li>\n<li>Sie sorgen f\u00fcr eine stetige Beaufsichtigung der Kindesbetreuung<\/li>\n<\/ul>\n<\/div><\/section><\/div>\n<style type=\"text\/css\" data-created_by=\"avia_inline_auto\" id=\"style-css-av-7e86l-2-9b3d925e910270864a3bd4fd5ebaddf0\">\n.flex_column.av-7e86l-2-9b3d925e910270864a3bd4fd5ebaddf0{\nborder-radius:0px 0px 0px 0px;\n-webkit-border-radius:0px 0px 0px 0px;\n-moz-border-radius:0px 0px 0px 0px;\n}\n<\/style>\n<div class='flex_column av-7e86l-2-9b3d925e910270864a3bd4fd5ebaddf0 av_one_half  avia-builder-el-17  el_after_av_one_half  el_before_av_hr  flex_column_div av-zero-column-padding '   ><section  class='av_textblock_section av-k2xhrlzc-1-f1eccc02f55ff66bfec5882dd681099e' ><div class='avia_textblock' ><p>Vermittlerin f\u00fcr Tagesfamilien (deutsch)<\/p>\n<p><strong>Karin Rothen<\/strong><\/p>\n<p>T +41 79 245 93 34<br \/>\n<a href=\"mailto:karin.rothen@kibelac.org\">karin.rothen@accueildejour.ch<\/a><\/p>\n<p>Vermittlerin f\u00fcr Tagesfamilien\u00a0(franz\u00f6sisch)<\/p>\n<p><strong>Emmanuelle Burri<br \/>\n<\/strong><\/p>\n<p>T +41 79 897 66 15<br \/>\n<a href=\"mailto:emmanuelle.burri@kibelac.org\">emmanuelle.burri@accueildejour.ch<\/a><\/p>\n<\/div><\/section><\/div><div  class='hr av-vaf1o-7-6cc810bebaa04c35c0c4f0bb4322dbcc hr-default  avia-builder-el-19  el_after_av_one_half  avia-builder-el-last '><span class='hr-inner '><span class=\"hr-inner-style\"><\/span><\/span><\/div>\n\n","protected":false},"excerpt":{"rendered":"","protected":false},"author":1,"featured_media":0,"parent":0,"menu_order":0,"comment_status":"closed","ping_status":"closed","template":"","meta":{"wp_mapbox_gl_js_media":[],"footnotes":""},"class_list":["post-447","page","type-page","status-publish","hentry"],"_links":{"self":[{"href":"https:\/\/accueildejour.ch\/lac\/de\/wp-json\/wp\/v2\/pages\/447","targetHints":{"allow":["GET"]}}],"collection":[{"href":"https:\/\/accueildejour.ch\/lac\/de\/wp-json\/wp\/v2\/pages"}],"about":[{"href":"https:\/\/accueildejour.ch\/lac\/de\/wp-json\/wp\/v2\/types\/page"}],"author":[{"embeddable":true,"href":"https:\/\/accueildejour.ch\/lac\/de\/wp-json\/wp\/v2\/users\/1"}],"replies":[{"embeddable":true,"href":"https:\/\/accueildejour.ch\/lac\/de\/wp-json\/wp\/v2\/comments?post=447"}],"version-history":[{"count":23,"href":"https:\/\/accueildejour.ch\/lac\/de\/wp-json\/wp\/v2\/pages\/447\/revisions"}],"predecessor-version":[{"id":2221,"href":"https:\/\/accueildejour.ch\/lac\/de\/wp-json\/wp\/v2\/pages\/447\/revisions\/2221"}],"wp:attachment":[{"href":"https:\/\/accueildejour.ch\/lac\/de\/wp-json\/wp\/v2\/media?parent=447"}],"curies":[{"name":"wp","href":"https:\/\/api.w.org\/{rel}","templated":true}]}}