{"id":435,"date":"2019-11-15T11:12:17","date_gmt":"2019-11-15T10:12:17","guid":{"rendered":"https:\/\/hr6vj3bsnln.preview.infomaniak.website\/lac\/ein-kind-aufnehmen\/la-formation\/"},"modified":"2024-07-08T08:49:41","modified_gmt":"2024-07-08T06:49:41","slug":"die-ausbildung","status":"publish","type":"page","link":"https:\/\/accueildejour.ch\/lac\/de\/ein-kind-aufnehmen\/die-ausbildung\/","title":{"rendered":"Die Ausbildung"},"content":{"rendered":"<div id='full_slider_1'  class='avia-fullwidth-slider main_color avia-shadow   avia-builder-el-0  el_before_av_section  avia-builder-el-first   container_wrap fullsize'  ><div  class='avia-slideshow av-k34gqcfy-47631cc30dc4cc47836884cc18e9b627 av-control-hidden avia-slideshow-no scaling av_slideshow_full avia-fade-slider av-default-height-applied   avia-slideshow-1'  data-size='no scaling'  data-lightbox_size='large'  data-animation='fade'  data-conditional_play=''  data-ids='291'  data-video_counter='0'  data-autoplay='false'  data-bg_slider='false'  data-slide_height=''  data-handle='av_slideshow_full'  data-interval='5'  data-class=''  data-extra_class=' '  data-el_id=''  data-css_id=''  data-scroll_down=''  data-control_layout='av-control-hidden'  data-custom_markup=''  data-perma_caption=''  data-autoplay_stopper=''  data-image_attachment=''  data-min_height='0px'  data-lazy_loading='disabled'  data-default-height='16'  data-stretch=''  data-src=''  data-position='top left'  data-repeat='no-repeat'  data-attach='scroll'  data-img_scrset=''  data-av-desktop-hide=''  data-av-medium-hide=''  data-av-small-hide=''  data-av-mini-hide=''  data-id=''  data-custom_class=''  data-template_class=''  data-av_uid='av-k34gqcfy'  data-sc_version='1.0'  data-heading_tag=''  data-heading_class=''  ><ul class='avia-slideshow-inner ' style='padding-bottom: 16%;'><li  class='avia-slideshow-slide av-k34gqcfy-47631cc30dc4cc47836884cc18e9b627__0  av-single-slide slide-1 ' ><div data-rel='slideshow-1' class='avia-slide-wrap '   ><img decoding=\"async\" class=\"wp-image-393 avia-img-lazy-loading-not-393\"  src=\"https:\/\/accueildejour.ch\/wp-content\/uploads\/sites\/6\/2019\/11\/head03.jpg\" width=\"1500\" height=\"240\" title='head03' alt='' srcset=\"https:\/\/accueildejour.ch\/wp-content\/uploads\/sites\/6\/2019\/11\/head03.jpg 1500w, https:\/\/accueildejour.ch\/wp-content\/uploads\/sites\/6\/2019\/11\/head03-300x48.jpg 300w, https:\/\/accueildejour.ch\/wp-content\/uploads\/sites\/6\/2019\/11\/head03-768x123.jpg 768w, https:\/\/accueildejour.ch\/wp-content\/uploads\/sites\/6\/2019\/11\/head03-1030x165.jpg 1030w, https:\/\/accueildejour.ch\/wp-content\/uploads\/sites\/6\/2019\/11\/head03-705x113.jpg 705w\" sizes=\"(max-width: 1500px) 100vw, 1500px\" \/><div class='av-section-color-overlay' style='opacity: 0.5; background-color: #ffffff; '><\/div><\/div><\/li><\/ul><\/div><\/div>\n<div id='av_section_1'  class='avia-section av-mvxcd-61983ddb7020e3f42d47a1551719a640 main_color avia-section-default avia-no-border-styling  avia-builder-el-1  el_after_av_slideshow_full  avia-builder-el-last  avia-bg-style-scroll container_wrap fullsize'  ><div class='container av-section-cont-open' ><div class='template-page content  av-content-full alpha units'><div class='post-entry post-entry-type-page post-entry-435'><div class='entry-content-wrapper clearfix'>\n\n<style type=\"text\/css\" data-created_by=\"avia_inline_auto\" id=\"style-css-av-x9d9v-4e62f18e40a948aa1f58e88f9b9ae6ff\">\n#top .av-special-heading.av-x9d9v-4e62f18e40a948aa1f58e88f9b9ae6ff{\npadding-bottom:10px;\n}\nbody .av-special-heading.av-x9d9v-4e62f18e40a948aa1f58e88f9b9ae6ff .av-special-heading-tag .heading-char{\nfont-size:25px;\n}\n.av-special-heading.av-x9d9v-4e62f18e40a948aa1f58e88f9b9ae6ff .av-subheading{\nfont-size:15px;\n}\n<\/style>\n<div  class='av-special-heading av-x9d9v-4e62f18e40a948aa1f58e88f9b9ae6ff av-special-heading-h1 blockquote modern-quote  avia-builder-el-2  el_before_av_textblock  avia-builder-el-first '><h1 class='av-special-heading-tag'  >Die Ausbildung der Tagesm\u00fctter<\/h1><div class=\"special-heading-border\"><div class=\"special-heading-inner-border\"><\/div><\/div><\/div>\n<section  class='av_textblock_section av-k2xhrlzc-505a710af023b1b52bec7ee04d68d7a0' ><div class='avia_textblock' ><p>Um eine von unserem Verband anerkannte Tagesmutter zu werden, muss ein Kurs absolviert werden.<\/p>\n<p>Danach helfen Weiterbildungen dabei, sich stetig zu verbessern.<\/p>\n<\/div><\/section>\n\n<style type=\"text\/css\" data-created_by=\"avia_inline_auto\" id=\"style-css-av-ganod-5246665ce531744c28692c47afc4dd13\">\n.flex_column.av-ganod-5246665ce531744c28692c47afc4dd13{\nborder-radius:0px 0px 0px 0px;\n-webkit-border-radius:0px 0px 0px 0px;\n-moz-border-radius:0px 0px 0px 0px;\n}\n<\/style>\n<div class='flex_column av-ganod-5246665ce531744c28692c47afc4dd13 av_one_half  avia-builder-el-4  el_after_av_textblock  el_before_av_one_half  first flex_column_div av-zero-column-padding column-top-margin'   ><p>\n<style type=\"text\/css\" data-created_by=\"avia_inline_auto\" id=\"style-css-av-ssc7f-6cd43eeae373158e457c0ce5fd2b6b2d\">\n#top .av-special-heading.av-ssc7f-6cd43eeae373158e457c0ce5fd2b6b2d{\npadding-bottom:10px;\n}\nbody .av-special-heading.av-ssc7f-6cd43eeae373158e457c0ce5fd2b6b2d .av-special-heading-tag .heading-char{\nfont-size:25px;\n}\n.av-special-heading.av-ssc7f-6cd43eeae373158e457c0ce5fd2b6b2d .av-subheading{\nfont-size:15px;\n}\n<\/style>\n<div  class='av-special-heading av-ssc7f-6cd43eeae373158e457c0ce5fd2b6b2d av-special-heading-h3 blockquote modern-quote  avia-builder-el-5  el_before_av_textblock  avia-builder-el-first '><h3 class='av-special-heading-tag'  >Ein obligatorischer Grundkurs<\/h3><div class=\"special-heading-border\"><div class=\"special-heading-inner-border\"><\/div><\/div><\/div><br \/>\n<section  class='av_textblock_section av-k2xhrlzc-7-ef74610a20522e3b05fb6501dcc58f3a' ><div class='avia_textblock' ><p>Aufgabe der Tagesmutter ist es, die Kinder zu h\u00fcten, aber auch sie zu begleiten und zu ihrer pers\u00f6nlichen Entwicklung beizutragen, sie wenn n\u00f6tig zu besch\u00fctzen und zu pflegen.\u00a0Nebst gutem Willen und Zuneigung werden weitere Kompetenzen gefordert. Unser Verband erm\u00f6glicht jeder Tagesmutter, sich Kompetenzen anzueignen, die wichtig sind f\u00fcr die Beaufsichtigung von Kindern.<\/p>\n<p>Der Grundkurs wird j\u00e4hrlich durchgef\u00fchrt und die Weiterbildung wird sowohl intern wie auch extern sichergestellt. Die Grundausbildung sowie j\u00e4hrliche Weiterbildungen sind obligatorisch. Der Grundkurs geht \u00fcber 1 Freitag und 2 Samstage, jeweils den ganzen Tag. Die Weiterbildung findet\u00a0an einem Samstag pro Jahr, sowie an 2 Abenden (Fr\u00fchling\/Herbst) statt.<\/p>\n<\/div><\/section><\/p><\/div>\n<style type=\"text\/css\" data-created_by=\"avia_inline_auto\" id=\"style-css-av-7e86l-4004ae192b5f407f00a3e851d293a8e4\">\n.flex_column.av-7e86l-4004ae192b5f407f00a3e851d293a8e4{\nborder-radius:0px 0px 0px 0px;\n-webkit-border-radius:0px 0px 0px 0px;\n-moz-border-radius:0px 0px 0px 0px;\n}\n<\/style>\n<div class='flex_column av-7e86l-4004ae192b5f407f00a3e851d293a8e4 av_one_half  avia-builder-el-7  el_after_av_one_half  el_before_av_one_half  flex_column_div av-zero-column-padding column-top-margin'   ><p>\n<style type=\"text\/css\" data-created_by=\"avia_inline_auto\" id=\"style-css-av-lhoyj-783ef4ba97f0cfbc47961284a0345b8e\">\n#top .av-special-heading.av-lhoyj-783ef4ba97f0cfbc47961284a0345b8e{\npadding-bottom:10px;\n}\nbody .av-special-heading.av-lhoyj-783ef4ba97f0cfbc47961284a0345b8e .av-special-heading-tag .heading-char{\nfont-size:25px;\n}\n.av-special-heading.av-lhoyj-783ef4ba97f0cfbc47961284a0345b8e .av-subheading{\nfont-size:15px;\n}\n<\/style>\n<div  class='av-special-heading av-lhoyj-783ef4ba97f0cfbc47961284a0345b8e av-special-heading-h3 blockquote modern-quote  avia-builder-el-8  el_before_av_textblock  avia-builder-el-first '><h3 class='av-special-heading-tag'  >Programm der Grundausbildung<\/h3><div class=\"special-heading-border\"><div class=\"special-heading-inner-border\"><\/div><\/div><\/div><br \/>\n<section  class='av_textblock_section av-k2xhrlzc-6-30ab2fca92a8514152e21d6e097aee4a' ><div class='avia_textblock' ><p>Die Daten f\u00fcr den n\u00e4chsten Basiskurs werden publiziert, sobald sie festgelegt wurden.<\/p>\n<p><strong>Kontakt<\/strong><\/p>\n<p><a href=\"mailto:info@kibelac.org\">lac@accueildejour.ch<\/a><\/p>\n<p>T +41 79 912 84 93<\/p>\n<\/div><\/section><\/p><\/div>\n<style type=\"text\/css\" data-created_by=\"avia_inline_auto\" id=\"style-css-av-7e86l-5-4987234dc1d7af67df25811786966fb0\">\n.flex_column.av-7e86l-5-4987234dc1d7af67df25811786966fb0{\nborder-radius:0px 0px 0px 0px;\n-webkit-border-radius:0px 0px 0px 0px;\n-moz-border-radius:0px 0px 0px 0px;\n}\n<\/style>\n<div class='flex_column av-7e86l-5-4987234dc1d7af67df25811786966fb0 av_one_half  avia-builder-el-10  el_after_av_one_half  el_before_av_one_half  first flex_column_div av-zero-column-padding column-top-margin'   ><p>\n<style type=\"text\/css\" data-created_by=\"avia_inline_auto\" id=\"style-css-av-gf3nn-45b6ba08408fd43b034fd3ec8b55fc4c\">\n#top .av-special-heading.av-gf3nn-45b6ba08408fd43b034fd3ec8b55fc4c{\npadding-bottom:10px;\n}\nbody .av-special-heading.av-gf3nn-45b6ba08408fd43b034fd3ec8b55fc4c .av-special-heading-tag .heading-char{\nfont-size:25px;\n}\n.av-special-heading.av-gf3nn-45b6ba08408fd43b034fd3ec8b55fc4c .av-subheading{\nfont-size:15px;\n}\n<\/style>\n<div  class='av-special-heading av-gf3nn-45b6ba08408fd43b034fd3ec8b55fc4c av-special-heading-h3 blockquote modern-quote  avia-builder-el-11  el_before_av_textblock  avia-builder-el-first '><h3 class='av-special-heading-tag'  >Ziel der Ausbildung<\/h3><div class=\"special-heading-border\"><div class=\"special-heading-inner-border\"><\/div><\/div><\/div><br \/>\n<section  class='av_textblock_section av-k2xhrlzc-4-48ca9f6484824b604f968434f3122a20' ><div class='avia_textblock' ><ul>\n<li>Wertsch\u00e4tzung der Arbeit einer Tagesmutter.<\/li>\n<li>Kenntnisse rund um die Bed\u00fcrfnisse eines Kindes kennen lernen oder vertiefen: nat\u00fcrliche, affektive und kognitive Bed\u00fcrfnisse, und deren Anwendung in einzelnen Situationen.<\/li>\n<li>Austausch von Ideen, Erfahrungen, Freundschaften und Kontakte kn\u00fcpfen zwischen den Tagesm\u00fcttern und den Verbandsmitgliedern.<\/li>\n<li>Darlegen der Motivationen und Anpassung an die neue Situation als Tagesmutter.<\/li>\n<li>Die Rechte und Pflichten als Tagesmutter bzw. -familie kennen.<\/li>\n<li>Die Auswirkungen der Trennung des Kindes von den Eltern verstehen und bei der Betreuung darauf R\u00fccksicht nehmen.<\/li>\n<\/ul>\n<\/div><\/section><\/p><\/div>\n<style type=\"text\/css\" data-created_by=\"avia_inline_auto\" id=\"style-css-av-7e86l-3-543640c502600a91f5cc7c102122439d\">\n.flex_column.av-7e86l-3-543640c502600a91f5cc7c102122439d{\nborder-radius:0px 0px 0px 0px;\n-webkit-border-radius:0px 0px 0px 0px;\n-moz-border-radius:0px 0px 0px 0px;\n}\n<\/style>\n<div class='flex_column av-7e86l-3-543640c502600a91f5cc7c102122439d av_one_half  avia-builder-el-13  el_after_av_one_half  avia-builder-el-last  flex_column_div av-zero-column-padding column-top-margin'   ><p>\n<style type=\"text\/css\" data-created_by=\"avia_inline_auto\" id=\"style-css-av-7ce2z-585a4785ab4d898b3a7650d62a15af59\">\n#top .av-special-heading.av-7ce2z-585a4785ab4d898b3a7650d62a15af59{\npadding-bottom:10px;\n}\nbody .av-special-heading.av-7ce2z-585a4785ab4d898b3a7650d62a15af59 .av-special-heading-tag .heading-char{\nfont-size:25px;\n}\n.av-special-heading.av-7ce2z-585a4785ab4d898b3a7650d62a15af59 .av-subheading{\nfont-size:15px;\n}\n<\/style>\n<div  class='av-special-heading av-7ce2z-585a4785ab4d898b3a7650d62a15af59 av-special-heading-h3 blockquote modern-quote  avia-builder-el-14  el_before_av_textblock  avia-builder-el-first '><h3 class='av-special-heading-tag'  >Weiterbildungsprogramm<\/h3><div class=\"special-heading-border\"><div class=\"special-heading-inner-border\"><\/div><\/div><\/div><br \/>\n<section  class='av_textblock_section av-k2xhrlzc-2-db465106ca491b007cf8226f07fcb269' ><div class='avia_textblock' ><p><strong>Atelier<\/strong><\/p>\n<p><strong>Begegnungsabend<\/strong><\/p>\n<p><strong>Convention<\/strong><\/p>\n<\/div><\/section><br \/>\n<section  class='av_textblock_section av-k2xhrlzc-1-f1eccc02f55ff66bfec5882dd681099e' ><div class='avia_textblock' ><p><strong>Kontakt\u00a0 <\/strong><a href=\"mailto:info@kibelac.org\">lac@accueildejour.ch<\/a><\/p>\n<p>T +41 79 912 84 93<\/p>\n<\/div><\/section><\/p><\/div>\n","protected":false},"excerpt":{"rendered":"","protected":false},"author":1,"featured_media":0,"parent":413,"menu_order":0,"comment_status":"closed","ping_status":"closed","template":"","meta":{"wp_mapbox_gl_js_media":[],"footnotes":""},"class_list":["post-435","page","type-page","status-publish","hentry"],"_links":{"self":[{"href":"https:\/\/accueildejour.ch\/lac\/de\/wp-json\/wp\/v2\/pages\/435","targetHints":{"allow":["GET"]}}],"collection":[{"href":"https:\/\/accueildejour.ch\/lac\/de\/wp-json\/wp\/v2\/pages"}],"about":[{"href":"https:\/\/accueildejour.ch\/lac\/de\/wp-json\/wp\/v2\/types\/page"}],"author":[{"embeddable":true,"href":"https:\/\/accueildejour.ch\/lac\/de\/wp-json\/wp\/v2\/users\/1"}],"replies":[{"embeddable":true,"href":"https:\/\/accueildejour.ch\/lac\/de\/wp-json\/wp\/v2\/comments?post=435"}],"version-history":[{"count":8,"href":"https:\/\/accueildejour.ch\/lac\/de\/wp-json\/wp\/v2\/pages\/435\/revisions"}],"predecessor-version":[{"id":1881,"href":"https:\/\/accueildejour.ch\/lac\/de\/wp-json\/wp\/v2\/pages\/435\/revisions\/1881"}],"up":[{"embeddable":true,"href":"https:\/\/accueildejour.ch\/lac\/de\/wp-json\/wp\/v2\/pages\/413"}],"wp:attachment":[{"href":"https:\/\/accueildejour.ch\/lac\/de\/wp-json\/wp\/v2\/media?parent=435"}],"curies":[{"name":"wp","href":"https:\/\/api.w.org\/{rel}","templated":true}]}}