{"id":413,"date":"2019-11-15T10:57:48","date_gmt":"2019-11-15T09:57:48","guid":{"rendered":"https:\/\/hr6vj3bsnln.preview.infomaniak.website\/lac\/accueillir-un-enfant\/"},"modified":"2024-07-08T08:48:18","modified_gmt":"2024-07-08T06:48:18","slug":"ein-kind-aufnehmen","status":"publish","type":"page","link":"https:\/\/accueildejour.ch\/lac\/de\/ein-kind-aufnehmen\/","title":{"rendered":"Ein Kind aufnehmen"},"content":{"rendered":"<div id='full_slider_1'  class='avia-fullwidth-slider main_color avia-shadow   avia-builder-el-0  el_before_av_section  avia-builder-el-first   container_wrap fullsize'  ><div  class='avia-slideshow av-k34gqcfy-47631cc30dc4cc47836884cc18e9b627 av-control-hidden avia-slideshow-no scaling av_slideshow_full avia-fade-slider av-default-height-applied   avia-slideshow-1'  data-size='no scaling'  data-lightbox_size='large'  data-animation='fade'  data-conditional_play=''  data-ids='291'  data-video_counter='0'  data-autoplay='false'  data-bg_slider='false'  data-slide_height=''  data-handle='av_slideshow_full'  data-interval='5'  data-class=''  data-extra_class=' '  data-el_id=''  data-css_id=''  data-scroll_down=''  data-control_layout='av-control-hidden'  data-custom_markup=''  data-perma_caption=''  data-autoplay_stopper=''  data-image_attachment=''  data-min_height='0px'  data-lazy_loading='disabled'  data-default-height='16'  data-stretch=''  data-src=''  data-position='top left'  data-repeat='no-repeat'  data-attach='scroll'  data-img_scrset=''  data-av-desktop-hide=''  data-av-medium-hide=''  data-av-small-hide=''  data-av-mini-hide=''  data-id=''  data-custom_class=''  data-template_class=''  data-av_uid='av-k34gqcfy'  data-sc_version='1.0'  data-heading_tag=''  data-heading_class=''  ><ul class='avia-slideshow-inner ' style='padding-bottom: 16%;'><li  class='avia-slideshow-slide av-k34gqcfy-47631cc30dc4cc47836884cc18e9b627__0  av-single-slide slide-1 ' ><div data-rel='slideshow-1' class='avia-slide-wrap '   ><img decoding=\"async\" class=\"wp-image-393 avia-img-lazy-loading-not-393\"  src=\"https:\/\/accueildejour.ch\/wp-content\/uploads\/sites\/6\/2019\/11\/head03.jpg\" width=\"1500\" height=\"240\" title='head03' alt='' srcset=\"https:\/\/accueildejour.ch\/wp-content\/uploads\/sites\/6\/2019\/11\/head03.jpg 1500w, https:\/\/accueildejour.ch\/wp-content\/uploads\/sites\/6\/2019\/11\/head03-300x48.jpg 300w, https:\/\/accueildejour.ch\/wp-content\/uploads\/sites\/6\/2019\/11\/head03-768x123.jpg 768w, https:\/\/accueildejour.ch\/wp-content\/uploads\/sites\/6\/2019\/11\/head03-1030x165.jpg 1030w, https:\/\/accueildejour.ch\/wp-content\/uploads\/sites\/6\/2019\/11\/head03-705x113.jpg 705w\" sizes=\"(max-width: 1500px) 100vw, 1500px\" \/><div class='av-section-color-overlay' style='opacity: 0.5; background-color: #ffffff; '><\/div><\/div><\/li><\/ul><\/div><\/div>\n<div id='av_section_1'  class='avia-section av-mvxcd-61983ddb7020e3f42d47a1551719a640 main_color avia-section-default avia-no-border-styling  avia-builder-el-1  el_after_av_slideshow_full  avia-builder-el-last  avia-bg-style-scroll container_wrap fullsize'  ><div class='container av-section-cont-open' ><div class='template-page content  av-content-full alpha units'><div class='post-entry post-entry-type-page post-entry-413'><div class='entry-content-wrapper clearfix'>\n\n<style type=\"text\/css\" data-created_by=\"avia_inline_auto\" id=\"style-css-av-42vct-b08c299675a3ffeaf4f737cb65cea68d\">\n#top .av-special-heading.av-42vct-b08c299675a3ffeaf4f737cb65cea68d{\npadding-bottom:10px;\n}\nbody .av-special-heading.av-42vct-b08c299675a3ffeaf4f737cb65cea68d .av-special-heading-tag .heading-char{\nfont-size:25px;\n}\n.av-special-heading.av-42vct-b08c299675a3ffeaf4f737cb65cea68d .av-subheading{\nfont-size:15px;\n}\n<\/style>\n<div  class='av-special-heading av-42vct-b08c299675a3ffeaf4f737cb65cea68d av-special-heading-h1 blockquote modern-quote  avia-builder-el-2  el_before_av_two_third  avia-builder-el-first '><h1 class='av-special-heading-tag'  >Ein Kind aufnehmen<\/h1><div class=\"special-heading-border\"><div class=\"special-heading-inner-border\"><\/div><\/div><\/div>\n\n<style type=\"text\/css\" data-created_by=\"avia_inline_auto\" id=\"style-css-av-34em5-e4c6d9777c868e033507a189e5cbfd33\">\n.flex_column.av-34em5-e4c6d9777c868e033507a189e5cbfd33{\nborder-radius:0px 0px 0px 0px;\n-webkit-border-radius:0px 0px 0px 0px;\n-moz-border-radius:0px 0px 0px 0px;\n}\n<\/style>\n<div class='flex_column av-34em5-e4c6d9777c868e033507a189e5cbfd33 av_two_third  avia-builder-el-3  el_after_av_heading  el_before_av_one_half  first flex_column_div av-zero-column-padding '   ><section  class='av_textblock_section av-k2xhrlzc-505a710af023b1b52bec7ee04d68d7a0' ><div class='avia_textblock' ><p>Die von unserem Verein anerkannten Tagesm\u00fctter tragen den Titel &#8222;Tagesmutter&#8220;. Sie haben eine vom Kanton Freiburg anerkannte und teilweise von ihm finanzierte Ausbildung absolviert. Dieser Status ist Garantie f\u00fcr eine qualitativ hochstehende Kinderbetreuung.<\/p>\n<\/div><\/section><\/div>\n<style type=\"text\/css\" data-created_by=\"avia_inline_auto\" id=\"style-css-av-ganod-5246665ce531744c28692c47afc4dd13\">\n.flex_column.av-ganod-5246665ce531744c28692c47afc4dd13{\nborder-radius:0px 0px 0px 0px;\n-webkit-border-radius:0px 0px 0px 0px;\n-moz-border-radius:0px 0px 0px 0px;\n}\n<\/style>\n<div class='flex_column av-ganod-5246665ce531744c28692c47afc4dd13 av_one_half  avia-builder-el-5  el_after_av_two_third  el_before_av_one_half  first flex_column_div av-zero-column-padding column-top-margin'   ><p>\n<style type=\"text\/css\" data-created_by=\"avia_inline_auto\" id=\"style-css-av-owvct-e44f9bc9485296384d676c1c4e8164e2\">\n#top .av-special-heading.av-owvct-e44f9bc9485296384d676c1c4e8164e2{\npadding-bottom:10px;\n}\nbody .av-special-heading.av-owvct-e44f9bc9485296384d676c1c4e8164e2 .av-special-heading-tag .heading-char{\nfont-size:25px;\n}\n.av-special-heading.av-owvct-e44f9bc9485296384d676c1c4e8164e2 .av-subheading{\nfont-size:15px;\n}\n<\/style>\n<div  class='av-special-heading av-owvct-e44f9bc9485296384d676c1c4e8164e2 av-special-heading-h3 blockquote modern-quote  avia-builder-el-6  el_before_av_textblock  avia-builder-el-first '><h3 class='av-special-heading-tag'  >Die Rolle der Tagesmutter<\/h3><div class=\"special-heading-border\"><div class=\"special-heading-inner-border\"><\/div><\/div><\/div><br \/>\n<section  class='av_textblock_section av-k2xhrlzc-6-b92ae40e2742e252bfec9389c43eb992' ><div class='avia_textblock' ><ul>\n<li>betreut in ihrem Haus h\u00f6chstens 4 kleine Kinder (ihre eigenen Vorschulkinder inbegriffen);<\/li>\n<li>tr\u00e4gt w\u00e4hrend der Betreuung die Verantwortung f\u00fcr die Kinder und widmet ihnen Zeit;<\/li>\n<li>stellt den Kindern in ihrem Haus kindergerechten Raum in einer sicheren Umgebung zur Verf\u00fcgung;<\/li>\n<li>bezieht ihren Familienkreis mit ein um den betreuten Kindern eine Umfeld zu bieten, das deren Entfaltung f\u00f6rdert.<\/li>\n<\/ul>\n<\/div><\/section><\/p><\/div>\n<style type=\"text\/css\" data-created_by=\"avia_inline_auto\" id=\"style-css-av-7e86l-4004ae192b5f407f00a3e851d293a8e4\">\n.flex_column.av-7e86l-4004ae192b5f407f00a3e851d293a8e4{\nborder-radius:0px 0px 0px 0px;\n-webkit-border-radius:0px 0px 0px 0px;\n-moz-border-radius:0px 0px 0px 0px;\n}\n<\/style>\n<div class='flex_column av-7e86l-4004ae192b5f407f00a3e851d293a8e4 av_one_half  avia-builder-el-8  el_after_av_one_half  el_before_av_one_half  flex_column_div av-zero-column-padding column-top-margin'   ><p>\n<style type=\"text\/css\" data-created_by=\"avia_inline_auto\" id=\"style-css-av-2a191-ce8cdd0b7ee9a75faf6c68838c454a13\">\n#top .av-special-heading.av-2a191-ce8cdd0b7ee9a75faf6c68838c454a13{\npadding-bottom:10px;\n}\nbody .av-special-heading.av-2a191-ce8cdd0b7ee9a75faf6c68838c454a13 .av-special-heading-tag .heading-char{\nfont-size:25px;\n}\n.av-special-heading.av-2a191-ce8cdd0b7ee9a75faf6c68838c454a13 .av-subheading{\nfont-size:15px;\n}\n<\/style>\n<div  class='av-special-heading av-2a191-ce8cdd0b7ee9a75faf6c68838c454a13 av-special-heading-h3 blockquote modern-quote  avia-builder-el-9  el_before_av_textblock  avia-builder-el-first '><h3 class='av-special-heading-tag'  >Die Eigenschaften einer Tagesmutter<\/h3><div class=\"special-heading-border\"><div class=\"special-heading-inner-border\"><\/div><\/div><\/div><br \/>\n<section  class='av_textblock_section av-k2xhrlzc-5-192e55104da88f2e60a9cba6452c544d' ><div class='avia_textblock' ><ul>\n<li>herzlich und motiviert sein<\/li>\n<li>Freude und Zeit haben sich den betreuten Kindern zu widmen<\/li>\n<li>Respekt, Verst\u00e4ndnis, Toleranz, Geduld und Offenheit im Gespr\u00e4ch haben, sowohl gegen\u00fcber den betreuten Kindern als auch gegen\u00fcber deren Eltern<\/li>\n<li>Organisations- und Koordinationstalent haben sowie flexibel sein<\/li>\n<li>bereit sein zu lernen und sich st\u00e4ndig weiterzubilden<\/li>\n<\/ul>\n<\/div><\/section><\/p><\/div>\n<style type=\"text\/css\" data-created_by=\"avia_inline_auto\" id=\"style-css-av-7e86l-4-a5f1b6e4aadf6a02e29c62da65baaaec\">\n.flex_column.av-7e86l-4-a5f1b6e4aadf6a02e29c62da65baaaec{\nborder-radius:0px 0px 0px 0px;\n-webkit-border-radius:0px 0px 0px 0px;\n-moz-border-radius:0px 0px 0px 0px;\n}\n<\/style>\n<div class='flex_column av-7e86l-4-a5f1b6e4aadf6a02e29c62da65baaaec av_one_half  avia-builder-el-11  el_after_av_one_half  el_before_av_one_half  first flex_column_div av-zero-column-padding column-top-margin'   ><p>\n<style type=\"text\/css\" data-created_by=\"avia_inline_auto\" id=\"style-css-av-ho05h-c7e9934ec1bd380b9d05f56f46340c7c\">\n#top .av-special-heading.av-ho05h-c7e9934ec1bd380b9d05f56f46340c7c{\npadding-bottom:10px;\n}\nbody .av-special-heading.av-ho05h-c7e9934ec1bd380b9d05f56f46340c7c .av-special-heading-tag .heading-char{\nfont-size:25px;\n}\n.av-special-heading.av-ho05h-c7e9934ec1bd380b9d05f56f46340c7c .av-subheading{\nfont-size:15px;\n}\n<\/style>\n<div  class='av-special-heading av-ho05h-c7e9934ec1bd380b9d05f56f46340c7c av-special-heading-h3 blockquote modern-quote  avia-builder-el-12  el_before_av_textblock  avia-builder-el-first '><h3 class='av-special-heading-tag'  >Was unser Verein der Tagesmutter bietet<\/h3><div class=\"special-heading-border\"><div class=\"special-heading-inner-border\"><\/div><\/div><\/div><br \/>\n<section  class='av_textblock_section av-k2xhrlzc-3-2192ddee6e21005ec7416c833beb89e8' ><div class='avia_textblock' ><p>Die Tagesmutter erh\u00e4lt ihre Betreuungsmandate durch den Verein, dem sie angegliedert ist. Sie hat dadurch folgende Vorteile:<\/p>\n<ul>\n<li>Beratung und Unterst\u00fctzung durch eine diplomierte Koordinatorin<\/li>\n<li>ein garantiertes Sal\u00e4r nach Betreuungsstunden<\/li>\n<li>gesetzliche soziale Sicherheiten (AHV\/IV, ALV, Unfall- und Haftpflichtversicherung)<\/li>\n<li>Aus- und Weiterbildung, Beratung und Unterst\u00fctzung in Erziehungsfragen<\/li>\n<\/ul>\n<\/div><\/section><\/p><\/div>\n<style type=\"text\/css\" data-created_by=\"avia_inline_auto\" id=\"style-css-av-7e86l-2-9b3d925e910270864a3bd4fd5ebaddf0\">\n.flex_column.av-7e86l-2-9b3d925e910270864a3bd4fd5ebaddf0{\nborder-radius:0px 0px 0px 0px;\n-webkit-border-radius:0px 0px 0px 0px;\n-moz-border-radius:0px 0px 0px 0px;\n}\n<\/style>\n<div class='flex_column av-7e86l-2-9b3d925e910270864a3bd4fd5ebaddf0 av_one_half  avia-builder-el-14  el_after_av_one_half  avia-builder-el-last  flex_column_div av-zero-column-padding column-top-margin'   ><p>\n<style type=\"text\/css\" data-created_by=\"avia_inline_auto\" id=\"style-css-av-at39h-5529b1d325b6a59f9206e6d4b9eca56c\">\n#top .av-special-heading.av-at39h-5529b1d325b6a59f9206e6d4b9eca56c{\npadding-bottom:10px;\n}\nbody .av-special-heading.av-at39h-5529b1d325b6a59f9206e6d4b9eca56c .av-special-heading-tag .heading-char{\nfont-size:25px;\n}\n.av-special-heading.av-at39h-5529b1d325b6a59f9206e6d4b9eca56c .av-subheading{\nfont-size:15px;\n}\n<\/style>\n<div  class='av-special-heading av-at39h-5529b1d325b6a59f9206e6d4b9eca56c av-special-heading-h3 blockquote modern-quote  avia-builder-el-15  el_before_av_textblock  avia-builder-el-first '><h3 class='av-special-heading-tag'  >Tagesfamilie werden<\/h3><div class=\"special-heading-border\"><div class=\"special-heading-inner-border\"><\/div><\/div><\/div><br \/>\n<section  class='av_textblock_section av-k2xhrlzc-1-f1eccc02f55ff66bfec5882dd681099e' ><div class='avia_textblock' ><p>F\u00fchlen Sie sich angesprochen?<\/p>\n<p>M\u00f6chten Sie gerne Kinder in ihrer Familie betreuen?<\/p>\n<p>Rufen Sie uns doch w\u00e4hrend unseren Telefondienstzeiten an oder senden Sie uns Ihre Kontaktdaten mittels Kontaktsformular.<\/p>\n<p>Die f\u00fcr Ihren Bereich zust\u00e4ndige Vermittlerin wird Sie so rasch als m\u00f6glich kontaktieren.<\/p>\n<\/div><\/section><\/p><\/div>\n","protected":false},"excerpt":{"rendered":"","protected":false},"author":1,"featured_media":0,"parent":0,"menu_order":0,"comment_status":"closed","ping_status":"closed","template":"","meta":{"wp_mapbox_gl_js_media":[],"footnotes":""},"class_list":["post-413","page","type-page","status-publish","hentry"],"_links":{"self":[{"href":"https:\/\/accueildejour.ch\/lac\/de\/wp-json\/wp\/v2\/pages\/413","targetHints":{"allow":["GET"]}}],"collection":[{"href":"https:\/\/accueildejour.ch\/lac\/de\/wp-json\/wp\/v2\/pages"}],"about":[{"href":"https:\/\/accueildejour.ch\/lac\/de\/wp-json\/wp\/v2\/types\/page"}],"author":[{"embeddable":true,"href":"https:\/\/accueildejour.ch\/lac\/de\/wp-json\/wp\/v2\/users\/1"}],"replies":[{"embeddable":true,"href":"https:\/\/accueildejour.ch\/lac\/de\/wp-json\/wp\/v2\/comments?post=413"}],"version-history":[{"count":9,"href":"https:\/\/accueildejour.ch\/lac\/de\/wp-json\/wp\/v2\/pages\/413\/revisions"}],"predecessor-version":[{"id":1879,"href":"https:\/\/accueildejour.ch\/lac\/de\/wp-json\/wp\/v2\/pages\/413\/revisions\/1879"}],"wp:attachment":[{"href":"https:\/\/accueildejour.ch\/lac\/de\/wp-json\/wp\/v2\/media?parent=413"}],"curies":[{"name":"wp","href":"https:\/\/api.w.org\/{rel}","templated":true}]}}