{"id":156,"date":"2019-11-15T15:19:53","date_gmt":"2019-11-15T14:19:53","guid":{"rendered":"https:\/\/hr6vj3bsnln.preview.infomaniak.website\/basse-broye\/?page_id=156"},"modified":"2025-10-10T10:04:38","modified_gmt":"2025-10-10T08:04:38","slug":"qui-sommes-nous","status":"publish","type":"page","link":"https:\/\/accueildejour.ch\/basse-broye\/qui-sommes-nous\/","title":{"rendered":"Qui sommes-nous?"},"content":{"rendered":"<div id='full_slider_1'  class='avia-fullwidth-slider main_color avia-shadow   avia-builder-el-0  el_before_av_section  avia-builder-el-first   container_wrap fullsize'  ><div  class='avia-slideshow av-mgkjx1p1-2d4ab95dafe2865f65963018348a0843 av-control-hidden avia-slideshow-entry_without_sidebar av_slideshow_full avia-fade-slider av-default-height-applied   avia-slideshow-1'  data-size='entry_without_sidebar'  data-lightbox_size='large'  data-animation='fade'  data-conditional_play=''  data-ids='2071'  data-video_counter='0'  data-autoplay='false'  data-bg_slider='false'  data-slide_height=''  data-handle='av_slideshow_full'  data-interval='5'  data-class=''  data-extra_class=' '  data-el_id=''  data-css_id=''  data-scroll_down=''  data-control_layout='av-control-hidden'  data-custom_markup=''  data-perma_caption='aviaTBperma_caption'  data-autoplay_stopper=''  data-image_attachment=''  data-min_height='0px'  data-lazy_loading='disabled'  data-default-height='34.95867768595'  data-stretch=''  data-src=''  data-position='top left'  data-repeat='no-repeat'  data-attach='scroll'  data-img_scrset=''  data-av-desktop-hide=''  data-av-medium-hide=''  data-av-small-hide=''  data-av-mini-hide=''  data-id=''  data-custom_class=''  data-template_class=''  data-av_uid='av-mgkjx1p1'  data-sc_version='1.0'  data-heading_tag=''  data-heading_class=''  data-caption_override=''  ><ul class='avia-slideshow-inner ' style='padding-bottom: 34.95867768595%;'><li  class='avia-slideshow-slide av-mgkjx1p1-2d4ab95dafe2865f65963018348a0843__0  av-single-slide slide-1 ' ><div data-rel='slideshow-1' class='avia-slide-wrap '   ><img decoding=\"async\" class=\"wp-image-2071 avia-img-lazy-loading-not-2071\"  src=\"https:\/\/accueildejour.ch\/wp-content\/uploads\/sites\/5\/2025\/10\/Commune-de-St-Aubin-1210x423.jpg\" width=\"1210\" height=\"423\" title='Commune de St-Aubin' alt=''   \/><\/div><\/li><\/ul><\/div><\/div>\n<div id='av_section_1'  class='avia-section av-mvxcd-61983ddb7020e3f42d47a1551719a640 main_color avia-section-default avia-no-border-styling  avia-builder-el-1  el_after_av_slideshow_full  avia-builder-el-last  avia-bg-style-scroll container_wrap fullsize'  ><div class='container av-section-cont-open' ><div class='template-page content  av-content-full alpha units'><div class='post-entry post-entry-type-page post-entry-156'><div class='entry-content-wrapper clearfix'>\n\n<style type=\"text\/css\" data-created_by=\"avia_inline_auto\" id=\"style-css-av-r9jro-e9838da26de5f574dacb6c962914acd8\">\n#top .av-special-heading.av-r9jro-e9838da26de5f574dacb6c962914acd8{\npadding-bottom:10px;\n}\nbody .av-special-heading.av-r9jro-e9838da26de5f574dacb6c962914acd8 .av-special-heading-tag .heading-char{\nfont-size:25px;\n}\n.av-special-heading.av-r9jro-e9838da26de5f574dacb6c962914acd8 .av-subheading{\nfont-size:15px;\n}\n<\/style>\n<div  class='av-special-heading av-r9jro-e9838da26de5f574dacb6c962914acd8 av-special-heading-h1 blockquote modern-quote  avia-builder-el-2  el_before_av_one_half  avia-builder-el-first '><h1 class='av-special-heading-tag'  >Qui sommes-nous?<\/h1><div class=\"special-heading-border\"><div class=\"special-heading-inner-border\"><\/div><\/div><\/div>\n\n<style type=\"text\/css\" data-created_by=\"avia_inline_auto\" id=\"style-css-av-ganod-5246665ce531744c28692c47afc4dd13\">\n.flex_column.av-ganod-5246665ce531744c28692c47afc4dd13{\nborder-radius:0px 0px 0px 0px;\n-webkit-border-radius:0px 0px 0px 0px;\n-moz-border-radius:0px 0px 0px 0px;\n}\n<\/style>\n<div class='flex_column av-ganod-5246665ce531744c28692c47afc4dd13 av_one_half  avia-builder-el-3  el_after_av_heading  el_before_av_one_half  first flex_column_div av-zero-column-padding '   ><p><section  class='av_textblock_section av-k2xhrlzc-505a710af023b1b52bec7ee04d68d7a0' ><div class='avia_textblock' ><p>L&rsquo;Accueil Familial de Jour \u00ab\u00a0Les P&rsquo;tits Pruneaux\u00a0\u00bb a \u00e9t\u00e9 cr\u00e9\u00e9 en 2002.<\/p>\n<p>Par mandat, l&rsquo;Etat de Fribourg nous a confi\u00e9 de surveiller, contre r\u00e9mun\u00e9ration, les milieux d&rsquo;accueil \u00e0 la journ\u00e9e, conform\u00e9ment \u00e0 la l\u00e9gislation f\u00e9d\u00e9rale et cantonale relative au placement d&rsquo;enfants et \u00e0 la l\u00e9gislation f\u00e9d\u00e9rale et cantonale en mati\u00e8re de protection de l&rsquo;enfant.<\/p>\n<p>L&rsquo;Association organise, accompagne et surveille les placements. Elle choisit la famille d&rsquo;accueil selon des crit\u00e8res bien d\u00e9finis et offre une formation aux Accueillantes en milieu familial.<\/p>\n<p>Le si\u00e8ge de l&rsquo;Association se trouve \u00e0 St-Aubin.<\/p>\n<\/div><\/section><br \/>\n<div  class='avia-button-wrap avia-button-left  avia-builder-el-5  el_after_av_textblock  avia-builder-el-last ' ><a href='https:\/\/accueildejour.ch\/basse-broye\/documents-liens\/'  class='avia-button av-k446f91l-c605bcfddc6a540683b992550bb1d9b4 avia-icon_select-no avia-size-large avia-position-left avia-color-theme-color' ><span class='avia_iconbox_title' >Statuts<\/span><\/a><\/div><\/p><\/div>\n<style type=\"text\/css\" data-created_by=\"avia_inline_auto\" id=\"style-css-av-ganod-8-b1dbd9c9286596909cc4ec553c83c968\">\n.flex_column.av-ganod-8-b1dbd9c9286596909cc4ec553c83c968{\nborder-radius:0px 0px 0px 0px;\n-webkit-border-radius:0px 0px 0px 0px;\n-moz-border-radius:0px 0px 0px 0px;\n}\n<\/style>\n<div class='flex_column av-ganod-8-b1dbd9c9286596909cc4ec553c83c968 av_one_half  avia-builder-el-6  el_after_av_one_half  el_before_av_hr  flex_column_div av-zero-column-padding '   ><section  class='av_textblock_section av-k2xhrlzc-7-ef74610a20522e3b05fb6501dcc58f3a' ><div class='avia_textblock' ><p>L&rsquo;Association \u00ab\u00a0Les P&rsquo;tits Pruneaux\u00a0\u00bb a sign\u00e9 une convention avec les communes de la Basse-Broye, soit :<\/p>\n<ul>\n<li>Belmont-Broye (Domdidier, Dompierre, Russy, L\u00e9chelles)<\/li>\n<li>Delley-Portalban<\/li>\n<li>Gletterens<\/li>\n<li>St-Aubin<\/li>\n<li>Vallon.<\/li>\n<\/ul>\n<\/div><\/section><\/div><div  class='hr av-vaf1o-f8749e14584946f69aeae10c64f6e619 hr-default  avia-builder-el-8  el_after_av_one_half  el_before_av_one_third '><span class='hr-inner '><span class=\"hr-inner-style\"><\/span><\/span><\/div>\n\n<style type=\"text\/css\" data-created_by=\"avia_inline_auto\" id=\"style-css-av-7e86l-2fae34a1df6df89a2bea4d1f1b64717b\">\n.flex_column.av-7e86l-2fae34a1df6df89a2bea4d1f1b64717b{\nborder-radius:0px 0px 0px 0px;\n-webkit-border-radius:0px 0px 0px 0px;\n-moz-border-radius:0px 0px 0px 0px;\n}\n<\/style>\n<div class='flex_column av-7e86l-2fae34a1df6df89a2bea4d1f1b64717b av_one_third  avia-builder-el-9  el_after_av_hr  el_before_av_one_third  first flex_column_div av-zero-column-padding '   ><p>\n<style type=\"text\/css\" data-created_by=\"avia_inline_auto\" id=\"style-css-av-kyrf0-616a0356db5a5bae0a090a86d08742bf\">\n#top .av-special-heading.av-kyrf0-616a0356db5a5bae0a090a86d08742bf{\npadding-bottom:10px;\n}\nbody .av-special-heading.av-kyrf0-616a0356db5a5bae0a090a86d08742bf .av-special-heading-tag .heading-char{\nfont-size:25px;\n}\n.av-special-heading.av-kyrf0-616a0356db5a5bae0a090a86d08742bf .av-subheading{\nfont-size:15px;\n}\n<\/style>\n<div  class='av-special-heading av-kyrf0-616a0356db5a5bae0a090a86d08742bf av-special-heading-h3 blockquote modern-quote  avia-builder-el-10  el_before_av_textblock  avia-builder-el-first  av-linked-heading'><h3 class='av-special-heading-tag'  >Comit\u00e9<\/h3><div class=\"special-heading-border\"><div class=\"special-heading-inner-border\"><\/div><\/div><\/div><br \/>\n<section  class='av_textblock_section av-k2xhrlzc-6-30ab2fca92a8514152e21d6e097aee4a' ><div class='avia_textblock' ><p>Anne-Pascale COLLAUD | Pr\u00e9sidente St-Aubin<\/p>\n<p>Anita MOULLET | Vice-Pr\u00e9sidente Belmont-Broye<\/p>\n<p>Marie-Claire CORMINBOEUF | Membre Belmont-Broye<\/p>\n<p>Isabelle GUERRY | Membre Vallon<\/p>\n<p>Anne-Paule ROSSEL-SERIO | Membre Delley-Portalban<\/p>\n<p>Commune de Gletterens<\/p>\n<\/div><\/section><\/p><\/div>\n<style type=\"text\/css\" data-created_by=\"avia_inline_auto\" id=\"style-css-av-7e86l-4-e47bbed60df5fe3ba6f8ccd895f95170\">\n.flex_column.av-7e86l-4-e47bbed60df5fe3ba6f8ccd895f95170{\nborder-radius:0px 0px 0px 0px;\n-webkit-border-radius:0px 0px 0px 0px;\n-moz-border-radius:0px 0px 0px 0px;\n}\n<\/style>\n<div class='flex_column av-7e86l-4-e47bbed60df5fe3ba6f8ccd895f95170 av_one_third  avia-builder-el-12  el_after_av_one_third  el_before_av_one_third  flex_column_div av-zero-column-padding '   ><p>\n<style type=\"text\/css\" data-created_by=\"avia_inline_auto\" id=\"style-css-av-gelp0-07e6d6ce981f1075394fcc8236b08861\">\n#top .av-special-heading.av-gelp0-07e6d6ce981f1075394fcc8236b08861{\npadding-bottom:10px;\n}\nbody .av-special-heading.av-gelp0-07e6d6ce981f1075394fcc8236b08861 .av-special-heading-tag .heading-char{\nfont-size:25px;\n}\n.av-special-heading.av-gelp0-07e6d6ce981f1075394fcc8236b08861 .av-subheading{\nfont-size:15px;\n}\n<\/style>\n<div  class='av-special-heading av-gelp0-07e6d6ce981f1075394fcc8236b08861 av-special-heading-h3 blockquote modern-quote  avia-builder-el-13  el_before_av_textblock  avia-builder-el-first  av-linked-heading'><h3 class='av-special-heading-tag'  >Coordinatrices<\/h3><div class=\"special-heading-border\"><div class=\"special-heading-inner-border\"><\/div><\/div><\/div><br \/>\n<section  class='av_textblock_section av-k2xhrlzc-3-5cfe962aa9f9ac18003f29df06f01f11' ><div class='avia_textblock' ><p><strong>Emmanuelle HEIMANN<\/strong> <em>(pr\u00e9sence lundi matin, mardi matin, mercredi toute la journ\u00e9e, jeudi matin et vendredi matin)<\/em><\/p>\n<p><strong>Tiziana MORANDI<\/strong>\u00a0<em>(pr\u00e9sence lundi matin, mercredi toute la journ\u00e9e et vendredi matin)<\/em><\/p>\n<\/div><\/section><\/p><\/div>\n<style type=\"text\/css\" data-created_by=\"avia_inline_auto\" id=\"style-css-av-7e86l-2-9b3d925e910270864a3bd4fd5ebaddf0\">\n.flex_column.av-7e86l-2-9b3d925e910270864a3bd4fd5ebaddf0{\nborder-radius:0px 0px 0px 0px;\n-webkit-border-radius:0px 0px 0px 0px;\n-moz-border-radius:0px 0px 0px 0px;\n}\n<\/style>\n<div class='flex_column av-7e86l-2-9b3d925e910270864a3bd4fd5ebaddf0 av_one_third  avia-builder-el-15  el_after_av_one_third  el_before_av_hr  flex_column_div av-zero-column-padding '   ><p>\n<style type=\"text\/css\" data-created_by=\"avia_inline_auto\" id=\"style-css-av-7m9ks-920b12370532f31902d83f85aacbfde8\">\n#top .av-special-heading.av-7m9ks-920b12370532f31902d83f85aacbfde8{\npadding-bottom:10px;\n}\nbody .av-special-heading.av-7m9ks-920b12370532f31902d83f85aacbfde8 .av-special-heading-tag .heading-char{\nfont-size:25px;\n}\n.av-special-heading.av-7m9ks-920b12370532f31902d83f85aacbfde8 .av-subheading{\nfont-size:15px;\n}\n<\/style>\n<div  class='av-special-heading av-7m9ks-920b12370532f31902d83f85aacbfde8 av-special-heading-h3 blockquote modern-quote  avia-builder-el-16  el_before_av_textblock  avia-builder-el-first '><h3 class='av-special-heading-tag'  >Administration<\/h3><div class=\"special-heading-border\"><div class=\"special-heading-inner-border\"><\/div><\/div><\/div><br \/>\n<section  class='av_textblock_section av-k2xhrlzc-1-f1eccc02f55ff66bfec5882dd681099e' ><div class='avia_textblock' ><p>Laurence BALIACAS | Responsable administrative<\/p>\n<p><em>(pr\u00e9sence du lundi au vendredi selon la permanence t\u00e9l\u00e9phonique)<\/em><\/p>\n<\/div><\/section><\/p><\/div><div  class='hr av-vaf1o-5-de9a9a8c9bcc71777f87dd828b48d65c hr-default  avia-builder-el-18  el_after_av_one_third  avia-builder-el-last '><span class='hr-inner '><span class=\"hr-inner-style\"><\/span><\/span><\/div>\n\n","protected":false},"excerpt":{"rendered":"","protected":false},"author":1,"featured_media":0,"parent":0,"menu_order":0,"comment_status":"closed","ping_status":"closed","template":"","meta":{"wp_mapbox_gl_js_media":[],"footnotes":""},"class_list":["post-156","page","type-page","status-publish","hentry"],"_links":{"self":[{"href":"https:\/\/accueildejour.ch\/basse-broye\/wp-json\/wp\/v2\/pages\/156","targetHints":{"allow":["GET"]}}],"collection":[{"href":"https:\/\/accueildejour.ch\/basse-broye\/wp-json\/wp\/v2\/pages"}],"about":[{"href":"https:\/\/accueildejour.ch\/basse-broye\/wp-json\/wp\/v2\/types\/page"}],"author":[{"embeddable":true,"href":"https:\/\/accueildejour.ch\/basse-broye\/wp-json\/wp\/v2\/users\/1"}],"replies":[{"embeddable":true,"href":"https:\/\/accueildejour.ch\/basse-broye\/wp-json\/wp\/v2\/comments?post=156"}],"version-history":[{"count":58,"href":"https:\/\/accueildejour.ch\/basse-broye\/wp-json\/wp\/v2\/pages\/156\/revisions"}],"predecessor-version":[{"id":2063,"href":"https:\/\/accueildejour.ch\/basse-broye\/wp-json\/wp\/v2\/pages\/156\/revisions\/2063"}],"wp:attachment":[{"href":"https:\/\/accueildejour.ch\/basse-broye\/wp-json\/wp\/v2\/media?parent=156"}],"curies":[{"name":"wp","href":"https:\/\/api.w.org\/{rel}","templated":true}]}}