{"id":139,"date":"2019-11-15T11:03:54","date_gmt":"2019-11-15T10:03:54","guid":{"rendered":"https:\/\/hr6vj3bsnln.preview.infomaniak.website\/basse-broye\/?page_id=139"},"modified":"2019-12-11T11:03:22","modified_gmt":"2019-12-11T10:03:22","slug":"reglement-pour-les-assistantes-parentales","status":"publish","type":"page","link":"https:\/\/accueildejour.ch\/basse-broye\/accueillir-un-enfant\/reglement-pour-les-assistantes-parentales\/","title":{"rendered":"R\u00e9glement pour les assistantes parentales"},"content":{"rendered":"<div id='av_section_1'  class='avia-section av-mvxcd-61983ddb7020e3f42d47a1551719a640 main_color avia-section-default avia-no-border-styling  avia-builder-el-0  avia-builder-el-no-sibling  avia-bg-style-scroll container_wrap fullsize'  ><div class='container av-section-cont-open' ><main  class='template-page content  av-content-full alpha units'><div class='post-entry post-entry-type-page post-entry-139'><div class='entry-content-wrapper clearfix'>\n\n<style type=\"text\/css\" data-created_by=\"avia_inline_auto\" id=\"style-css-av-av_heading-35d70919e02b0cf0b036b533909ef7fe\">\n#top .av-special-heading.av-av_heading-35d70919e02b0cf0b036b533909ef7fe{\npadding-bottom:30px;\n}\nbody .av-special-heading.av-av_heading-35d70919e02b0cf0b036b533909ef7fe .av-special-heading-tag .heading-char{\nfont-size:25px;\n}\n.av-special-heading.av-av_heading-35d70919e02b0cf0b036b533909ef7fe .av-subheading{\nfont-size:15px;\n}\n<\/style>\n<div  class='av-special-heading av-av_heading-35d70919e02b0cf0b036b533909ef7fe av-special-heading-h1 blockquote modern-quote  avia-builder-el-1  el_before_av_one_half  avia-builder-el-first '><h1 class='av-special-heading-tag'  >R\u00e9glement<\/h1><div class=\"special-heading-border\"><div class=\"special-heading-inner-border\"><\/div><\/div><\/div>\n\n<style type=\"text\/css\" data-created_by=\"avia_inline_auto\" id=\"style-css-av-ganod-a949061c5c908d4a4dbfc2bdf34a9410\">\n.flex_column.av-ganod-a949061c5c908d4a4dbfc2bdf34a9410{\nborder-radius:0px 0px 0px 0px;\n-webkit-border-radius:0px 0px 0px 0px;\n-moz-border-radius:0px 0px 0px 0px;\n}\n<\/style>\n<div class='flex_column av-ganod-a949061c5c908d4a4dbfc2bdf34a9410 av_one_half  avia-builder-el-2  el_after_av_heading  el_before_av_one_half  first flex_column_div av-zero-column-padding '   ><section  class='av_textblock_section av-k2xhrlzc-505a710af023b1b52bec7ee04d68d7a0' ><div class='avia_textblock' ><h3>Ordonnance federale, article 12<\/h3>\n<p>\u00ab\u00a0Les personnes qui, publiquement, s&rsquo;offrent \u00e0 accueillir r\u00e9guli\u00e8rement dans leur foyer, \u00e0 la journ\u00e9e et contre r\u00e9num\u00e9ration, des enfants de moins de 12 ans doivent s&rsquo;annoncer \u00e0 l&rsquo;autorit\u00e9.\u00a0\u00bb<\/p>\n<h3>Activite de l&rsquo;assistante parentale<\/h3>\n<p>L&rsquo;assistante parentale accueille \u00e0 son domicile des enfants toute la journ\u00e9e, \u00e0 la demi-journ\u00e9e ou quelques heures par semaine. Elle assume les placements de mani\u00e8re durable.<\/p>\n<h3>Obligation de l&rsquo;assistante parentale<\/h3>\n<p>L&rsquo;assistante parentale est responsable durant le temps de garde des enfants accueillis. Elle b\u00e9n\u00e9ficie des assurances collectives RC et accidents conclues par l&rsquo;Association<\/p>\n<h3>Responsabilit\u00e9<\/h3>\n<p>L&rsquo;assistante parentale est tenue, de par son contrat de travail, de donner tous les soins n\u00e9cessaires au plein \u00e9panouissement des enfants qu&rsquo;elle accueille, en s&rsquo;occupant :<\/p>\n<ul>\n<li>de leurs jeux,<\/li>\n<li>de leur donner la possibilit\u00e9 d&rsquo;aller jouer dehors ou d&rsquo;aller se promener chaque fois que le temps le permet,<\/li>\n<li>de ne jamais les laisser seuls et sans surveillance,<\/li>\n<li>de discuter avec les parents de l&rsquo;organisation des repas et du temps de sommeil.<\/li>\n<\/ul>\n<p>Elle s&rsquo;engage \u00e0 ne les confier \u00e0 aucune autre personne, sauf accord des parents\u00a0 et de la coordinatrice. L&rsquo;assistante parentale doit prendre toutes les mesures n\u00e9cessaires pour veiller \u00e0 la s\u00e9curit\u00e9 des enfants gard\u00e9s. Elle s&rsquo;engage \u00e0 ne pas administrer des m\u00e9dicaments aux enfants qu&rsquo;elle accueille sans avoir au pr\u00e9alable demand\u00e9 l&rsquo;avis aux parents. L&rsquo;assistante parentale informe et demande l&rsquo;accord des parents pour toutes activit\u00e9s inhabituelles (piscine, cin\u00e9ma, long trajet). L&rsquo;assistante parentale s&rsquo;engage \u00e0 ne prendre en charge que les enfants plac\u00e9s par l&rsquo;Association, et ceci toujours en accord avec les coordinatrices.<\/p>\n<\/div><\/section><\/div>\n<style type=\"text\/css\" data-created_by=\"avia_inline_auto\" id=\"style-css-av-7e86l-4004ae192b5f407f00a3e851d293a8e4\">\n.flex_column.av-7e86l-4004ae192b5f407f00a3e851d293a8e4{\nborder-radius:0px 0px 0px 0px;\n-webkit-border-radius:0px 0px 0px 0px;\n-moz-border-radius:0px 0px 0px 0px;\n}\n<\/style>\n<div class='flex_column av-7e86l-4004ae192b5f407f00a3e851d293a8e4 av_one_half  avia-builder-el-4  el_after_av_one_half  avia-builder-el-last  flex_column_div av-zero-column-padding '   ><section  class='av_textblock_section av-k2xhrlzc-505a710af023b1b52bec7ee04d68d7a0' ><div class='avia_textblock' ><h3>Discretion<\/h3>\n<p>L&rsquo;assistante parentale est tenue au devoir de discr\u00e9tion quant aux informations et constatations relatives aux enfants gard\u00e9s et \u00e0 leurs parents, cela m\u00eame apr\u00e8s la fin des rapports de service. En cas de besoin, elle doit se confier \u00e0 la coordinatrice de l&rsquo;Association. Le manque de discr\u00e9tion est assimilable \u00e0 une faute grave pouvant entra\u00eener la r\u00e9siliation im\u00e9diate du contrat de travail.<\/p>\n<h3>Formation<\/h3>\n<p>L&rsquo;assistante parentale s&rsquo;engage \u00e0 suivre la formation de base et la formation continue en cours d&#8217;emploi.<br \/>\nElle re\u00e7oit une attestation de\u00a0\u00bbassistante parentale agr\u00e9\u00e9e\u00a0\u00bb pour autant qu&rsquo;elle poursuive sont activit\u00e9 professionnelle, qu&rsquo;elle ait termin\u00e9 sa formation de base et qu&rsquo;elle s&rsquo;engage \u00e0 poursuivre sa formation continue.<\/p>\n<h3>Concurrence deloyal<\/h3>\n<p>L&rsquo;assistante parentale qui cesse son activit\u00e9 aupr\u00e8s de notre Association ne peut pas exercer ce travail pour son propre compte avec des parents pr\u00e9sent\u00e9s par l&rsquo;Asssociation. Le cas \u00e9ch\u00e9ant, l&rsquo;Association peut demander un d\u00e9dommagement financier pouvant aller de fr.200.00 \u00e0 fr.1000.00.<\/p>\n<\/div><\/section><\/div>\n","protected":false},"excerpt":{"rendered":"","protected":false},"author":1,"featured_media":0,"parent":132,"menu_order":0,"comment_status":"closed","ping_status":"closed","template":"","meta":{"wp_mapbox_gl_js_media":[],"footnotes":""},"class_list":["post-139","page","type-page","status-publish","hentry"],"_links":{"self":[{"href":"https:\/\/accueildejour.ch\/basse-broye\/wp-json\/wp\/v2\/pages\/139","targetHints":{"allow":["GET"]}}],"collection":[{"href":"https:\/\/accueildejour.ch\/basse-broye\/wp-json\/wp\/v2\/pages"}],"about":[{"href":"https:\/\/accueildejour.ch\/basse-broye\/wp-json\/wp\/v2\/types\/page"}],"author":[{"embeddable":true,"href":"https:\/\/accueildejour.ch\/basse-broye\/wp-json\/wp\/v2\/users\/1"}],"replies":[{"embeddable":true,"href":"https:\/\/accueildejour.ch\/basse-broye\/wp-json\/wp\/v2\/comments?post=139"}],"version-history":[{"count":9,"href":"https:\/\/accueildejour.ch\/basse-broye\/wp-json\/wp\/v2\/pages\/139\/revisions"}],"predecessor-version":[{"id":1391,"href":"https:\/\/accueildejour.ch\/basse-broye\/wp-json\/wp\/v2\/pages\/139\/revisions\/1391"}],"up":[{"embeddable":true,"href":"https:\/\/accueildejour.ch\/basse-broye\/wp-json\/wp\/v2\/pages\/132"}],"wp:attachment":[{"href":"https:\/\/accueildejour.ch\/basse-broye\/wp-json\/wp\/v2\/media?parent=139"}],"curies":[{"name":"wp","href":"https:\/\/api.w.org\/{rel}","templated":true}]}}